{"id":605025,"date":"2025-08-10T18:01:12","date_gmt":"2025-08-10T16:01:12","guid":{"rendered":"https:\/\/lucacastelli.com\/prodotto\/milwaukee-debroussailleuse-bike-fil-lame-double-batterie-2x18v-m18-fuel\/"},"modified":"2025-08-10T18:01:12","modified_gmt":"2025-08-10T16:01:12","slug":"milwaukee-debroussailleuse-bike-fil-lame-double-batterie-2x18v-m18-fuel","status":"publish","type":"product","link":"https:\/\/lucacastelli.com\/fr\/produit\/milwaukee-debroussailleuse-bike-fil-lame-double-batterie-2x18v-m18-fuel\/","title":{"rendered":"MILWAUKEE D\u00e9broussailleuse Bike Fil\/Lame Double Batterie (2x18V) M18 FUEL\u2122"},"content":{"rendered":"<p>D\u00e9broussailleuse Bike Fil\/Lame Double Batterie (2x18V) M18 FUEL\u2122<br \/>\nM18 F2BCU-0 \/ OUTILS JARDIN<br \/>\nD\u00e9broussailleuse puissante et robuste con\u00e7ue pour \u00e9liminer l&#8217;herbe haute et dense, les mauvaises herbes et les broussailles \u00e9paisses ; La technologie M18 FUEL\u2122 permet \u00e0 l&#8217;outil de maintenir sa pleine vitesse sous contrainte, sans ralentir ; R\u00e9ponse instantan\u00e9e de l&#8217;acc\u00e9l\u00e9rateur pour un contr\u00f4le optimal et une productivit\u00e9 accrue ; Polyvalente : comprend une bobine avec fil pour une largeur de coupe de 38-43 cm et une lame \u00e0 3 dents pour les applications les plus difficiles ; 2 r\u00e9glages de vitesse (0-4900, 0-5500 tr\/min) pour des performances maximales ou une autonomie prolong\u00e9e ; Le dispositif de verrouillage pliable permet \u00e0 l&#8217;utilisateur d&#8217;ajuster rapidement la poign\u00e9e pour une position de travail ergonomique ; Design du prot\u00e8ge-d\u00e9broussailleuse optimis\u00e9 pour un meilleur confinement du mat\u00e9riau ; La technologie FUEL\u2122 red\u00e9finit les outils \u00e9lectriques sans fil. Le moteur brushless, l&#8217;\u00e9lectronique REDLINK PLUS\u2122 et le pack batterie REDLITHIUM\u2122 offrent des performances et une durabilit\u00e9 sup\u00e9rieures ; Fonctionne avec toutes les batteries M18\u2122 MILWAUKEE\u00ae <\/p>\n<p>4933480859<br \/>\n4058546411442<\/p>\n","protected":false},"excerpt":{"rendered":"<p>M18 F2BCU-0 \/ OUTILS JARDIN<\/p>\n","protected":false},"featured_media":590685,"template":"","meta":{"_seopress_robots_primary_cat":"","_seopress_titles_title":"","_seopress_titles_desc":"","_seopress_robots_index":""},"product_brand":[3407],"product_cat":[29,270,281],"product_tag":[3270],"class_list":{"0":"post-605025","1":"product","2":"type-product","3":"status-publish","4":"has-post-thumbnail","6":"product_brand-milwaukee","7":"product_cat-macchinari","8":"product_cat-decespugliatori-e-tagliabordi","9":"product_cat-decespugliatori-e-tagliabordi-a-batteria","10":"product_tag-import-milwau","11":"sws-conto-ricavi-merci-rivendita-macchinari-fr","12":"sws-gruppo-iva-iva81-fr","14":"first","15":"onbackorder","16":"sale","17":"shipping-taxable","18":"purchasable","19":"product-type-simple"},"_links":{"self":[{"href":"https:\/\/lucacastelli.com\/fr\/wp-json\/wp\/v2\/product\/605025","targetHints":{"allow":["GET"]}}],"collection":[{"href":"https:\/\/lucacastelli.com\/fr\/wp-json\/wp\/v2\/product"}],"about":[{"href":"https:\/\/lucacastelli.com\/fr\/wp-json\/wp\/v2\/types\/product"}],"wp:featuredmedia":[{"embeddable":true,"href":"https:\/\/lucacastelli.com\/fr\/wp-json\/wp\/v2\/media\/590685"}],"wp:attachment":[{"href":"https:\/\/lucacastelli.com\/fr\/wp-json\/wp\/v2\/media?parent=605025"}],"wp:term":[{"taxonomy":"product_brand","embeddable":true,"href":"https:\/\/lucacastelli.com\/fr\/wp-json\/wp\/v2\/product_brand?post=605025"},{"taxonomy":"product_cat","embeddable":true,"href":"https:\/\/lucacastelli.com\/fr\/wp-json\/wp\/v2\/product_cat?post=605025"},{"taxonomy":"product_tag","embeddable":true,"href":"https:\/\/lucacastelli.com\/fr\/wp-json\/wp\/v2\/product_tag?post=605025"}],"curies":[{"name":"wp","href":"https:\/\/api.w.org\/{rel}","templated":true}]}}