{"id":605018,"date":"2025-08-10T18:06:15","date_gmt":"2025-08-10T16:06:15","guid":{"rendered":"https:\/\/lucacastelli.com\/prodotto\/milwaukee-extension-debroussailleuse-a-lame-pour-multi-outil-m18-foph\/"},"modified":"2025-08-10T18:06:15","modified_gmt":"2025-08-10T16:06:15","slug":"milwaukee-extension-debroussailleuse-a-lame-pour-multi-outil-m18-foph","status":"publish","type":"product","link":"https:\/\/lucacastelli.com\/fr\/produit\/milwaukee-extension-debroussailleuse-a-lame-pour-multi-outil-m18-foph\/","title":{"rendered":"MILWAUKEE Extension D\u00e9broussailleuse \u00e0 lame pour multi-outil M18 FOPH"},"content":{"rendered":"<p>M18 FOPH-BCA \/OUTILS DE JARDIN<br \/>\nSp\u00e9cifique pour la coupe de pelouse, mauvaises herbes, buissons denses et arbustes;Design de la lame \u00e0 4 dents avec 23 cm de diam\u00e8tre pour la coupe de zones incultes;Design de la lame optimis\u00e9 pour un meilleur confinement du mat\u00e9riau coup\u00e9;Poign\u00e9e secondaire pour une meilleure prise et maniabilit\u00e9;Tige renforc\u00e9e pour une durabilit\u00e9 maximale;Vitesse maximale en moins de 1 seconde;Extension d\u00e9broussailleuse \u00e0 lame pour le Multi-outil M18 FOPH<\/p>\n<p>4932479986<br \/>\n4058546377809<\/p>\n","protected":false},"excerpt":{"rendered":"<p>M18 FOPH-BCA \/OUTILS DE JARDIN<\/p>\n","protected":false},"featured_media":545723,"template":"","meta":{"_seopress_robots_primary_cat":"","_seopress_titles_title":"","_seopress_titles_desc":"","_seopress_robots_index":""},"product_brand":[3407],"product_cat":[29,296],"product_tag":[3270],"class_list":{"0":"post-605018","1":"product","2":"type-product","3":"status-publish","4":"has-post-thumbnail","6":"product_brand-milwaukee","7":"product_cat-macchinari","8":"product_cat-sistemi-kombi-e-multi","9":"product_tag-import-milwau","10":"sws-conto-ricavi-merci-rivendita-macchinari-fr","11":"sws-gruppo-iva-iva81-fr","13":"first","14":"onbackorder","15":"sale","16":"shipping-taxable","17":"purchasable","18":"product-type-simple"},"_links":{"self":[{"href":"https:\/\/lucacastelli.com\/fr\/wp-json\/wp\/v2\/product\/605018","targetHints":{"allow":["GET"]}}],"collection":[{"href":"https:\/\/lucacastelli.com\/fr\/wp-json\/wp\/v2\/product"}],"about":[{"href":"https:\/\/lucacastelli.com\/fr\/wp-json\/wp\/v2\/types\/product"}],"wp:featuredmedia":[{"embeddable":true,"href":"https:\/\/lucacastelli.com\/fr\/wp-json\/wp\/v2\/media\/545723"}],"wp:attachment":[{"href":"https:\/\/lucacastelli.com\/fr\/wp-json\/wp\/v2\/media?parent=605018"}],"wp:term":[{"taxonomy":"product_brand","embeddable":true,"href":"https:\/\/lucacastelli.com\/fr\/wp-json\/wp\/v2\/product_brand?post=605018"},{"taxonomy":"product_cat","embeddable":true,"href":"https:\/\/lucacastelli.com\/fr\/wp-json\/wp\/v2\/product_cat?post=605018"},{"taxonomy":"product_tag","embeddable":true,"href":"https:\/\/lucacastelli.com\/fr\/wp-json\/wp\/v2\/product_tag?post=605018"}],"curies":[{"name":"wp","href":"https:\/\/api.w.org\/{rel}","templated":true}]}}