{"id":605008,"date":"2025-08-10T18:16:46","date_gmt":"2025-08-10T16:16:46","guid":{"rendered":"https:\/\/lucacastelli.com\/prodotto\/milwaukee-carotteuse-3-vitesses-sec-humide\/"},"modified":"2025-08-10T18:16:46","modified_gmt":"2025-08-10T16:16:46","slug":"milwaukee-carotteuse-3-vitesses-sec-humide","status":"publish","type":"product","link":"https:\/\/lucacastelli.com\/fr\/produit\/milwaukee-carotteuse-3-vitesses-sec-humide\/","title":{"rendered":"MILWAUKEE Carotteuse 3 vitesses sec-humide"},"content":{"rendered":"<p>DD3-152\/CAROTTEUSES<br \/>\nMoteur puissant de 1900 W ; 3 vitesses id\u00e9ales pour couronnes de grandes et petites dimensions ; D\u00e9marrage progressif avec contr\u00f4le de vitesse ; LED indiquant la surchauffe du moteur pour une protection maximale ; Embrayage de s\u00e9curit\u00e9 ; Quick-in &#8211; fixation s\u00e9curis\u00e9e de connexion pour une plus grande facilit\u00e9 d&#8217;utilisation et une r\u00e9duction sensible des vibrations ; Design en L pour un meilleur \u00e9quilibrage ; 3 vitesses m\u00e9caniques ; C\u00e2ble 5 m avec PRCD<\/p>\n<p>4933428000<br \/>\n4002395239801<\/p>\n","protected":false},"excerpt":{"rendered":"<p>DD3-152\/CAROTTEUSES<\/p>\n","protected":false},"featured_media":569333,"template":"","meta":{"_seopress_robots_primary_cat":"","_seopress_titles_title":"","_seopress_titles_desc":"","_seopress_robots_index":""},"product_brand":[3658],"product_cat":[1453,5532,167],"product_tag":[3273],"class_list":{"0":"post-605008","1":"product","2":"type-product","3":"status-publish","4":"has-post-thumbnail","6":"product_brand-milwaukee-fr","7":"product_cat-autres-appareils","8":"product_cat-diverses-machines-milwaukee","9":"product_cat-machines","10":"product_tag-import-milwau-fr","11":"sws-conto-ricavi-merci-rivendita-macchinari-fr","12":"sws-gruppo-iva-iva81-fr","14":"first","15":"onbackorder","16":"sale","17":"shipping-taxable","18":"purchasable","19":"product-type-simple"},"_links":{"self":[{"href":"https:\/\/lucacastelli.com\/fr\/wp-json\/wp\/v2\/product\/605008","targetHints":{"allow":["GET"]}}],"collection":[{"href":"https:\/\/lucacastelli.com\/fr\/wp-json\/wp\/v2\/product"}],"about":[{"href":"https:\/\/lucacastelli.com\/fr\/wp-json\/wp\/v2\/types\/product"}],"wp:featuredmedia":[{"embeddable":true,"href":"https:\/\/lucacastelli.com\/fr\/wp-json\/wp\/v2\/media\/569333"}],"wp:attachment":[{"href":"https:\/\/lucacastelli.com\/fr\/wp-json\/wp\/v2\/media?parent=605008"}],"wp:term":[{"taxonomy":"product_brand","embeddable":true,"href":"https:\/\/lucacastelli.com\/fr\/wp-json\/wp\/v2\/product_brand?post=605008"},{"taxonomy":"product_cat","embeddable":true,"href":"https:\/\/lucacastelli.com\/fr\/wp-json\/wp\/v2\/product_cat?post=605008"},{"taxonomy":"product_tag","embeddable":true,"href":"https:\/\/lucacastelli.com\/fr\/wp-json\/wp\/v2\/product_tag?post=605008"}],"curies":[{"name":"wp","href":"https:\/\/api.w.org\/{rel}","templated":true}]}}