{"id":605005,"date":"2025-08-10T18:03:25","date_gmt":"2025-08-10T16:03:25","guid":{"rendered":"https:\/\/lucacastelli.com\/prodotto\/milwaukee-set-de-4-niveaux-a-bulle-slim-box\/"},"modified":"2025-08-10T18:03:25","modified_gmt":"2025-08-10T16:03:25","slug":"milwaukee-set-de-4-niveaux-a-bulle-slim-box","status":"publish","type":"product","link":"https:\/\/lucacastelli.com\/fr\/produit\/milwaukee-set-de-4-niveaux-a-bulle-slim-box\/","title":{"rendered":"MILWAUKEE Set de 4 niveaux \u00e0 bulle Slim Box"},"content":{"rendered":"<p>Set de 4 niveaux \u00e0 bulle Slim Box<br \/>\nNiveau Minibox 10 cm ; Niveau avec profil rectangulaire en aluminium, l\u00e9ger et compact pour un rangement facile ; Fiole en acrylique r\u00e9sistante aux chocs et aux rayons UV ; Embouts absorbeurs de chocs ; Pr\u00e9cision 0,029\u00b0 (0,0005 pouce\/in, 0,5 mm\/m) en position standard ; Degr\u00e9 de pr\u00e9cision certifi\u00e9 par un organisme ind\u00e9pendant (VPA) ; Niveau Slim 60 cm ; 2 fioles en acrylique, pour une r\u00e9sistance maximale aux chocs et aux rayons UV ; Surface frais\u00e9e jusqu&#8217;\u00e0 120 cm garantit une pr\u00e9cision maximale ; Embouts en caoutchouc antichoc ; La prise antid\u00e9rapante emp\u00eache le glissement du niveau pendant la mesure ; Trou r\u00e9sistant pour un rangement facile ; Degr\u00e9 de pr\u00e9cision certifi\u00e9 par un organisme ind\u00e9pendant (VPA) ; Pr\u00e9cision 0,029\u00b0 (0,0005 pouce\/in, 0,5 mm\/m) en position standard ; Niveau Slim 120 cm ; 2 fioles en acrylique, pour une r\u00e9sistance maximale aux chocs et aux rayons UV ; Surface frais\u00e9e jusqu&#8217;\u00e0 120 cm garantit une pr\u00e9cision maximale ; Embouts en caoutchouc antichoc ; La prise antid\u00e9rapante emp\u00eache le glissement du niveau pendant la mesure ; Trou r\u00e9sistant pour un rangement facile ; Degr\u00e9 de pr\u00e9cision certifi\u00e9 par un organisme ind\u00e9pendant (VPA) ; Pr\u00e9cision 0,029\u00b0 (0,0005 pouce\/in, 0,5 mm\/m) en position standard ; Niveau Slim 180 cm ; 2 fioles en acrylique, pour une r\u00e9sistance maximale aux chocs et aux rayons UV ; Surface frais\u00e9e jusqu&#8217;\u00e0 120 cm garantit une pr\u00e9cision maximale ; Embouts en caoutchouc antichoc ; La prise antid\u00e9rapante emp\u00eache le glissement du niveau pendant la mesure ; Trou r\u00e9sistant pour un rangement facile ; Degr\u00e9 de pr\u00e9cision certifi\u00e9 par un organisme ind\u00e9pendant (VPA) ; Pr\u00e9cision 0,029\u00b0 (0,0005 pouce\/in, 0,5 mm\/m) en position standard<\/p>\n<p>4932478898<br \/>\n4058546361808<\/p>\n","protected":false},"excerpt":{"rendered":"<p>Set de 4 niveaux \u00e0 bulle Slim Box<\/p>\n","protected":false},"featured_media":542213,"template":"","meta":{"_seopress_robots_primary_cat":"","_seopress_titles_title":"","_seopress_titles_desc":"","_seopress_robots_index":""},"product_brand":[3407],"product_cat":[29,514,551],"product_tag":[3270],"class_list":{"0":"post-605005","1":"product","2":"type-product","3":"status-publish","4":"has-post-thumbnail","6":"product_brand-milwaukee","7":"product_cat-macchinari","8":"product_cat-altri-dispositivi","9":"product_cat-apparecchi-di-misurazione","10":"product_tag-import-milwau","11":"sws-conto-ricavi-merci-rivendita-macchinari-fr","12":"sws-gruppo-iva-iva81-fr","14":"first","15":"onbackorder","16":"shipping-taxable","17":"purchasable","18":"product-type-simple"},"_links":{"self":[{"href":"https:\/\/lucacastelli.com\/fr\/wp-json\/wp\/v2\/product\/605005","targetHints":{"allow":["GET"]}}],"collection":[{"href":"https:\/\/lucacastelli.com\/fr\/wp-json\/wp\/v2\/product"}],"about":[{"href":"https:\/\/lucacastelli.com\/fr\/wp-json\/wp\/v2\/types\/product"}],"wp:featuredmedia":[{"embeddable":true,"href":"https:\/\/lucacastelli.com\/fr\/wp-json\/wp\/v2\/media\/542213"}],"wp:attachment":[{"href":"https:\/\/lucacastelli.com\/fr\/wp-json\/wp\/v2\/media?parent=605005"}],"wp:term":[{"taxonomy":"product_brand","embeddable":true,"href":"https:\/\/lucacastelli.com\/fr\/wp-json\/wp\/v2\/product_brand?post=605005"},{"taxonomy":"product_cat","embeddable":true,"href":"https:\/\/lucacastelli.com\/fr\/wp-json\/wp\/v2\/product_cat?post=605005"},{"taxonomy":"product_tag","embeddable":true,"href":"https:\/\/lucacastelli.com\/fr\/wp-json\/wp\/v2\/product_tag?post=605005"}],"curies":[{"name":"wp","href":"https:\/\/api.w.org\/{rel}","templated":true}]}}