{"id":605003,"date":"2025-08-10T18:17:01","date_gmt":"2025-08-10T16:17:01","guid":{"rendered":"https:\/\/lucacastelli.com\/prodotto\/milwaukee-defonceuse-m18-fuel-avec-pince-12-mm\/"},"modified":"2025-08-10T18:17:01","modified_gmt":"2025-08-10T16:17:01","slug":"milwaukee-defonceuse-m18-fuel-avec-pince-12-mm","status":"publish","type":"product","link":"https:\/\/lucacastelli.com\/fr\/produit\/milwaukee-defonceuse-m18-fuel-avec-pince-12-mm\/","title":{"rendered":"MILWAUKEE D\u00e9fonceuse M18 FUEL\u2122 avec pince 12 mm"},"content":{"rendered":"<p>M18FR12KIT-0P\/D\u00c9FONCEUSES<br \/>\nLe moteur brushless POWERSTATE\u2122 en combinaison avec les batteries HIGH OUTPUT\u2122 de 5,5 Ah garantit une performance constante \u00e9quivalente \u00e0 celle d&#8217;une machine filaire, \u00e9vitant la surchauffe ; Vitesse variable de 12 000 \u00e0 25 000 tours par minute pour des d\u00e9fon\u00e7ages pr\u00e9cis et exacts. ; Syst\u00e8me de micro-r\u00e9glage de la profondeur et vision claire de la fraise pendant l \u00ab op\u00e9ration de coupe ; La meilleure d\u00e9fonceuse r\u00e9alis\u00e9e par Milwaukee tant pour la qualit\u00e9 de coupe que pour la quantit\u00e9 de mat\u00e9riau enlev\u00e9 ; Peut \u00eatre utilis\u00e9e facilement d&#8217;une seule main m\u00eame pendant de longues p\u00e9riodes gr\u00e2ce \u00e0 l \u00bb excellent \u00e9quilibrage et \u00e0 la poign\u00e9e confortable ; En utilisant les guides parall\u00e8les, il est possible de r\u00e9aliser des coupes lin\u00e9aires et pr\u00e9cises ; Pinces de 12 mm et 8 mm, de 1\/2\u02dd et de 1\/4\u02dd ; La double LED \u00e9claire l \u00ab aire de travail ; Raccord DEK 26 pour pouvoir connecter les aspirateurs Milwaukee ; La technologie FUEL\u2122 red\u00e9finit les outils \u00e9lectroportatifs \u00e0 batterie. Le moteur brushless, l \u00bb \u00e9lectronique REDLINK PLUS\u2122 et le pack batterie REDLITHIUM\u2122 offrent des performances et une durabilit\u00e9 sup\u00e9rieures ; Fonctionne avec toutes les batteries M18\u2122 MILWAUKEE\u00ae<\/p>\n<p>4933493305<br \/>\n4058546481766<\/p>\n","protected":false},"excerpt":{"rendered":"<p>M18FR12KIT-0P\/D\u00c9FONCEUSES<\/p>\n","protected":false},"featured_media":585449,"template":"","meta":{"_seopress_robots_primary_cat":"","_seopress_titles_title":"","_seopress_titles_desc":"","_seopress_robots_index":""},"product_brand":[3407],"product_cat":[5531,29,514],"product_tag":[3270],"class_list":{"0":"post-605003","1":"product","2":"type-product","3":"status-publish","4":"has-post-thumbnail","6":"product_brand-milwaukee","7":"product_cat-vari-macchinari-milwaukee","8":"product_cat-macchinari","9":"product_cat-altri-dispositivi","10":"product_tag-import-milwau","11":"sws-conto-ricavi-merci-rivendita-macchinari-fr","12":"sws-gruppo-iva-iva81-fr","14":"first","15":"onbackorder","16":"sale","17":"shipping-taxable","18":"purchasable","19":"product-type-simple"},"_links":{"self":[{"href":"https:\/\/lucacastelli.com\/fr\/wp-json\/wp\/v2\/product\/605003","targetHints":{"allow":["GET"]}}],"collection":[{"href":"https:\/\/lucacastelli.com\/fr\/wp-json\/wp\/v2\/product"}],"about":[{"href":"https:\/\/lucacastelli.com\/fr\/wp-json\/wp\/v2\/types\/product"}],"wp:featuredmedia":[{"embeddable":true,"href":"https:\/\/lucacastelli.com\/fr\/wp-json\/wp\/v2\/media\/585449"}],"wp:attachment":[{"href":"https:\/\/lucacastelli.com\/fr\/wp-json\/wp\/v2\/media?parent=605003"}],"wp:term":[{"taxonomy":"product_brand","embeddable":true,"href":"https:\/\/lucacastelli.com\/fr\/wp-json\/wp\/v2\/product_brand?post=605003"},{"taxonomy":"product_cat","embeddable":true,"href":"https:\/\/lucacastelli.com\/fr\/wp-json\/wp\/v2\/product_cat?post=605003"},{"taxonomy":"product_tag","embeddable":true,"href":"https:\/\/lucacastelli.com\/fr\/wp-json\/wp\/v2\/product_tag?post=605003"}],"curies":[{"name":"wp","href":"https:\/\/api.w.org\/{rel}","templated":true}]}}