{"id":604998,"date":"2025-08-10T18:16:49","date_gmt":"2025-08-10T16:16:49","guid":{"rendered":"https:\/\/lucacastelli.com\/prodotto\/milwaukee-carotteuse-a-sec-2-vitesses\/"},"modified":"2025-08-10T18:16:49","modified_gmt":"2025-08-10T16:16:49","slug":"milwaukee-carotteuse-a-sec-2-vitesses","status":"publish","type":"product","link":"https:\/\/lucacastelli.com\/fr\/produit\/milwaukee-carotteuse-a-sec-2-vitesses\/","title":{"rendered":"MILWAUKEE Carotteuse \u00e0 sec 2 vitesses"},"content":{"rendered":"<p>DD 2-160 XE\/CAROTTEUSES<br \/>\nMoteur robuste pour un couple \u00e9lev\u00e9;Double protection gr\u00e2ce \u00e0 l&#8217;embrayage \u00e9lectronique et m\u00e9canique qui permet de prot\u00e9ger l&#8217;outil et l&#8217;op\u00e9rateur;Construction robuste avec bo\u00eetier d&#8217;engrenages en m\u00e9tal;Poign\u00e9e anti-vibrations avant et en forme de D arri\u00e8re pour plus de s\u00e9curit\u00e9;2 vitesses m\u00e9caniques;Adaptateur d\u00e9di\u00e9 M16 avec technologie FIXTEC\u2122 (Fixation carotteuse M18 x 2.5);Mode percussion douce qui permet aux couronnes de travailler plus rapidement et plus facilement;D\u00e9marrage progressif avec contr\u00f4le de vitesse;Rotor FIXTEC\u2122 Cleanline (accessoire suppl\u00e9mentaire) comme meilleure solution pour l&#8217;extraction de poussi\u00e8re;C\u00e2ble 4 m<\/p>\n<p>4933368690<br \/>\n4002395232505<\/p>\n","protected":false},"excerpt":{"rendered":"<p>DD 2-160 XE\/CAROTTEUSES<\/p>\n","protected":false},"featured_media":568114,"template":"","meta":{"_seopress_robots_primary_cat":"","_seopress_titles_title":"","_seopress_titles_desc":"","_seopress_robots_index":""},"product_brand":[3407],"product_cat":[5531,29,514],"product_tag":[3270],"class_list":{"0":"post-604998","1":"product","2":"type-product","3":"status-publish","4":"has-post-thumbnail","6":"product_brand-milwaukee","7":"product_cat-vari-macchinari-milwaukee","8":"product_cat-macchinari","9":"product_cat-altri-dispositivi","10":"product_tag-import-milwau","11":"sws-conto-ricavi-merci-rivendita-macchinari-fr","12":"sws-gruppo-iva-iva81-fr","14":"first","15":"onbackorder","16":"sale","17":"shipping-taxable","18":"purchasable","19":"product-type-simple"},"_links":{"self":[{"href":"https:\/\/lucacastelli.com\/fr\/wp-json\/wp\/v2\/product\/604998","targetHints":{"allow":["GET"]}}],"collection":[{"href":"https:\/\/lucacastelli.com\/fr\/wp-json\/wp\/v2\/product"}],"about":[{"href":"https:\/\/lucacastelli.com\/fr\/wp-json\/wp\/v2\/types\/product"}],"wp:featuredmedia":[{"embeddable":true,"href":"https:\/\/lucacastelli.com\/fr\/wp-json\/wp\/v2\/media\/568114"}],"wp:attachment":[{"href":"https:\/\/lucacastelli.com\/fr\/wp-json\/wp\/v2\/media?parent=604998"}],"wp:term":[{"taxonomy":"product_brand","embeddable":true,"href":"https:\/\/lucacastelli.com\/fr\/wp-json\/wp\/v2\/product_brand?post=604998"},{"taxonomy":"product_cat","embeddable":true,"href":"https:\/\/lucacastelli.com\/fr\/wp-json\/wp\/v2\/product_cat?post=604998"},{"taxonomy":"product_tag","embeddable":true,"href":"https:\/\/lucacastelli.com\/fr\/wp-json\/wp\/v2\/product_tag?post=604998"}],"curies":[{"name":"wp","href":"https:\/\/api.w.org\/{rel}","templated":true}]}}