{"id":604784,"date":"2025-08-12T19:24:45","date_gmt":"2025-08-12T17:24:45","guid":{"rendered":"https:\/\/lucacastelli.com\/prodotto\/protos-industry-6\/"},"modified":"2026-03-18T16:32:37","modified_gmt":"2026-03-18T15:32:37","slug":"protos-industry-6","status":"publish","type":"product","link":"https:\/\/lucacastelli.com\/fr\/produit\/protos-industry-6\/","title":{"rendered":"Protos\u00ae Industry"},"content":{"rendered":"<p>Ce qui a commenc\u00e9 comme une id\u00e9e pour le secteur forestier est maintenant aussi devenu une r\u00e9alit\u00e9 pour le secteur de l&#8217;industrie gr\u00e2ce \u00e0 la certification et au d\u00e9p\u00f4t de brevet. Le Protos\u00ae Industry offre tout le confort et la s\u00e9curit\u00e9 d&#8217;un casque forestier et d&#8217;un casque d&#8217;escalade, tout en \u00e9tant extr\u00eamement flexible dans son \u00e9quipement. En quelques \u00e9tapes simples, un casque industriel peut \u00eatre transform\u00e9 en casque d&#8217;escalade par du personnel sp\u00e9cialis\u00e9. Gr\u00e2ce au principe modulaire, le Protos\u00ae Industry peut \u00eatre am\u00e9lior\u00e9 \u00e0 tout moment pour d&#8217;autres applications. Une protection de la t\u00eate pour chaque application !<br \/>\nLe Protos\u00ae INTEGRAL offre non seulement un champ de vision illimit\u00e9, mais aussi une protection contre les impacts verticaux et horizontaux. Gr\u00e2ce au r\u00e9glage sur 20 positions de la mentonni\u00e8re \u00e0 ouverture rapide brevet\u00e9e, le Protos\u00ae s&#8217;adapte parfaitement \u00e0 toutes les t\u00eates, m\u00eame sans mentonni\u00e8re. L&#8217;air circule id\u00e9alement entre la coque int\u00e9rieure et la coque ext\u00e9rieure, ce qui permet de garder la t\u00eate au frais. Le flux d&#8217;air est r\u00e9glable gr\u00e2ce \u00e0 la valve de ventilation. Le rembourrage KlimaAIR avec absorption d&#8217;\u00e9nergie assure un ajustement parfait.<br \/>\nS\u00e9curit\u00e9 et confort<br \/>\nTous les avantages du syst\u00e8me Stern pour Protos INTEGRAL sont \u00e9galement pr\u00e9sents dans le mod\u00e8le Industry. En particulier, la structure int\u00e9rieure innovante avec la technologie Klima-Air offre une valeur ajout\u00e9e imbattable pour le porteur. Une ventilation active et un ajustement parfait \u00e0 la t\u00eate rendent la vie professionnelle quotidienne plus agr\u00e9able.<br \/>\nInfo<br \/>\nAvec la jugulaire Protos\u00ae Integral Maclip (Art. No. 204043) homologu\u00e9e selon la norme EN 1078 pour les casques de v\u00e9lo.      <\/p>\n<p>Mat\u00e9riau : 50 % ABS, 50 % polyamide<br \/>\nPoids : 0,582 kg<br \/>\nTaille : r\u00e9glable en une seule taille gr\u00e2ce \u00e0 la fermeture arri\u00e8re brevet\u00e9e<br \/>\nStandard : tour de t\u00eate 54-62 cm<br \/>\nExtra size : tour de t\u00eate : 56-64 cm (disponible sur demande)<br \/>\nNormes : EN 397, EN 1078 (uniquement avec la jugulaire art. no. 204043), ANSI Z89.1<\/p>\n","protected":false},"excerpt":{"rendered":"<p>Ce qui a commenc\u00e9 comme une id\u00e9e pour le secteur forestier est maintenant aussi devenu une r\u00e9alit\u00e9 pour le secteur<\/p>\n","protected":false},"featured_media":604647,"template":"","meta":{"_seopress_robots_primary_cat":"none","_seopress_titles_title":"","_seopress_titles_desc":"","_seopress_robots_index":""},"product_brand":[3669,4722],"product_cat":[1405,144,1397],"product_tag":[],"class_list":{"0":"post-604784","1":"product","2":"type-product","3":"status-publish","4":"has-post-thumbnail","6":"product_brand-pfanner-fr","7":"product_brand-protos-fr","8":"product_cat-casques","9":"product_cat-equipement","10":"product_cat-equipement-de-travail","11":"sws-gruppo-no-gruppo","12":"sws-conto-ricavi-merci-rivendita-abbigliamento","13":"sws-gruppo-iva-iva81","15":"first","16":"instock","17":"shipping-taxable","18":"purchasable","19":"product-type-variable","20":"has-default-attributes"},"_links":{"self":[{"href":"https:\/\/lucacastelli.com\/fr\/wp-json\/wp\/v2\/product\/604784","targetHints":{"allow":["GET"]}}],"collection":[{"href":"https:\/\/lucacastelli.com\/fr\/wp-json\/wp\/v2\/product"}],"about":[{"href":"https:\/\/lucacastelli.com\/fr\/wp-json\/wp\/v2\/types\/product"}],"wp:featuredmedia":[{"embeddable":true,"href":"https:\/\/lucacastelli.com\/fr\/wp-json\/wp\/v2\/media\/604647"}],"wp:attachment":[{"href":"https:\/\/lucacastelli.com\/fr\/wp-json\/wp\/v2\/media?parent=604784"}],"wp:term":[{"taxonomy":"product_brand","embeddable":true,"href":"https:\/\/lucacastelli.com\/fr\/wp-json\/wp\/v2\/product_brand?post=604784"},{"taxonomy":"product_cat","embeddable":true,"href":"https:\/\/lucacastelli.com\/fr\/wp-json\/wp\/v2\/product_cat?post=604784"},{"taxonomy":"product_tag","embeddable":true,"href":"https:\/\/lucacastelli.com\/fr\/wp-json\/wp\/v2\/product_tag?post=604784"}],"curies":[{"name":"wp","href":"https:\/\/api.w.org\/{rel}","templated":true}]}}