{"id":604758,"date":"2025-08-12T19:02:35","date_gmt":"2025-08-12T17:02:35","guid":{"rendered":"https:\/\/lucacastelli.com\/prodotto\/protos-industry-2\/"},"modified":"2026-04-15T19:29:00","modified_gmt":"2026-04-15T17:29:00","slug":"protos-industry-2","status":"publish","type":"product","link":"https:\/\/lucacastelli.com\/fr\/produit\/protos-industry-2\/","title":{"rendered":"Protos\u00ae Industry"},"content":{"rendered":"<p>Ce qui n\u2019\u00e9tait au d\u00e9part qu\u2019une id\u00e9e pour le secteur forestier est devenu une r\u00e9alit\u00e9 pour le secteur industriel gr\u00e2ce \u00e0 sa certification et \u00e0 son brevet. Le Protos\u00ae Integral Industry offre tout le confort et la s\u00e9curit\u00e9 d\u2019un casque forestier et d\u2019escalade, tout en \u00e9tant extr\u00eamement flexible dans son \u00e9quipement. En quelques manipulations simples, un sp\u00e9cialiste peut transformer ce casque industriel en casque d\u2019escalade. Gr\u00e2ce \u00e0 son principe modulaire, le Protos\u00ae Industry peut \u00eatre compl\u00e9t\u00e9 \u00e0 tout moment pour d\u2019autres applications. Une protection de t\u00eate pour chaque application !<br \/>\nLe Protos\u00ae Integral Industry offre non seulement un champ de vision illimit\u00e9, mais aussi une protection contre les chocs vertocaux et horizontaux. Gr\u00e2ce au r\u00e9glage en 20 positions de la coque de nuque brevet\u00e9e, le Protos\u00ae s\u2019adapte parfaitement \u00e0 chaque t\u00eate, m\u00eame sans jugulaire. L\u2019air circule de mani\u00e8re id\u00e9ale entre les calottes interne et externe, gardant la t\u00eate au frais. Le flux d\u2019air est r\u00e9glable via la glissi\u00e8re de ventilation. Le rembourrage KlimaAIR\u00ae avec absorption d\u2019\u00e9nergie garantit un ajustement parfait.<br \/>\nS\u00e9curit\u00e9 et confort<br \/>\nTous les avantages du syst\u00e8me Stern pour Protos Integral se retrouvent \u00e9galement sur le mod\u00e8le Industry. En particulier, la structure interne innovante dot\u00e9e de la technologie KlimaAIR offre une valeur ajout\u00e9e imbattable pour l\u2019utilisateur. La ventilation active et le maintien parfait sur la t\u00eate rendent le travail quotidien plus agr\u00e9able.<br \/>\nInfos<br \/>\nAvec la jugulaire Protos\u00ae Integral Maclip (art. 204043) homologu\u00e9e selon la norme EN 1078 pour les casques de v\u00e9lo.      <\/p>\n<p>Mat\u00e9riau : 50 % ABS, 50 % polyamide<br \/>\nPoids : 0,582 kg<br \/>\nTaille : taille unique r\u00e9glable via la fermeture arri\u00e8re brevet\u00e9e<br \/>\nStandard : tour de t\u00eate 54\u201362 cm<br \/>\nTaille extra : tour de t\u00eate : 56\u201364 cm (disponible sur demande)<br \/>\nNormes : EN 397, EN 1078 (uniquement avec jugulaire art. n\u00b0 204043), ANSI Z89.1<\/p>\n","protected":false},"excerpt":{"rendered":"<p>Ce qui n\u2019\u00e9tait au d\u00e9part qu\u2019une id\u00e9e pour le secteur forestier est devenu une r\u00e9alit\u00e9 pour le secteur industriel gr\u00e2ce<\/p>\n","protected":false},"featured_media":604564,"template":"","meta":{"_seopress_robots_primary_cat":"none","_seopress_titles_title":"","_seopress_titles_desc":"","_seopress_robots_index":""},"product_brand":[3458,4381],"product_cat":[33,537,815],"product_tag":[],"class_list":{"0":"post-604758","1":"product","2":"type-product","3":"status-publish","4":"has-post-thumbnail","6":"product_brand-pfanner","7":"product_brand-protos","8":"product_cat-attrezzature","9":"product_cat-attrezzatura-da-lavoro","10":"product_cat-caschi","11":"sws-gruppo-no-gruppo-fr","12":"sws-conto-ricavi-merci-rivendita-abbigliamento-fr","13":"sws-gruppo-iva-iva81-fr","15":"first","16":"instock","17":"shipping-taxable","18":"purchasable","19":"product-type-variable","20":"has-default-attributes"},"_links":{"self":[{"href":"https:\/\/lucacastelli.com\/fr\/wp-json\/wp\/v2\/product\/604758","targetHints":{"allow":["GET"]}}],"collection":[{"href":"https:\/\/lucacastelli.com\/fr\/wp-json\/wp\/v2\/product"}],"about":[{"href":"https:\/\/lucacastelli.com\/fr\/wp-json\/wp\/v2\/types\/product"}],"wp:featuredmedia":[{"embeddable":true,"href":"https:\/\/lucacastelli.com\/fr\/wp-json\/wp\/v2\/media\/604564"}],"wp:attachment":[{"href":"https:\/\/lucacastelli.com\/fr\/wp-json\/wp\/v2\/media?parent=604758"}],"wp:term":[{"taxonomy":"product_brand","embeddable":true,"href":"https:\/\/lucacastelli.com\/fr\/wp-json\/wp\/v2\/product_brand?post=604758"},{"taxonomy":"product_cat","embeddable":true,"href":"https:\/\/lucacastelli.com\/fr\/wp-json\/wp\/v2\/product_cat?post=604758"},{"taxonomy":"product_tag","embeddable":true,"href":"https:\/\/lucacastelli.com\/fr\/wp-json\/wp\/v2\/product_tag?post=604758"}],"curies":[{"name":"wp","href":"https:\/\/api.w.org\/{rel}","templated":true}]}}