{"id":604263,"date":"2025-08-11T13:50:50","date_gmt":"2025-08-11T11:50:50","guid":{"rendered":"https:\/\/lucacastelli.com\/prodotto\/gants-de-travail-milwaukee-flex-2\/"},"modified":"2025-08-11T13:50:50","modified_gmt":"2025-08-11T11:50:50","slug":"gants-de-travail-milwaukee-flex-2","status":"publish","type":"product","link":"https:\/\/lucacastelli.com\/fr\/produit\/gants-de-travail-milwaukee-flex-2\/","title":{"rendered":"Gants de travail Milwaukee Flex"},"content":{"rendered":"<p>Gants de travail Flex<br \/>\nGANTS DE TRAVAIL FLEX &#8211; 1 paire<br \/>\nGants de travail l\u00e9gers et tr\u00e8s respirants \u00e0 usage g\u00e9n\u00e9ral;Le revers en textile offre une grande dext\u00e9rit\u00e9 et permet de manipuler de petits objets;Cuir synth\u00e9tique souple sur la paume pour manipuler des mat\u00e9riaux d\u00e9licats;Coutures renforc\u00e9es sur le pouce et les doigts pour plus de durabilit\u00e9;Zone de transpiration int\u00e9gr\u00e9e sur le pouce;Les jointures et le bout des doigts SMARTSWIPE\u2122 permettent d&#8217;utiliser des appareils \u00e0 \u00e9cran tactile sans avoir \u00e0 retirer les gants;Certification europ\u00e9enne pour la protection m\u00e9canique : EN ISO 21420. EN388:2016 (2121A) <\/p>\n<p>&nbsp;<\/p>\n","protected":false},"excerpt":{"rendered":"<p>Gants de travail Flex GANTS DE TRAVAIL FLEX &#8211; 1 paire Gants de travail l\u00e9gers et tr\u00e8s respirants \u00e0 usage<\/p>\n","protected":false},"featured_media":599161,"template":"","meta":{"_seopress_robots_primary_cat":"none","_seopress_titles_title":"","_seopress_titles_desc":"","_seopress_robots_index":""},"product_brand":[3407],"product_cat":[21,284],"product_tag":[3270],"class_list":{"0":"post-604263","1":"product","2":"type-product","3":"status-publish","4":"has-post-thumbnail","6":"product_brand-milwaukee","7":"product_cat-abbigliamento","8":"product_cat-abbigliamento-da-lavoro","9":"product_tag-import-milwau","10":"sws-gruppo-abb-libero-fr","11":"sws-conto-ricavi-merci-rivendita-abbigliamento-fr","12":"sws-gruppo-iva-iva81-fr","14":"first","15":"instock","16":"shipping-taxable","17":"purchasable","18":"product-type-variable"},"_links":{"self":[{"href":"https:\/\/lucacastelli.com\/fr\/wp-json\/wp\/v2\/product\/604263","targetHints":{"allow":["GET"]}}],"collection":[{"href":"https:\/\/lucacastelli.com\/fr\/wp-json\/wp\/v2\/product"}],"about":[{"href":"https:\/\/lucacastelli.com\/fr\/wp-json\/wp\/v2\/types\/product"}],"wp:featuredmedia":[{"embeddable":true,"href":"https:\/\/lucacastelli.com\/fr\/wp-json\/wp\/v2\/media\/599161"}],"wp:attachment":[{"href":"https:\/\/lucacastelli.com\/fr\/wp-json\/wp\/v2\/media?parent=604263"}],"wp:term":[{"taxonomy":"product_brand","embeddable":true,"href":"https:\/\/lucacastelli.com\/fr\/wp-json\/wp\/v2\/product_brand?post=604263"},{"taxonomy":"product_cat","embeddable":true,"href":"https:\/\/lucacastelli.com\/fr\/wp-json\/wp\/v2\/product_cat?post=604263"},{"taxonomy":"product_tag","embeddable":true,"href":"https:\/\/lucacastelli.com\/fr\/wp-json\/wp\/v2\/product_tag?post=604263"}],"curies":[{"name":"wp","href":"https:\/\/api.w.org\/{rel}","templated":true}]}}