{"id":604049,"date":"2023-06-17T10:50:56","date_gmt":"2023-06-17T08:50:56","guid":{"rendered":"https:\/\/lucacastelli.com\/prodotto\/75-x-12-mm-stichsageblatt-metall\/"},"modified":"2023-06-17T10:50:56","modified_gmt":"2023-06-17T08:50:56","slug":"75-x-12-mm-stichsageblatt-metall","status":"publish","type":"product","link":"https:\/\/lucacastelli.com\/fr\/produit\/75-x-12-mm-stichsageblatt-metall\/","title":{"rendered":"75 x 1,2 mm Stichs\u00e4geblatt Metall"},"content":{"rendered":"<p>Description du produit<\/p>\n<p>La lame de scie sauteuse 274652 est particuli\u00e8rement adapt\u00e9e \u00e0 la d\u00e9coupe de t\u00f4les tr\u00e8s fines gr\u00e2ce \u00e0 son petit pas de denture de 0,7 mm.<br \/>\nPour les professionnels qui attachent de l&#8217;importance \u00e0 une longue dur\u00e9e de vie, les lames bim\u00e9talliques associ\u00e9es au bon liquide de refroidissement constituent le meilleur choix.<br \/>\nLa dur\u00e9e de vie de ces lames est deux fois sup\u00e9rieure \u00e0 celle des lames non bim\u00e9talliques.<\/p>\n<p>Caract\u00e9ristiques techniques<br \/>\nLongueur de la lame (mm) : 66<br \/>\nCapacit\u00e9 de coupe maximale dans l&#8217;aluminium (mm) : &#8211;<br \/>\nMax. Capacit\u00e9 de coupe maximale dans les m\u00e9taux non ferreux (mm) : 1,5 &#8211; 4<br \/>\nCapacit\u00e9 de coupe maximale dans le plexiglas (mm) : &#8211; Max.<br \/>\nCapacit\u00e9 de coupe maximale dans le PVC (mm) : &#8211; Max.  Capacit\u00e9 de coupe maximale dans le PVC (mm) : &#8211; Max.<br \/>\nCapacit\u00e9 de coupe maximale dans l&#8217;acier inoxydable (mm) : &#8211; Max. Capacit\u00e9 de coupe maximale dans l&#8217;acier inoxydable (mm) : &#8211; Max.<br \/>\nMax. Capacit\u00e9 de coupe maximale en mat\u00e9riau sandwich (mm) : &#8211; Max.<br \/>\nProfondeur de coupe maximale en acier (mm) : &#8211; Max.  Profondeur de coupe maximale dans l&#8217;acier (mm) : 1,5 &#8211; 4     <\/p>\n","protected":false},"excerpt":{"rendered":"<p>Description du produit La lame de scie sauteuse 274652 est particuli\u00e8rement adapt\u00e9e \u00e0 la d\u00e9coupe de t\u00f4les tr\u00e8s fines gr\u00e2ce<\/p>\n","protected":false},"featured_media":91925,"template":"","meta":{"_seopress_robots_primary_cat":"","_seopress_titles_title":"","_seopress_titles_desc":"","_seopress_robots_index":""},"product_brand":[3658],"product_cat":[1477],"product_tag":[],"class_list":{"0":"post-604049","1":"product","2":"type-product","3":"status-publish","4":"has-post-thumbnail","6":"product_brand-milwaukee-fr","7":"product_cat-shop-fr","9":"first","10":"instock","11":"shipping-taxable","12":"purchasable","13":"product-type-simple"},"_links":{"self":[{"href":"https:\/\/lucacastelli.com\/fr\/wp-json\/wp\/v2\/product\/604049","targetHints":{"allow":["GET"]}}],"collection":[{"href":"https:\/\/lucacastelli.com\/fr\/wp-json\/wp\/v2\/product"}],"about":[{"href":"https:\/\/lucacastelli.com\/fr\/wp-json\/wp\/v2\/types\/product"}],"wp:featuredmedia":[{"embeddable":true,"href":"https:\/\/lucacastelli.com\/fr\/wp-json\/wp\/v2\/media\/91925"}],"wp:attachment":[{"href":"https:\/\/lucacastelli.com\/fr\/wp-json\/wp\/v2\/media?parent=604049"}],"wp:term":[{"taxonomy":"product_brand","embeddable":true,"href":"https:\/\/lucacastelli.com\/fr\/wp-json\/wp\/v2\/product_brand?post=604049"},{"taxonomy":"product_cat","embeddable":true,"href":"https:\/\/lucacastelli.com\/fr\/wp-json\/wp\/v2\/product_cat?post=604049"},{"taxonomy":"product_tag","embeddable":true,"href":"https:\/\/lucacastelli.com\/fr\/wp-json\/wp\/v2\/product_tag?post=604049"}],"curies":[{"name":"wp","href":"https:\/\/api.w.org\/{rel}","templated":true}]}}