{"id":604038,"date":"2025-08-10T15:08:09","date_gmt":"2025-08-10T13:08:09","guid":{"rendered":"https:\/\/lucacastelli.com\/prodotto\/milwaukee-huile-minerale-pour-pompe-a-vide\/"},"modified":"2025-08-10T15:08:09","modified_gmt":"2025-08-10T13:08:09","slug":"milwaukee-huile-minerale-pour-pompe-a-vide","status":"publish","type":"product","link":"https:\/\/lucacastelli.com\/fr\/produit\/milwaukee-huile-minerale-pour-pompe-a-vide\/","title":{"rendered":"Milwaukee Huile min\u00e9rale pour pompe \u00e0 vide"},"content":{"rendered":"<p>HUILE POUR POMPE \u00c0 VIDE\/ACC SIST<br \/>\nHuile (500 ml) pour pompe \u00e0 vide<\/p>\n<p>4932493259<br \/>\n4058546481308<\/p>\n","protected":false},"excerpt":{"rendered":"<p>POMPES \u00c0 VIDE \u00c0 HUILE\/ACCESSOIRES<\/p>\n","protected":false},"featured_media":561945,"template":"","meta":{"_seopress_robots_primary_cat":"","_seopress_titles_title":"","_seopress_titles_desc":"","_seopress_robots_index":""},"product_brand":[3658],"product_cat":[1435,1447],"product_tag":[3273],"class_list":{"0":"post-604038","1":"product","2":"type-product","3":"status-publish","4":"has-post-thumbnail","6":"product_brand-milwaukee-fr","7":"product_cat-carburants-et-huiles","8":"product_cat-lubrifiants","9":"product_tag-import-milwau-fr","10":"sws-conto-ricavi-merci-rivendita-macchinari-fr","11":"sws-gruppo-iva-iva81-fr","13":"first","14":"onbackorder","15":"shipping-taxable","16":"purchasable","17":"product-type-simple"},"_links":{"self":[{"href":"https:\/\/lucacastelli.com\/fr\/wp-json\/wp\/v2\/product\/604038","targetHints":{"allow":["GET"]}}],"collection":[{"href":"https:\/\/lucacastelli.com\/fr\/wp-json\/wp\/v2\/product"}],"about":[{"href":"https:\/\/lucacastelli.com\/fr\/wp-json\/wp\/v2\/types\/product"}],"wp:featuredmedia":[{"embeddable":true,"href":"https:\/\/lucacastelli.com\/fr\/wp-json\/wp\/v2\/media\/561945"}],"wp:attachment":[{"href":"https:\/\/lucacastelli.com\/fr\/wp-json\/wp\/v2\/media?parent=604038"}],"wp:term":[{"taxonomy":"product_brand","embeddable":true,"href":"https:\/\/lucacastelli.com\/fr\/wp-json\/wp\/v2\/product_brand?post=604038"},{"taxonomy":"product_cat","embeddable":true,"href":"https:\/\/lucacastelli.com\/fr\/wp-json\/wp\/v2\/product_cat?post=604038"},{"taxonomy":"product_tag","embeddable":true,"href":"https:\/\/lucacastelli.com\/fr\/wp-json\/wp\/v2\/product_tag?post=604038"}],"curies":[{"name":"wp","href":"https:\/\/api.w.org\/{rel}","templated":true}]}}