{"id":603983,"date":"2025-08-10T16:38:27","date_gmt":"2025-08-10T14:38:27","guid":{"rendered":"https:\/\/lucacastelli.com\/prodotto\/milwaukee-chauffe-cou-polyvalent\/"},"modified":"2025-08-10T16:38:27","modified_gmt":"2025-08-10T14:38:27","slug":"milwaukee-chauffe-cou-polyvalent","status":"publish","type":"product","link":"https:\/\/lucacastelli.com\/fr\/produit\/milwaukee-chauffe-cou-polyvalent\/","title":{"rendered":"Milwaukee Chauffe-cou polyvalent"},"content":{"rendered":"<p>NGFMPRD PERFORMANCE WARMERSHIRT RED<br \/>\nMultifonctionnel, tu peux le porter comme : masque facial, tour de cou, bandeau ou couvre-chef pour te prot\u00e9ger des conditions chaudes, du soleil ou du vent;Tissu respirant pour rester au frais et s\u00e9cher rapidement lorsque tu travailles dans des conditions chaudes;Ajustable. Il est dot\u00e9 d&#8217;un cordon de serrage \u00e0 l&#8217;arri\u00e8re pour plus de confort;Bloque les rayons UV nocifs. UPF 50+ selon EN 13758-1  <\/p>\n<p>4932493094<br \/>\n4058546479657<\/p>\n","protected":false},"excerpt":{"rendered":"<p>NGFMPRD PERFORMANCE RED NECK WARMER<\/p>\n","protected":false},"featured_media":560101,"template":"","meta":{"_seopress_robots_primary_cat":"","_seopress_titles_title":"","_seopress_titles_desc":"","_seopress_robots_index":""},"product_brand":[3407],"product_cat":[21,186],"product_tag":[3270],"class_list":{"0":"post-603983","1":"product","2":"type-product","3":"status-publish","4":"has-post-thumbnail","6":"product_brand-milwaukee","7":"product_cat-abbigliamento","8":"product_cat-accessori-per-labbigliamento","9":"product_tag-import-milwau","10":"sws-conto-ricavi-merci-rivendita-macchinari-fr","11":"sws-gruppo-iva-iva81-fr","13":"first","14":"onbackorder","15":"shipping-taxable","16":"purchasable","17":"product-type-simple"},"_links":{"self":[{"href":"https:\/\/lucacastelli.com\/fr\/wp-json\/wp\/v2\/product\/603983","targetHints":{"allow":["GET"]}}],"collection":[{"href":"https:\/\/lucacastelli.com\/fr\/wp-json\/wp\/v2\/product"}],"about":[{"href":"https:\/\/lucacastelli.com\/fr\/wp-json\/wp\/v2\/types\/product"}],"wp:featuredmedia":[{"embeddable":true,"href":"https:\/\/lucacastelli.com\/fr\/wp-json\/wp\/v2\/media\/560101"}],"wp:attachment":[{"href":"https:\/\/lucacastelli.com\/fr\/wp-json\/wp\/v2\/media?parent=603983"}],"wp:term":[{"taxonomy":"product_brand","embeddable":true,"href":"https:\/\/lucacastelli.com\/fr\/wp-json\/wp\/v2\/product_brand?post=603983"},{"taxonomy":"product_cat","embeddable":true,"href":"https:\/\/lucacastelli.com\/fr\/wp-json\/wp\/v2\/product_cat?post=603983"},{"taxonomy":"product_tag","embeddable":true,"href":"https:\/\/lucacastelli.com\/fr\/wp-json\/wp\/v2\/product_tag?post=603983"}],"curies":[{"name":"wp","href":"https:\/\/api.w.org\/{rel}","templated":true}]}}