{"id":603976,"date":"2025-08-07T15:42:38","date_gmt":"2025-08-07T13:42:38","guid":{"rendered":"https:\/\/lucacastelli.com\/prodotto\/casquette-de-baseball-milwaukee-4\/"},"modified":"2025-08-07T15:42:38","modified_gmt":"2025-08-07T13:42:38","slug":"casquette-de-baseball-milwaukee-4","status":"publish","type":"product","link":"https:\/\/lucacastelli.com\/fr\/produit\/casquette-de-baseball-milwaukee-4\/","title":{"rendered":"CASQUETTE DE BASEBALL MILWAUKEE"},"content":{"rendered":"<p>BCSGR-S\/M BASEBALL HAT GREY<br \/>\nL\u00e9ger pour se prot\u00e9ger du soleil, sur le lieu de travail ou \u00e0 l&#8217;ext\u00e9rieur;Protection UV contre les rayons solaires nocifs UPF 50+ selon EN 13758-1<\/p>\n<p>4932493097<br \/>\n4058546479688<\/p>\n","protected":false},"excerpt":{"rendered":"<p>BCSGR-S\/M CASQUETTE DE BASEBALL GRISE<\/p>\n","protected":false},"featured_media":560178,"template":"","meta":{"_seopress_robots_primary_cat":"","_seopress_titles_title":"","_seopress_titles_desc":"","_seopress_robots_index":""},"product_brand":[3658],"product_cat":[1390,81],"product_tag":[3273],"class_list":{"0":"post-603976","1":"product","2":"type-product","3":"status-publish","4":"has-post-thumbnail","6":"product_brand-milwaukee-fr","7":"product_cat-accessoires-dhabillement","8":"product_cat-vetements","9":"product_tag-import-milwau-fr","10":"sws-conto-ricavi-merci-rivendita-macchinari-fr","11":"sws-gruppo-iva-iva81-fr","13":"first","14":"onbackorder","15":"shipping-taxable","16":"purchasable","17":"product-type-simple"},"_links":{"self":[{"href":"https:\/\/lucacastelli.com\/fr\/wp-json\/wp\/v2\/product\/603976","targetHints":{"allow":["GET"]}}],"collection":[{"href":"https:\/\/lucacastelli.com\/fr\/wp-json\/wp\/v2\/product"}],"about":[{"href":"https:\/\/lucacastelli.com\/fr\/wp-json\/wp\/v2\/types\/product"}],"wp:featuredmedia":[{"embeddable":true,"href":"https:\/\/lucacastelli.com\/fr\/wp-json\/wp\/v2\/media\/560178"}],"wp:attachment":[{"href":"https:\/\/lucacastelli.com\/fr\/wp-json\/wp\/v2\/media?parent=603976"}],"wp:term":[{"taxonomy":"product_brand","embeddable":true,"href":"https:\/\/lucacastelli.com\/fr\/wp-json\/wp\/v2\/product_brand?post=603976"},{"taxonomy":"product_cat","embeddable":true,"href":"https:\/\/lucacastelli.com\/fr\/wp-json\/wp\/v2\/product_cat?post=603976"},{"taxonomy":"product_tag","embeddable":true,"href":"https:\/\/lucacastelli.com\/fr\/wp-json\/wp\/v2\/product_tag?post=603976"}],"curies":[{"name":"wp","href":"https:\/\/api.w.org\/{rel}","templated":true}]}}