{"id":603946,"date":"2025-08-10T15:59:08","date_gmt":"2025-08-10T13:59:08","guid":{"rendered":"https:\/\/lucacastelli.com\/prodotto\/milwaukee-chandail-a-capuchon-de-poids-moyen-gris\/"},"modified":"2025-08-10T15:59:08","modified_gmt":"2025-08-10T13:59:08","slug":"milwaukee-chandail-a-capuchon-de-poids-moyen-gris","status":"publish","type":"product","link":"https:\/\/lucacastelli.com\/fr\/produit\/milwaukee-chandail-a-capuchon-de-poids-moyen-gris\/","title":{"rendered":"Milwaukee Chandail \u00e0 capuchon de poids moyen &#8211; gris"},"content":{"rendered":"<p>WHMWGR-XXL GREY SWEATSHIRT<br \/>\nChandail \u00e0 capuchon de poids moyen pour une grande polyvalence saisonni\u00e8re;Poches avant renforc\u00e9es pour plus de durabilit\u00e9;Conception et coupe confortables te permettant de bouger librement et facilement sur le lieu de travail<\/p>\n<p>4932493125<br \/>\n4058546479961<\/p>\n","protected":false},"excerpt":{"rendered":"<p>WHMWGR-XXL GREY SWEATSHIRT Chandail \u00e0 capuchon de poids moyen pour une grande polyvalence saisonni\u00e8re;Poches avant renforc\u00e9es pour plus de durabilit\u00e9;Conception<\/p>\n","protected":false},"featured_media":600897,"template":"","meta":{"_seopress_robots_primary_cat":"","_seopress_titles_title":"","_seopress_titles_desc":"","_seopress_robots_index":""},"product_brand":[3658],"product_cat":[81,981,1381,982],"product_tag":[],"class_list":{"0":"post-603946","1":"product","2":"type-product","3":"status-publish","4":"has-post-thumbnail","6":"product_brand-milwaukee-fr","7":"product_cat-vetements","8":"product_cat-vetements-de-loisirs","9":"product_cat-vetements-de-travail","10":"product_cat-vetements-pour-hommes","11":"sws-gruppo-abb-libero-fr","12":"sws-conto-ricavi-merci-rivendita-abbigliamento-fr","13":"sws-gruppo-iva-iva81-fr","15":"first","16":"instock","17":"shipping-taxable","18":"purchasable","19":"product-type-variable","20":"has-default-attributes"},"_links":{"self":[{"href":"https:\/\/lucacastelli.com\/fr\/wp-json\/wp\/v2\/product\/603946","targetHints":{"allow":["GET"]}}],"collection":[{"href":"https:\/\/lucacastelli.com\/fr\/wp-json\/wp\/v2\/product"}],"about":[{"href":"https:\/\/lucacastelli.com\/fr\/wp-json\/wp\/v2\/types\/product"}],"wp:featuredmedia":[{"embeddable":true,"href":"https:\/\/lucacastelli.com\/fr\/wp-json\/wp\/v2\/media\/600897"}],"wp:attachment":[{"href":"https:\/\/lucacastelli.com\/fr\/wp-json\/wp\/v2\/media?parent=603946"}],"wp:term":[{"taxonomy":"product_brand","embeddable":true,"href":"https:\/\/lucacastelli.com\/fr\/wp-json\/wp\/v2\/product_brand?post=603946"},{"taxonomy":"product_cat","embeddable":true,"href":"https:\/\/lucacastelli.com\/fr\/wp-json\/wp\/v2\/product_cat?post=603946"},{"taxonomy":"product_tag","embeddable":true,"href":"https:\/\/lucacastelli.com\/fr\/wp-json\/wp\/v2\/product_tag?post=603946"}],"curies":[{"name":"wp","href":"https:\/\/api.w.org\/{rel}","templated":true}]}}