{"id":603895,"date":"2025-08-07T19:57:40","date_gmt":"2025-08-07T17:57:40","guid":{"rendered":"https:\/\/lucacastelli.com\/prodotto\/milwaukee-casquette-dhiver-3\/"},"modified":"2025-08-07T19:57:40","modified_gmt":"2025-08-07T17:57:40","slug":"milwaukee-casquette-dhiver-3","status":"publish","type":"product","link":"https:\/\/lucacastelli.com\/fr\/produit\/milwaukee-casquette-dhiver-3\/","title":{"rendered":"Milwaukee Casquette d&#8217;hiver"},"content":{"rendered":"<p>BNIRD WINTER BERRET RED<br \/>\nBonnet confortable qui prot\u00e8ge des environnements froids;Doubl\u00e9 de molleton pour le confort et la protection contre le vent;Construction 98% polyester, 2% spandex qui r\u00e9siste aux accrocs et aide \u00e0 pr\u00e9venir la transpiration et la surchauffe<\/p>\n<p>4932493111<br \/>\n4058546479824<\/p>\n","protected":false},"excerpt":{"rendered":"<p>BNIRD BONNET D&#8217;HIVER ROUGE<\/p>\n","protected":false},"featured_media":560454,"template":"","meta":{"_seopress_robots_primary_cat":"","_seopress_titles_title":"","_seopress_titles_desc":"","_seopress_robots_index":""},"product_brand":[3658],"product_cat":[81,1390],"product_tag":[3273],"class_list":{"0":"post-603895","1":"product","2":"type-product","3":"status-publish","4":"has-post-thumbnail","6":"product_brand-milwaukee-fr","7":"product_cat-vetements","8":"product_cat-accessoires-dhabillement","9":"product_tag-import-milwau-fr","10":"sws-conto-ricavi-merci-rivendita-macchinari-fr","11":"sws-gruppo-iva-iva81-fr","13":"first","14":"instock","15":"shipping-taxable","16":"purchasable","17":"product-type-simple"},"_links":{"self":[{"href":"https:\/\/lucacastelli.com\/fr\/wp-json\/wp\/v2\/product\/603895","targetHints":{"allow":["GET"]}}],"collection":[{"href":"https:\/\/lucacastelli.com\/fr\/wp-json\/wp\/v2\/product"}],"about":[{"href":"https:\/\/lucacastelli.com\/fr\/wp-json\/wp\/v2\/types\/product"}],"wp:featuredmedia":[{"embeddable":true,"href":"https:\/\/lucacastelli.com\/fr\/wp-json\/wp\/v2\/media\/560454"}],"wp:attachment":[{"href":"https:\/\/lucacastelli.com\/fr\/wp-json\/wp\/v2\/media?parent=603895"}],"wp:term":[{"taxonomy":"product_brand","embeddable":true,"href":"https:\/\/lucacastelli.com\/fr\/wp-json\/wp\/v2\/product_brand?post=603895"},{"taxonomy":"product_cat","embeddable":true,"href":"https:\/\/lucacastelli.com\/fr\/wp-json\/wp\/v2\/product_cat?post=603895"},{"taxonomy":"product_tag","embeddable":true,"href":"https:\/\/lucacastelli.com\/fr\/wp-json\/wp\/v2\/product_tag?post=603895"}],"curies":[{"name":"wp","href":"https:\/\/api.w.org\/{rel}","templated":true}]}}