{"id":603889,"date":"2025-08-07T19:56:56","date_gmt":"2025-08-07T17:56:56","guid":{"rendered":"https:\/\/lucacastelli.com\/prodotto\/milwaukee-casquette-dhiver-2\/"},"modified":"2025-08-07T19:56:56","modified_gmt":"2025-08-07T17:56:56","slug":"milwaukee-casquette-dhiver-2","status":"publish","type":"product","link":"https:\/\/lucacastelli.com\/fr\/produit\/milwaukee-casquette-dhiver-2\/","title":{"rendered":"Milwaukee Casquette d&#8217;hiver"},"content":{"rendered":"<p>BNIGR WINTER GRIGIO BERRET<br \/>\nBonnet confortable qui prot\u00e8ge des environnements froids;Doubl\u00e9 de molleton pour le confort et la protection contre le vent;Structure 98% polyester, 2% spandex qui r\u00e9siste aux accrocs et aide \u00e0 pr\u00e9venir la transpiration et la surchauffe<\/p>\n<p>4932493110<br \/>\n4058546479817<\/p>\n","protected":false},"excerpt":{"rendered":"<p>BNIGR BONNET D&#8217;HIVER GRIS<\/p>\n","protected":false},"featured_media":560449,"template":"","meta":{"_seopress_robots_primary_cat":"","_seopress_titles_title":"","_seopress_titles_desc":"","_seopress_robots_index":""},"product_brand":[3407],"product_cat":[21,186],"product_tag":[3270],"class_list":{"0":"post-603889","1":"product","2":"type-product","3":"status-publish","4":"has-post-thumbnail","6":"product_brand-milwaukee","7":"product_cat-abbigliamento","8":"product_cat-accessori-per-labbigliamento","9":"product_tag-import-milwau","10":"sws-conto-ricavi-merci-rivendita-macchinari-fr","11":"sws-gruppo-iva-iva81-fr","13":"first","14":"onbackorder","15":"shipping-taxable","16":"purchasable","17":"product-type-simple"},"_links":{"self":[{"href":"https:\/\/lucacastelli.com\/fr\/wp-json\/wp\/v2\/product\/603889","targetHints":{"allow":["GET"]}}],"collection":[{"href":"https:\/\/lucacastelli.com\/fr\/wp-json\/wp\/v2\/product"}],"about":[{"href":"https:\/\/lucacastelli.com\/fr\/wp-json\/wp\/v2\/types\/product"}],"wp:featuredmedia":[{"embeddable":true,"href":"https:\/\/lucacastelli.com\/fr\/wp-json\/wp\/v2\/media\/560449"}],"wp:attachment":[{"href":"https:\/\/lucacastelli.com\/fr\/wp-json\/wp\/v2\/media?parent=603889"}],"wp:term":[{"taxonomy":"product_brand","embeddable":true,"href":"https:\/\/lucacastelli.com\/fr\/wp-json\/wp\/v2\/product_brand?post=603889"},{"taxonomy":"product_cat","embeddable":true,"href":"https:\/\/lucacastelli.com\/fr\/wp-json\/wp\/v2\/product_cat?post=603889"},{"taxonomy":"product_tag","embeddable":true,"href":"https:\/\/lucacastelli.com\/fr\/wp-json\/wp\/v2\/product_tag?post=603889"}],"curies":[{"name":"wp","href":"https:\/\/api.w.org\/{rel}","templated":true}]}}