{"id":603886,"date":"2025-08-07T15:42:41","date_gmt":"2025-08-07T13:42:41","guid":{"rendered":"https:\/\/lucacastelli.com\/prodotto\/casquette-de-baseball-milwaukee-3\/"},"modified":"2025-08-07T15:42:41","modified_gmt":"2025-08-07T13:42:41","slug":"casquette-de-baseball-milwaukee-3","status":"publish","type":"product","link":"https:\/\/lucacastelli.com\/fr\/produit\/casquette-de-baseball-milwaukee-3\/","title":{"rendered":"CASQUETTE DE BASEBALL MILWAUKEE"},"content":{"rendered":"<p>BCSR- L\/XL RED BASEBALL HAT<br \/>\nL\u00e9ger pour se prot\u00e9ger du soleil, sur le lieu de travail ou \u00e0 l&#8217;ext\u00e9rieur;Protection UV contre les rayons nocifs du soleil UPF 50+ selon EN 13758-1<\/p>\n<p>4932493100<br \/>\n4058546479718<\/p>\n","protected":false},"excerpt":{"rendered":"<p>BCSR- L\/XL ROUGE CASQUETTE DE BASEBALL<\/p>\n","protected":false},"featured_media":560280,"template":"","meta":{"_seopress_robots_primary_cat":"","_seopress_titles_title":"","_seopress_titles_desc":"","_seopress_robots_index":""},"product_brand":[3407],"product_cat":[21,186],"product_tag":[3270],"class_list":{"0":"post-603886","1":"product","2":"type-product","3":"status-publish","4":"has-post-thumbnail","6":"product_brand-milwaukee","7":"product_cat-abbigliamento","8":"product_cat-accessori-per-labbigliamento","9":"product_tag-import-milwau","10":"sws-conto-ricavi-merci-rivendita-macchinari-fr","11":"sws-gruppo-iva-iva81-fr","13":"first","14":"onbackorder","15":"shipping-taxable","16":"purchasable","17":"product-type-simple"},"_links":{"self":[{"href":"https:\/\/lucacastelli.com\/fr\/wp-json\/wp\/v2\/product\/603886","targetHints":{"allow":["GET"]}}],"collection":[{"href":"https:\/\/lucacastelli.com\/fr\/wp-json\/wp\/v2\/product"}],"about":[{"href":"https:\/\/lucacastelli.com\/fr\/wp-json\/wp\/v2\/types\/product"}],"wp:featuredmedia":[{"embeddable":true,"href":"https:\/\/lucacastelli.com\/fr\/wp-json\/wp\/v2\/media\/560280"}],"wp:attachment":[{"href":"https:\/\/lucacastelli.com\/fr\/wp-json\/wp\/v2\/media?parent=603886"}],"wp:term":[{"taxonomy":"product_brand","embeddable":true,"href":"https:\/\/lucacastelli.com\/fr\/wp-json\/wp\/v2\/product_brand?post=603886"},{"taxonomy":"product_cat","embeddable":true,"href":"https:\/\/lucacastelli.com\/fr\/wp-json\/wp\/v2\/product_cat?post=603886"},{"taxonomy":"product_tag","embeddable":true,"href":"https:\/\/lucacastelli.com\/fr\/wp-json\/wp\/v2\/product_tag?post=603886"}],"curies":[{"name":"wp","href":"https:\/\/api.w.org\/{rel}","templated":true}]}}