{"id":603861,"date":"2025-08-10T18:48:47","date_gmt":"2025-08-10T16:48:47","guid":{"rendered":"https:\/\/lucacastelli.com\/prodotto\/marteau-de-demolition-de-classe-10-kg-milwaukee-2\/"},"modified":"2025-08-10T18:48:47","modified_gmt":"2025-08-10T16:48:47","slug":"marteau-de-demolition-de-classe-10-kg-milwaukee-2","status":"publish","type":"product","link":"https:\/\/lucacastelli.com\/fr\/produit\/marteau-de-demolition-de-classe-10-kg-milwaukee-2\/","title":{"rendered":"Marteau de d\u00e9molition de classe 10 kg Milwaukee"},"content":{"rendered":"<p>K900K\/DEMOLITEURS ET PERFORATEURS<br \/>\n\u00c9nergie de soufflage de 20 J pour des performances de d\u00e9molition in\u00e9gal\u00e9es;Moteur de 1600 W, le meilleur de sa cat\u00e9gorie, avec beaucoup de puissance pour les applications lourdes;\u00c9lectronique num\u00e9rique DIGITRONIC\u2122 \u00e0 onde pleine pour un r\u00e9glage pr\u00e9cis de la puissance en fonction de l&#8217;application;3 poign\u00e9es, toutes dot\u00e9es de la technologie AVS (anti-vibration) et de la poign\u00e9e Softgrip pour un confort accru et une r\u00e9duction de la fatigue de l&#8217;op\u00e9rateur ;Indicateur LED d&#8217;\u00e9tat de service;Syst\u00e8me de lubrification de l&#8217;outil pour une plus longue dur\u00e9e de vie du produit;Conception verticale du moteur pour un plus grand confort dans les applications verticales;Id\u00e9al pour une utilisation en combinaison avec des g\u00e9n\u00e9rateurs;Variolock avec 12 positions pour ajuster l&#8217;angle de burinage;C\u00e2ble de 6 m<\/p>\n<p>4933375650<br \/>\n4002395231614.<\/p>\n","protected":false},"excerpt":{"rendered":"<p>K900K\/D\u00c9MOLISSEURS ET PERFORATEURS<\/p>\n","protected":false},"featured_media":568117,"template":"","meta":{"_seopress_robots_primary_cat":"","_seopress_titles_title":"","_seopress_titles_desc":"","_seopress_robots_index":""},"product_brand":[3407],"product_cat":[5531,29],"product_tag":[3270],"class_list":{"0":"post-603861","1":"product","2":"type-product","3":"status-publish","4":"has-post-thumbnail","6":"product_brand-milwaukee","7":"product_cat-vari-macchinari-milwaukee","8":"product_cat-macchinari","9":"product_tag-import-milwau","10":"sws-conto-ricavi-merci-rivendita-macchinari-fr","11":"sws-gruppo-iva-iva81-fr","13":"first","14":"onbackorder","15":"shipping-taxable","16":"purchasable","17":"product-type-simple"},"_links":{"self":[{"href":"https:\/\/lucacastelli.com\/fr\/wp-json\/wp\/v2\/product\/603861","targetHints":{"allow":["GET"]}}],"collection":[{"href":"https:\/\/lucacastelli.com\/fr\/wp-json\/wp\/v2\/product"}],"about":[{"href":"https:\/\/lucacastelli.com\/fr\/wp-json\/wp\/v2\/types\/product"}],"wp:featuredmedia":[{"embeddable":true,"href":"https:\/\/lucacastelli.com\/fr\/wp-json\/wp\/v2\/media\/568117"}],"wp:attachment":[{"href":"https:\/\/lucacastelli.com\/fr\/wp-json\/wp\/v2\/media?parent=603861"}],"wp:term":[{"taxonomy":"product_brand","embeddable":true,"href":"https:\/\/lucacastelli.com\/fr\/wp-json\/wp\/v2\/product_brand?post=603861"},{"taxonomy":"product_cat","embeddable":true,"href":"https:\/\/lucacastelli.com\/fr\/wp-json\/wp\/v2\/product_cat?post=603861"},{"taxonomy":"product_tag","embeddable":true,"href":"https:\/\/lucacastelli.com\/fr\/wp-json\/wp\/v2\/product_tag?post=603861"}],"curies":[{"name":"wp","href":"https:\/\/api.w.org\/{rel}","templated":true}]}}