{"id":603857,"date":"2025-08-10T18:48:46","date_gmt":"2025-08-10T16:48:46","guid":{"rendered":"https:\/\/lucacastelli.com\/prodotto\/milwaukee-marteau-de-demolition-classe-5kg\/"},"modified":"2025-08-10T18:48:46","modified_gmt":"2025-08-10T16:48:46","slug":"milwaukee-marteau-de-demolition-classe-5kg","status":"publish","type":"product","link":"https:\/\/lucacastelli.com\/fr\/produit\/milwaukee-marteau-de-demolition-classe-5kg\/","title":{"rendered":"Milwaukee Marteau de d\u00e9molition classe 5kg"},"content":{"rendered":"<p>K500S\/DEMOLITEURS ET PERFORATEURS<br \/>\nFournit une \u00e9nergie de 8.5J d&#8217;\u00e9nergie de soufflage pour une d\u00e9molition efficace;Puissance de 1300 W et bo\u00eete de vitesse m\u00e9tallique pour une dissipation optimale de la chaleur et une dur\u00e9e de vie plus longue;Contr\u00f4le \u00e9lectronique de la vitesse m\u00eame sous charge pour des performances maximales;D\u00e9marrage progressif;Syst\u00e8me anti-vibration (AVS) avec Softgrip sur les deux poign\u00e9es pour une att\u00e9nuation maximale des vibrations ;Poign\u00e9e AVS suppl\u00e9mentaire sur 3 positions diff\u00e9rentes;Mode percussion douce ;Ciseau orientable dans diff\u00e9rentes positions;Indicateur LED d&#8217;\u00e9tat de maintenance;Variolock avec 12 positions pour r\u00e9gler l&#8217;angle de burinage;C\u00e2ble de 6 m<\/p>\n<p>4933398220<br \/>\n4002395234059<\/p>\n","protected":false},"excerpt":{"rendered":"<p>K500S\/D\u00c9MOLISSEURS ET PERFORATEURS<\/p>\n","protected":false},"featured_media":568661,"template":"","meta":{"_seopress_robots_primary_cat":"","_seopress_titles_title":"","_seopress_titles_desc":"","_seopress_robots_index":""},"product_brand":[3407],"product_cat":[5531,29],"product_tag":[3270],"class_list":{"0":"post-603857","1":"product","2":"type-product","3":"status-publish","4":"has-post-thumbnail","6":"product_brand-milwaukee","7":"product_cat-vari-macchinari-milwaukee","8":"product_cat-macchinari","9":"product_tag-import-milwau","10":"sws-conto-ricavi-merci-rivendita-macchinari-fr","11":"sws-gruppo-iva-iva81-fr","13":"first","14":"onbackorder","15":"shipping-taxable","16":"purchasable","17":"product-type-simple"},"_links":{"self":[{"href":"https:\/\/lucacastelli.com\/fr\/wp-json\/wp\/v2\/product\/603857","targetHints":{"allow":["GET"]}}],"collection":[{"href":"https:\/\/lucacastelli.com\/fr\/wp-json\/wp\/v2\/product"}],"about":[{"href":"https:\/\/lucacastelli.com\/fr\/wp-json\/wp\/v2\/types\/product"}],"wp:featuredmedia":[{"embeddable":true,"href":"https:\/\/lucacastelli.com\/fr\/wp-json\/wp\/v2\/media\/568661"}],"wp:attachment":[{"href":"https:\/\/lucacastelli.com\/fr\/wp-json\/wp\/v2\/media?parent=603857"}],"wp:term":[{"taxonomy":"product_brand","embeddable":true,"href":"https:\/\/lucacastelli.com\/fr\/wp-json\/wp\/v2\/product_brand?post=603857"},{"taxonomy":"product_cat","embeddable":true,"href":"https:\/\/lucacastelli.com\/fr\/wp-json\/wp\/v2\/product_cat?post=603857"},{"taxonomy":"product_tag","embeddable":true,"href":"https:\/\/lucacastelli.com\/fr\/wp-json\/wp\/v2\/product_tag?post=603857"}],"curies":[{"name":"wp","href":"https:\/\/api.w.org\/{rel}","templated":true}]}}