{"id":603854,"date":"2025-08-10T18:48:44","date_gmt":"2025-08-10T16:48:44","guid":{"rendered":"https:\/\/lucacastelli.com\/prodotto\/kit-milwaukee-m12-fuel-marteau-perforateur-mini-coupeur-multi-materiaux-12v\/"},"modified":"2025-08-14T12:52:59","modified_gmt":"2025-08-14T10:52:59","slug":"kit-milwaukee-m12-fuel-marteau-perforateur-mini-coupeur-multi-materiaux-12v","status":"publish","type":"product","link":"https:\/\/lucacastelli.com\/fr\/produit\/kit-milwaukee-m12-fuel-marteau-perforateur-mini-coupeur-multi-materiaux-12v\/","title":{"rendered":"Milwaukee M12 FUEL Kit Marteau perforateur + Mini Tron\u00e7onneuses multi-mat\u00e9riaux (12V)"},"content":{"rendered":"<p>M12 FPP2G2-402X \/KIT<br \/>\nEnsemble de machines 12 V compos\u00e9 de : M12 FPD2 &#8211; M12 FUEL Marteau perforateur, M12 FCOT &#8211; M12 FUEL Mini Tron\u00e7onneuses multi-mat\u00e9riaux, 2 x M12 B4 Pack batterie, C12 C Charger, HeavyDuty Case<\/p>\n<p>4933480592<br \/>\n4058546408770.<\/p>\n","protected":false},"excerpt":{"rendered":"<p>M12 FPP2G2-402X \/KIT<\/p>\n","protected":false},"featured_media":582747,"template":"","meta":{"_seopress_robots_primary_cat":"","_seopress_titles_title":"","_seopress_titles_desc":"","_seopress_robots_index":""},"product_brand":[3407],"product_cat":[5531,29],"product_tag":[3270],"class_list":{"0":"post-603854","1":"product","2":"type-product","3":"status-publish","4":"has-post-thumbnail","6":"product_brand-milwaukee","7":"product_cat-vari-macchinari-milwaukee","8":"product_cat-macchinari","9":"product_tag-import-milwau","10":"sws-conto-ricavi-merci-rivendita-macchinari-fr","11":"sws-gruppo-iva-iva81-fr","13":"first","14":"onbackorder","15":"shipping-taxable","16":"purchasable","17":"product-type-simple"},"_links":{"self":[{"href":"https:\/\/lucacastelli.com\/fr\/wp-json\/wp\/v2\/product\/603854","targetHints":{"allow":["GET"]}}],"collection":[{"href":"https:\/\/lucacastelli.com\/fr\/wp-json\/wp\/v2\/product"}],"about":[{"href":"https:\/\/lucacastelli.com\/fr\/wp-json\/wp\/v2\/types\/product"}],"wp:featuredmedia":[{"embeddable":true,"href":"https:\/\/lucacastelli.com\/fr\/wp-json\/wp\/v2\/media\/582747"}],"wp:attachment":[{"href":"https:\/\/lucacastelli.com\/fr\/wp-json\/wp\/v2\/media?parent=603854"}],"wp:term":[{"taxonomy":"product_brand","embeddable":true,"href":"https:\/\/lucacastelli.com\/fr\/wp-json\/wp\/v2\/product_brand?post=603854"},{"taxonomy":"product_cat","embeddable":true,"href":"https:\/\/lucacastelli.com\/fr\/wp-json\/wp\/v2\/product_cat?post=603854"},{"taxonomy":"product_tag","embeddable":true,"href":"https:\/\/lucacastelli.com\/fr\/wp-json\/wp\/v2\/product_tag?post=603854"}],"curies":[{"name":"wp","href":"https:\/\/api.w.org\/{rel}","templated":true}]}}