{"id":603850,"date":"2025-08-10T18:48:45","date_gmt":"2025-08-10T16:48:45","guid":{"rendered":"https:\/\/lucacastelli.com\/prodotto\/milwaukee-marteau-de-demolition-de-25-kg\/"},"modified":"2025-08-10T18:48:45","modified_gmt":"2025-08-10T16:48:45","slug":"milwaukee-marteau-de-demolition-de-25-kg","status":"publish","type":"product","link":"https:\/\/lucacastelli.com\/fr\/produit\/milwaukee-marteau-de-demolition-de-25-kg\/","title":{"rendered":"Milwaukee Marteau de d\u00e9molition de 25 kg"},"content":{"rendered":"<p>K2628H\/D\u00c9MOLITEURS ET PERFORATEURS<br \/>\n64 J d&#8217;\u00e9nergie de soufflage, pour les applications les plus lourdes;Syst\u00e8me AVS innovant pour travailler avec moins de vibrations;Poign\u00e9e de transport pour une maniabilit\u00e9 et un contr\u00f4le maximum pendant le transport;1200 c\/min pour une performance maximale pendant la d\u00e9molition;Moteur sans balais pour un minimum d&#8217;entretien;C\u00e2ble de 10 m de long permettant une utilisation dans une zone allant jusqu&#8217;\u00e0 314 m\u00b2;Douille hexagonale de 28 mm;Disponible s\u00e9par\u00e9ment. chariot de transport avec logement pour 4 burins et c\u00e2ble<\/p>\n<p>4933471685<br \/>\n4058546295844<\/p>\n","protected":false},"excerpt":{"rendered":"<p>K2628H\/D\u00c9MOLISSEURS ET PERFORATEURS<\/p>\n","protected":false},"featured_media":600391,"template":"","meta":{"_seopress_robots_primary_cat":"","_seopress_titles_title":"","_seopress_titles_desc":"","_seopress_robots_index":""},"product_brand":[3407],"product_cat":[5531,29],"product_tag":[3270],"class_list":{"0":"post-603850","1":"product","2":"type-product","3":"status-publish","4":"has-post-thumbnail","6":"product_brand-milwaukee","7":"product_cat-vari-macchinari-milwaukee","8":"product_cat-macchinari","9":"product_tag-import-milwau","10":"sws-conto-ricavi-merci-rivendita-macchinari-fr","11":"sws-gruppo-iva-iva81-fr","13":"first","14":"onbackorder","15":"shipping-taxable","16":"purchasable","17":"product-type-simple"},"_links":{"self":[{"href":"https:\/\/lucacastelli.com\/fr\/wp-json\/wp\/v2\/product\/603850","targetHints":{"allow":["GET"]}}],"collection":[{"href":"https:\/\/lucacastelli.com\/fr\/wp-json\/wp\/v2\/product"}],"about":[{"href":"https:\/\/lucacastelli.com\/fr\/wp-json\/wp\/v2\/types\/product"}],"wp:featuredmedia":[{"embeddable":true,"href":"https:\/\/lucacastelli.com\/fr\/wp-json\/wp\/v2\/media\/600391"}],"wp:attachment":[{"href":"https:\/\/lucacastelli.com\/fr\/wp-json\/wp\/v2\/media?parent=603850"}],"wp:term":[{"taxonomy":"product_brand","embeddable":true,"href":"https:\/\/lucacastelli.com\/fr\/wp-json\/wp\/v2\/product_brand?post=603850"},{"taxonomy":"product_cat","embeddable":true,"href":"https:\/\/lucacastelli.com\/fr\/wp-json\/wp\/v2\/product_cat?post=603850"},{"taxonomy":"product_tag","embeddable":true,"href":"https:\/\/lucacastelli.com\/fr\/wp-json\/wp\/v2\/product_tag?post=603850"}],"curies":[{"name":"wp","href":"https:\/\/api.w.org\/{rel}","templated":true}]}}