{"id":603849,"date":"2025-08-10T18:48:43","date_gmt":"2025-08-10T16:48:43","guid":{"rendered":"https:\/\/lucacastelli.com\/prodotto\/kit-milwaukee-m12-fuel-perceuse-a-percussion-conducteur-a-percussion-%c2%bd%e2%80%b3-f-12v\/"},"modified":"2025-08-10T18:48:43","modified_gmt":"2025-08-10T16:48:43","slug":"kit-milwaukee-m12-fuel-perceuse-a-percussion-conducteur-a-percussion-%c2%bd%e2%80%b3-f-12v","status":"publish","type":"product","link":"https:\/\/lucacastelli.com\/fr\/produit\/kit-milwaukee-m12-fuel-perceuse-a-percussion-conducteur-a-percussion-%c2%bd%e2%80%b3-f-12v\/","title":{"rendered":"Kit Milwaukee M12 FUEL\u2122 Perceuse \u00e0 percussion + Conducteur \u00e0 percussion \u00bd\u2033 F (12V)"},"content":{"rendered":"<p>M12FPP2X2-402X \/KIT M12FPD2+M12FCIWF12G3<br \/>\nM12FPD2 Perceuse-visseuse \u00e0 percussion sans fil compacte;La petite taille (152 mm) permet d&#8217;acc\u00e9der aux espaces les plus restreints;Couple de 45 Nm &#8211; Excellent rapport couple\/taille ;Mandrin m\u00e9tallique Heavy Duty de 13 mm qui maintient les embouts ou les m\u00e8ches en toute s\u00e9curit\u00e9, ce qui facilite le changement;Embrayage m\u00e9canique avec 13 r\u00e9glages, s\u00e9lecteur non-impact\/impact;Clip de ceinture et lumi\u00e8re LED;Notre plateforme FUEL\u2122 DNA red\u00e9finit la technologie sans fil. Le moteur sans balai POWERSTATE\u2122, les batteries REDLITHIUM\u2122 et l&#8217;\u00e9lectronique intelligente REDLINK PLUS\u2122 offrent une puissance, une autonomie et une durabilit\u00e9 in\u00e9gal\u00e9es;Compatible avec toutes les batteries M12\u2122;M12FCIWF12G3 Cl\u00e9 \u00e0 chocs sans fil 1\/2 pouce;Couple de serrage de 542 Nm et de desserrage de 746 Nm. La plus puissante de sa cat\u00e9gorie;Compacte et l\u00e9g\u00e8re, elle p\u00e8se 1 kg et mesure un peu plus de 12 cm de long;Vitesse exceptionnelle : 3000 tr\/min;4 modes DRIVE CONTROL pour changer de vitesse directement depuis l&#8217;outil;Une pression sur l&#8217;interrupteur permet de s\u00e9lectionner rapidement la vitesse;3 LED \u00e0 l&#8217;avant \u00e9clairent la zone de travail;La technologie FUEL\u2122 red\u00e9finit les outils \u00e9lectriques sans fil. Le moteur sans balais, l&#8217;\u00e9lectronique REDLINK PLUS\u2122 et la batterie REDLITHIUM\u2122 offrent des performances et une durabilit\u00e9 sup\u00e9rieures;Fonctionne avec toutes les batteries M12\u2122 Milwaukee;Lunettes de protection transparentes anti-rayures et antibu\u00e9e;L\u00e9g\u00e8res, pour un plus grand confort d&#8217;utilisation;Lentilles anti-rayures;Lentilles antibu\u00e9e;Branches lat\u00e9rales confortables et flexibles pour un plus grand confort;Certification europ\u00e9enne : EN166 et EN170 \/ EN172;Bouchons d&#8217;oreille avec cordon;Att\u00e9nuation efficace du bruit SNR = 31 dB;Cordon confortable permettant de placer les bouchons d&#8217;oreille autour du cou lorsqu&#8217;ils ne sont pas utilis\u00e9s;Construits en silicone souple, pour un confort maximal m\u00eame en cas d&#8217;utilisation prolong\u00e9e. R\u00e9utilisables, lav\u00e9s \u00e0 l&#8217;eau courante avec un savon doux;Gr\u00e2ce \u00e0 leur conception, ils sont faciles et rapides \u00e0 mettre en place pour un ajustement maximal;Etui rigide pratique inclus, pour ranger les bouchons d&#8217;oreille apr\u00e8s utilisation;Certification europ\u00e9enne pour les protecteurs auditifs &#8211; Bouchons d&#8217;oreille : EN 352-2;Pack de trois bouchons d&#8217;oreille avec cordon + un \u00e9tui pratique;EPI CAT III    <\/p>\n<p>4933498741<br \/>\n4058546526108<\/p>\n","protected":false},"excerpt":{"rendered":"<p>M12FPP2X2-402X \/KIT M12FPD2+M12FCIWF12G3<\/p>\n","protected":false},"featured_media":600734,"template":"","meta":{"_seopress_robots_primary_cat":"","_seopress_titles_title":"","_seopress_titles_desc":"","_seopress_robots_index":""},"product_brand":[3407],"product_cat":[5531,29],"product_tag":[3270],"class_list":{"0":"post-603849","1":"product","2":"type-product","3":"status-publish","4":"has-post-thumbnail","6":"product_brand-milwaukee","7":"product_cat-vari-macchinari-milwaukee","8":"product_cat-macchinari","9":"product_tag-import-milwau","10":"sws-conto-ricavi-merci-rivendita-macchinari-fr","11":"sws-gruppo-iva-iva81-fr","13":"first","14":"onbackorder","15":"shipping-taxable","16":"purchasable","17":"product-type-simple"},"_links":{"self":[{"href":"https:\/\/lucacastelli.com\/fr\/wp-json\/wp\/v2\/product\/603849","targetHints":{"allow":["GET"]}}],"collection":[{"href":"https:\/\/lucacastelli.com\/fr\/wp-json\/wp\/v2\/product"}],"about":[{"href":"https:\/\/lucacastelli.com\/fr\/wp-json\/wp\/v2\/types\/product"}],"wp:featuredmedia":[{"embeddable":true,"href":"https:\/\/lucacastelli.com\/fr\/wp-json\/wp\/v2\/media\/600734"}],"wp:attachment":[{"href":"https:\/\/lucacastelli.com\/fr\/wp-json\/wp\/v2\/media?parent=603849"}],"wp:term":[{"taxonomy":"product_brand","embeddable":true,"href":"https:\/\/lucacastelli.com\/fr\/wp-json\/wp\/v2\/product_brand?post=603849"},{"taxonomy":"product_cat","embeddable":true,"href":"https:\/\/lucacastelli.com\/fr\/wp-json\/wp\/v2\/product_cat?post=603849"},{"taxonomy":"product_tag","embeddable":true,"href":"https:\/\/lucacastelli.com\/fr\/wp-json\/wp\/v2\/product_tag?post=603849"}],"curies":[{"name":"wp","href":"https:\/\/api.w.org\/{rel}","templated":true}]}}