{"id":603839,"date":"2025-08-10T18:47:44","date_gmt":"2025-08-10T16:47:44","guid":{"rendered":"https:\/\/lucacastelli.com\/prodotto\/milwaukee-lames-de-couteau-de-remplacement-lame-de-secteur-3\/"},"modified":"2025-08-10T18:47:44","modified_gmt":"2025-08-10T16:47:44","slug":"milwaukee-lames-de-couteau-de-remplacement-lame-de-secteur-3","status":"publish","type":"product","link":"https:\/\/lucacastelli.com\/fr\/produit\/milwaukee-lames-de-couteau-de-remplacement-lame-de-secteur-3\/","title":{"rendered":"Milwaukee Lames de couteau de remplacement Lame de secteur"},"content":{"rendered":"<p>Lame argent\u00e9e de 18 mm 10PCS\/CASE<br \/>\nLames cassantes dans un distributeur confortable pour un rangement s\u00fbr;G\u00e9om\u00e9trie optimis\u00e9e des lames pour des coupes plus nettes;Acier au micro carbure pour une plus grande durabilit\u00e9<\/p>\n<p>4932480107<br \/>\n4058546403928<\/p>\n","protected":false},"excerpt":{"rendered":"<p>Lame argent\u00e9e de 18 mm 10PCS\/CASE<\/p>\n","protected":false},"featured_media":546866,"template":"","meta":{"_seopress_robots_primary_cat":"","_seopress_titles_title":"","_seopress_titles_desc":"","_seopress_robots_index":""},"product_brand":[3407],"product_cat":[5416,33],"product_tag":[3270],"class_list":{"0":"post-603839","1":"product","2":"type-product","3":"status-publish","4":"has-post-thumbnail","6":"product_brand-milwaukee","7":"product_cat-utensili-per-officina","8":"product_cat-attrezzature","9":"product_tag-import-milwau","10":"sws-conto-ricavi-merci-rivendita-macchinari-fr","11":"sws-gruppo-iva-iva81-fr","13":"first","14":"onbackorder","15":"shipping-taxable","16":"purchasable","17":"product-type-simple"},"_links":{"self":[{"href":"https:\/\/lucacastelli.com\/fr\/wp-json\/wp\/v2\/product\/603839","targetHints":{"allow":["GET"]}}],"collection":[{"href":"https:\/\/lucacastelli.com\/fr\/wp-json\/wp\/v2\/product"}],"about":[{"href":"https:\/\/lucacastelli.com\/fr\/wp-json\/wp\/v2\/types\/product"}],"wp:featuredmedia":[{"embeddable":true,"href":"https:\/\/lucacastelli.com\/fr\/wp-json\/wp\/v2\/media\/546866"}],"wp:attachment":[{"href":"https:\/\/lucacastelli.com\/fr\/wp-json\/wp\/v2\/media?parent=603839"}],"wp:term":[{"taxonomy":"product_brand","embeddable":true,"href":"https:\/\/lucacastelli.com\/fr\/wp-json\/wp\/v2\/product_brand?post=603839"},{"taxonomy":"product_cat","embeddable":true,"href":"https:\/\/lucacastelli.com\/fr\/wp-json\/wp\/v2\/product_cat?post=603839"},{"taxonomy":"product_tag","embeddable":true,"href":"https:\/\/lucacastelli.com\/fr\/wp-json\/wp\/v2\/product_tag?post=603839"}],"curies":[{"name":"wp","href":"https:\/\/api.w.org\/{rel}","templated":true}]}}