{"id":603827,"date":"2025-08-10T18:43:05","date_gmt":"2025-08-10T16:43:05","guid":{"rendered":"https:\/\/lucacastelli.com\/prodotto\/lames-de-scie-circulaire-pour-outils-a-main-milwaukee\/"},"modified":"2025-08-14T12:56:22","modified_gmt":"2025-08-14T10:56:22","slug":"lames-de-scie-circulaire-pour-outils-a-main-milwaukee","status":"publish","type":"product","link":"https:\/\/lucacastelli.com\/fr\/produit\/lames-de-scie-circulaire-pour-outils-a-main-milwaukee\/","title":{"rendered":"Lames pour scie circulaire pour outils \u00e0 main Milwaukee"},"content":{"rendered":"<p>LAME CIRCULAIRE Diam.\/trou mm 165\/5\/8 Z4<br \/>\nRev\u00eatement PTFE : coupe \u00e0 froid, antiadh\u00e9sif pour des coupes plus rapides. Prot\u00e8ge contre la corrosion et l&#8217;accumulation de r\u00e9sine ; Fentes d&#8217;exapnsion : faibles vibrations et plus grande pr\u00e9cision. Les fentes sont remplies de polyur\u00e9thane et agissent comme des amortisseurs, isolant les dents des vibrations ;Acier de haute qualit\u00e9 d\u00e9coup\u00e9 au laser : pr\u00e9cision garantie ;Dents en carbure de tungst\u00e8ne cobalt : coupes nettes et pr\u00e9cises.  <\/p>\n<p>4932493217<br \/>\n4058546480882<\/p>\n","protected":false},"excerpt":{"rendered":"<p>LAMES CIRC. Diam\u00e8tre\/trou mm 165\/5\/8 Z4<\/p>\n","protected":false},"featured_media":601023,"template":"","meta":{"_seopress_robots_primary_cat":"","_seopress_titles_title":"","_seopress_titles_desc":"","_seopress_robots_index":""},"product_brand":[3658],"product_cat":[167,1453,1534,1543],"product_tag":[3273],"class_list":{"0":"post-603827","1":"product","2":"type-product","3":"status-publish","4":"has-post-thumbnail","6":"product_brand-milwaukee-fr","7":"product_cat-machines","8":"product_cat-autres-appareils","9":"product_cat-scies","10":"product_cat-fendeuses-de-buches-et-scies-circulaires","11":"product_tag-import-milwau-fr","12":"sws-conto-ricavi-merci-rivendita-macchinari-fr","13":"sws-gruppo-iva-iva81-fr","15":"first","16":"onbackorder","17":"shipping-taxable","18":"purchasable","19":"product-type-simple"},"_links":{"self":[{"href":"https:\/\/lucacastelli.com\/fr\/wp-json\/wp\/v2\/product\/603827","targetHints":{"allow":["GET"]}}],"collection":[{"href":"https:\/\/lucacastelli.com\/fr\/wp-json\/wp\/v2\/product"}],"about":[{"href":"https:\/\/lucacastelli.com\/fr\/wp-json\/wp\/v2\/types\/product"}],"wp:featuredmedia":[{"embeddable":true,"href":"https:\/\/lucacastelli.com\/fr\/wp-json\/wp\/v2\/media\/601023"}],"wp:attachment":[{"href":"https:\/\/lucacastelli.com\/fr\/wp-json\/wp\/v2\/media?parent=603827"}],"wp:term":[{"taxonomy":"product_brand","embeddable":true,"href":"https:\/\/lucacastelli.com\/fr\/wp-json\/wp\/v2\/product_brand?post=603827"},{"taxonomy":"product_cat","embeddable":true,"href":"https:\/\/lucacastelli.com\/fr\/wp-json\/wp\/v2\/product_cat?post=603827"},{"taxonomy":"product_tag","embeddable":true,"href":"https:\/\/lucacastelli.com\/fr\/wp-json\/wp\/v2\/product_tag?post=603827"}],"curies":[{"name":"wp","href":"https:\/\/api.w.org\/{rel}","templated":true}]}}