{"id":603824,"date":"2025-08-10T18:40:53","date_gmt":"2025-08-10T16:40:53","guid":{"rendered":"https:\/\/lucacastelli.com\/prodotto\/milwaukee-lame-de-remplacement-pour-scie-a-archet-300-mm\/"},"modified":"2025-08-10T18:40:53","modified_gmt":"2025-08-10T16:40:53","slug":"milwaukee-lame-de-remplacement-pour-scie-a-archet-300-mm","status":"publish","type":"product","link":"https:\/\/lucacastelli.com\/fr\/produit\/milwaukee-lame-de-remplacement-pour-scie-a-archet-300-mm\/","title":{"rendered":"MILWAUKEE LAME DE REMPLACEMENT POUR SCIE \u00c0 ARCHET 300 MM."},"content":{"rendered":"<p>LAME DE REMPLACEMENT POUR LA SCIE \u00c0 ARC 300 MM<br \/>\nLame de 12&#8221;- (300 mm) avec 24 dents par pouce;Construction bim\u00e9tallique pour une durabilit\u00e9 et une dur\u00e9e de vie accrues;Applications : corni\u00e8res, tuyaux, laiton, acier de faible \u00e9paisseur;Peut \u00eatre utilis\u00e9e avec la scie \u00e0 arc et la mini-scie \u00e0 arc<\/p>\n<p>4932493923<br \/>\n4058546510831<\/p>\n","protected":false},"excerpt":{"rendered":"<p>LAME DE RECHANGE POUR SCIE \u00c0 ARCHET 300 MM<\/p>\n","protected":false},"featured_media":564674,"template":"","meta":{"_seopress_robots_primary_cat":"","_seopress_titles_title":"","_seopress_titles_desc":"","_seopress_robots_index":""},"product_brand":[3407],"product_cat":[29,514,558],"product_tag":[3270],"class_list":{"0":"post-603824","1":"product","2":"type-product","3":"status-publish","4":"has-post-thumbnail","6":"product_brand-milwaukee","7":"product_cat-macchinari","8":"product_cat-altri-dispositivi","9":"product_cat-seghe-accessori-vari","10":"product_tag-import-milwau","11":"sws-conto-ricavi-merci-rivendita-macchinari-fr","12":"sws-gruppo-iva-iva81-fr","14":"first","15":"onbackorder","16":"shipping-taxable","17":"purchasable","18":"product-type-simple"},"_links":{"self":[{"href":"https:\/\/lucacastelli.com\/fr\/wp-json\/wp\/v2\/product\/603824","targetHints":{"allow":["GET"]}}],"collection":[{"href":"https:\/\/lucacastelli.com\/fr\/wp-json\/wp\/v2\/product"}],"about":[{"href":"https:\/\/lucacastelli.com\/fr\/wp-json\/wp\/v2\/types\/product"}],"wp:featuredmedia":[{"embeddable":true,"href":"https:\/\/lucacastelli.com\/fr\/wp-json\/wp\/v2\/media\/564674"}],"wp:attachment":[{"href":"https:\/\/lucacastelli.com\/fr\/wp-json\/wp\/v2\/media?parent=603824"}],"wp:term":[{"taxonomy":"product_brand","embeddable":true,"href":"https:\/\/lucacastelli.com\/fr\/wp-json\/wp\/v2\/product_brand?post=603824"},{"taxonomy":"product_cat","embeddable":true,"href":"https:\/\/lucacastelli.com\/fr\/wp-json\/wp\/v2\/product_cat?post=603824"},{"taxonomy":"product_tag","embeddable":true,"href":"https:\/\/lucacastelli.com\/fr\/wp-json\/wp\/v2\/product_tag?post=603824"}],"curies":[{"name":"wp","href":"https:\/\/api.w.org\/{rel}","templated":true}]}}