{"id":603811,"date":"2025-08-10T18:40:25","date_gmt":"2025-08-10T16:40:25","guid":{"rendered":"https:\/\/lucacastelli.com\/prodotto\/milwaukee-lame-de-rechange-a-3-dents-pour-debroussailleuse-m18-f2bcu\/"},"modified":"2025-08-10T18:40:25","modified_gmt":"2025-08-10T16:40:25","slug":"milwaukee-lame-de-rechange-a-3-dents-pour-debroussailleuse-m18-f2bcu","status":"publish","type":"product","link":"https:\/\/lucacastelli.com\/fr\/produit\/milwaukee-lame-de-rechange-a-3-dents-pour-debroussailleuse-m18-f2bcu\/","title":{"rendered":"Milwaukee Lame de rechange \u00e0 3 dents pour d\u00e9broussailleuse M18 F2BCU"},"content":{"rendered":"<p>Lame de remplacement \u00e0 3 dents pour d\u00e9broussailleuse M18 F2BCU<br \/>\nLame de remplacement \u00e0 3 dents pour M18 F2BCU<br \/>\nLame \u00e0 3 dents pour couper les zones fortement envahies<\/p>\n<p>4932498762<br \/>\n4058546526313.<\/p>\n","protected":false},"excerpt":{"rendered":"<p>Lame de rechange \u00e0 3 dents pour M18 F2BCU<\/p>\n","protected":false},"featured_media":591260,"template":"","meta":{"_seopress_robots_primary_cat":"","_seopress_titles_title":"","_seopress_titles_desc":"","_seopress_robots_index":""},"product_brand":[3407],"product_cat":[29,270,281],"product_tag":[3270],"class_list":{"0":"post-603811","1":"product","2":"type-product","3":"status-publish","4":"has-post-thumbnail","6":"product_brand-milwaukee","7":"product_cat-macchinari","8":"product_cat-decespugliatori-e-tagliabordi","9":"product_cat-decespugliatori-e-tagliabordi-a-batteria","10":"product_tag-import-milwau","11":"sws-conto-ricavi-merci-rivendita-macchinari-fr","12":"sws-gruppo-iva-iva81-fr","14":"first","15":"onbackorder","16":"shipping-taxable","17":"purchasable","18":"product-type-simple"},"_links":{"self":[{"href":"https:\/\/lucacastelli.com\/fr\/wp-json\/wp\/v2\/product\/603811","targetHints":{"allow":["GET"]}}],"collection":[{"href":"https:\/\/lucacastelli.com\/fr\/wp-json\/wp\/v2\/product"}],"about":[{"href":"https:\/\/lucacastelli.com\/fr\/wp-json\/wp\/v2\/types\/product"}],"wp:featuredmedia":[{"embeddable":true,"href":"https:\/\/lucacastelli.com\/fr\/wp-json\/wp\/v2\/media\/591260"}],"wp:attachment":[{"href":"https:\/\/lucacastelli.com\/fr\/wp-json\/wp\/v2\/media?parent=603811"}],"wp:term":[{"taxonomy":"product_brand","embeddable":true,"href":"https:\/\/lucacastelli.com\/fr\/wp-json\/wp\/v2\/product_brand?post=603811"},{"taxonomy":"product_cat","embeddable":true,"href":"https:\/\/lucacastelli.com\/fr\/wp-json\/wp\/v2\/product_cat?post=603811"},{"taxonomy":"product_tag","embeddable":true,"href":"https:\/\/lucacastelli.com\/fr\/wp-json\/wp\/v2\/product_tag?post=603811"}],"curies":[{"name":"wp","href":"https:\/\/api.w.org\/{rel}","templated":true}]}}