{"id":603809,"date":"2025-08-10T18:37:58","date_gmt":"2025-08-10T16:37:58","guid":{"rendered":"https:\/\/lucacastelli.com\/prodotto\/milwaukee-bouchons-doreilles-jetables-en-mousse-2\/"},"modified":"2025-08-10T18:37:58","modified_gmt":"2025-08-10T16:37:58","slug":"milwaukee-bouchons-doreilles-jetables-en-mousse-2","status":"publish","type":"product","link":"https:\/\/lucacastelli.com\/fr\/produit\/milwaukee-bouchons-doreilles-jetables-en-mousse-2\/","title":{"rendered":"Milwaukee Bouchons d&#8217;oreilles jetables en mousse"},"content":{"rendered":"<p>INSERTS AUDITIFS A USAGE UNIQUE &#8211; 200 PAIRES<br \/>\nAtt\u00e9nuation efficace du bruit, SNR = 38 dB;Mousse polyur\u00e9thane confortable &#8211; pour une utilisation tout au long de la journ\u00e9e;Expansion rapide de la mousse \u00e0 l&#8217;int\u00e9rieur du conduit auditif, pour un ajustement rapide et s\u00fbr;Certification europ\u00e9enne pour les protecteurs auditifs &#8211; inserts : EN352-2 (SNR = 38 dB, H = 37, M = 36 dB, L = 32 dB);EPI CAT III<\/p>\n<p>4932480465<br \/>\n4058546407506<\/p>\n","protected":false},"excerpt":{"rendered":"<p>BOUCHONS D&#8217;OREILLE JETABLES &#8211; 200 PAIRES<\/p>\n","protected":false},"featured_media":548584,"template":"","meta":{"_seopress_robots_primary_cat":"","_seopress_titles_title":"","_seopress_titles_desc":"","_seopress_robots_index":""},"product_brand":[3407],"product_cat":[33,537,815,816],"product_tag":[3270],"class_list":{"0":"post-603809","1":"product","2":"type-product","3":"status-publish","4":"has-post-thumbnail","6":"product_brand-milwaukee","7":"product_cat-attrezzature","8":"product_cat-attrezzatura-da-lavoro","9":"product_cat-caschi","10":"product_cat-visiere-e-occhiali-protettivi","11":"product_tag-import-milwau","12":"sws-conto-ricavi-merci-rivendita-macchinari-fr","13":"sws-gruppo-iva-iva81-fr","15":"first","16":"onbackorder","17":"shipping-taxable","18":"purchasable","19":"product-type-simple"},"_links":{"self":[{"href":"https:\/\/lucacastelli.com\/fr\/wp-json\/wp\/v2\/product\/603809","targetHints":{"allow":["GET"]}}],"collection":[{"href":"https:\/\/lucacastelli.com\/fr\/wp-json\/wp\/v2\/product"}],"about":[{"href":"https:\/\/lucacastelli.com\/fr\/wp-json\/wp\/v2\/types\/product"}],"wp:featuredmedia":[{"embeddable":true,"href":"https:\/\/lucacastelli.com\/fr\/wp-json\/wp\/v2\/media\/548584"}],"wp:attachment":[{"href":"https:\/\/lucacastelli.com\/fr\/wp-json\/wp\/v2\/media?parent=603809"}],"wp:term":[{"taxonomy":"product_brand","embeddable":true,"href":"https:\/\/lucacastelli.com\/fr\/wp-json\/wp\/v2\/product_brand?post=603809"},{"taxonomy":"product_cat","embeddable":true,"href":"https:\/\/lucacastelli.com\/fr\/wp-json\/wp\/v2\/product_cat?post=603809"},{"taxonomy":"product_tag","embeddable":true,"href":"https:\/\/lucacastelli.com\/fr\/wp-json\/wp\/v2\/product_tag?post=603809"}],"curies":[{"name":"wp","href":"https:\/\/api.w.org\/{rel}","templated":true}]}}