{"id":603798,"date":"2025-08-10T18:37:56","date_gmt":"2025-08-10T16:37:56","guid":{"rendered":"https:\/\/lucacastelli.com\/prodotto\/milwaukee-bouchons-doreille-avec-bandeau\/"},"modified":"2025-08-10T18:37:56","modified_gmt":"2025-08-10T16:37:56","slug":"milwaukee-bouchons-doreille-avec-bandeau","status":"publish","type":"product","link":"https:\/\/lucacastelli.com\/fr\/produit\/milwaukee-bouchons-doreille-avec-bandeau\/","title":{"rendered":"Milwaukee Bouchons d&#8217;oreille avec bandeau"},"content":{"rendered":"<p>Bouchons d&#8217;oreille \u00e0 bande &#8211; 1pc<br \/>\n3 modes d&#8217;utilisation : sur la t\u00eate, sous le menton et derri\u00e8re la nuque;Grande polyvalence et facilit\u00e9 de r\u00e9glage pour un confort maximal;Pas besoin de retirer les bouchons d&#8217;oreille pour changer de position, ce qui permet une protection continue;Remplacement facile, inserts interchangeables en mousse et en TPR inclus;Bandeau durable et confortable pour une utilisation prolong\u00e9e;Certificat europ\u00e9en de protection de l&#8217;ou\u00efe : EN 352-2 (bouchons d&#8217;oreille SNR TPR = 32 dB, bouchons d&#8217;oreille en mousse SNR = 33 dB);EPI CAT III<\/p>\n<p>4932478135<br \/>\n4058546340681<\/p>\n","protected":false},"excerpt":{"rendered":"<p>Bouchons d&#8217;oreille \u00e0 bandes &#8211; 1pc<\/p>\n","protected":false},"featured_media":540124,"template":"","meta":{"_seopress_robots_primary_cat":"","_seopress_titles_title":"","_seopress_titles_desc":"","_seopress_robots_index":""},"product_brand":[3407],"product_cat":[33,537,815,816],"product_tag":[3270],"class_list":{"0":"post-603798","1":"product","2":"type-product","3":"status-publish","4":"has-post-thumbnail","6":"product_brand-milwaukee","7":"product_cat-attrezzature","8":"product_cat-attrezzatura-da-lavoro","9":"product_cat-caschi","10":"product_cat-visiere-e-occhiali-protettivi","11":"product_tag-import-milwau","12":"sws-conto-ricavi-merci-rivendita-macchinari-fr","13":"sws-gruppo-iva-iva81-fr","15":"first","16":"onbackorder","17":"shipping-taxable","18":"purchasable","19":"product-type-simple"},"_links":{"self":[{"href":"https:\/\/lucacastelli.com\/fr\/wp-json\/wp\/v2\/product\/603798","targetHints":{"allow":["GET"]}}],"collection":[{"href":"https:\/\/lucacastelli.com\/fr\/wp-json\/wp\/v2\/product"}],"about":[{"href":"https:\/\/lucacastelli.com\/fr\/wp-json\/wp\/v2\/types\/product"}],"wp:featuredmedia":[{"embeddable":true,"href":"https:\/\/lucacastelli.com\/fr\/wp-json\/wp\/v2\/media\/540124"}],"wp:attachment":[{"href":"https:\/\/lucacastelli.com\/fr\/wp-json\/wp\/v2\/media?parent=603798"}],"wp:term":[{"taxonomy":"product_brand","embeddable":true,"href":"https:\/\/lucacastelli.com\/fr\/wp-json\/wp\/v2\/product_brand?post=603798"},{"taxonomy":"product_cat","embeddable":true,"href":"https:\/\/lucacastelli.com\/fr\/wp-json\/wp\/v2\/product_cat?post=603798"},{"taxonomy":"product_tag","embeddable":true,"href":"https:\/\/lucacastelli.com\/fr\/wp-json\/wp\/v2\/product_tag?post=603798"}],"curies":[{"name":"wp","href":"https:\/\/api.w.org\/{rel}","templated":true}]}}