{"id":603771,"date":"2025-08-11T13:00:45","date_gmt":"2025-08-11T11:00:45","guid":{"rendered":"https:\/\/lucacastelli.com\/prodotto\/milwaukee-gants-dhiver-enduits-de-latex-cat-coupee-d-2\/"},"modified":"2025-08-11T13:00:45","modified_gmt":"2025-08-11T11:00:45","slug":"milwaukee-gants-dhiver-enduits-de-latex-cat-coupee-d-2","status":"publish","type":"product","link":"https:\/\/lucacastelli.com\/fr\/produit\/milwaukee-gants-dhiver-enduits-de-latex-cat-coupee-d-2\/","title":{"rendered":"Milwaukee Gants d&#8217;hiver enduits de latex Cat. coup\u00e9e D"},"content":{"rendered":"<p>GANTS D&#8217;HIVER. GANTS D&#8217;HIVER CAT.D -11\/XXL-1pcs<br \/>\nGr\u00e2ce \u00e0 la double enduction de la doublure int\u00e9rieure en acrylique, les gants garderont ta main au chaud lorsque tu travailleras dans des conditions froides;Am\u00e9lioration de la perm\u00e9abilit\u00e9 \u00e0 l&#8217;eau sur le dos du gant, en milieu humide, gr\u00e2ce \u00e0 la double couche de latex 3\/4 sur la paume, les doigts et les articulations;Finesse du fil 15 aiguilles dans l&#8217;enduction ext\u00e9rieure et 10 aiguilles dans l&#8217;enduction int\u00e9rieure, permettant une bonne dext\u00e9rit\u00e9;Certification europ\u00e9enne pour la r\u00e9sistance m\u00e9canique et la r\u00e9sistance au froid : EN ISO 21420, EN388:2016 (3X43D), EN511 (X1X). <\/p>\n<p>4932480615<br \/>\n4058546409005<\/p>\n","protected":false},"excerpt":{"rendered":"<p>GANTS D&#8217;HIVER. GANTS D&#8217;HIVER CAT.D -11\/XXL-1pcs Gr\u00e2ce \u00e0 la double enduction de la doublure int\u00e9rieure en acrylique, les gants garderont<\/p>\n","protected":false},"featured_media":552791,"template":"","meta":{"_seopress_robots_primary_cat":"none","_seopress_titles_title":"","_seopress_titles_desc":"","_seopress_robots_index":""},"product_brand":[3658],"product_cat":[81,1381],"product_tag":[],"class_list":{"0":"post-603771","1":"product","2":"type-product","3":"status-publish","4":"has-post-thumbnail","6":"product_brand-milwaukee-fr","7":"product_cat-vetements","8":"product_cat-vetements-de-travail","9":"sws-gruppo-abb-libero-fr","10":"sws-conto-ricavi-merci-rivendita-abbigliamento-fr","11":"sws-gruppo-iva-iva81-fr","13":"first","14":"instock","15":"shipping-taxable","16":"purchasable","17":"product-type-variable"},"_links":{"self":[{"href":"https:\/\/lucacastelli.com\/fr\/wp-json\/wp\/v2\/product\/603771","targetHints":{"allow":["GET"]}}],"collection":[{"href":"https:\/\/lucacastelli.com\/fr\/wp-json\/wp\/v2\/product"}],"about":[{"href":"https:\/\/lucacastelli.com\/fr\/wp-json\/wp\/v2\/types\/product"}],"wp:featuredmedia":[{"embeddable":true,"href":"https:\/\/lucacastelli.com\/fr\/wp-json\/wp\/v2\/media\/552791"}],"wp:attachment":[{"href":"https:\/\/lucacastelli.com\/fr\/wp-json\/wp\/v2\/media?parent=603771"}],"wp:term":[{"taxonomy":"product_brand","embeddable":true,"href":"https:\/\/lucacastelli.com\/fr\/wp-json\/wp\/v2\/product_brand?post=603771"},{"taxonomy":"product_cat","embeddable":true,"href":"https:\/\/lucacastelli.com\/fr\/wp-json\/wp\/v2\/product_cat?post=603771"},{"taxonomy":"product_tag","embeddable":true,"href":"https:\/\/lucacastelli.com\/fr\/wp-json\/wp\/v2\/product_tag?post=603771"}],"curies":[{"name":"wp","href":"https:\/\/api.w.org\/{rel}","templated":true}]}}