{"id":603765,"date":"2025-08-11T13:28:23","date_gmt":"2025-08-11T11:28:23","guid":{"rendered":"https:\/\/lucacastelli.com\/prodotto\/milwaukee-gilet-haute-visibilite-entrepreneur-orange\/"},"modified":"2025-08-11T13:28:23","modified_gmt":"2025-08-11T11:28:23","slug":"milwaukee-gilet-haute-visibilite-entrepreneur-orange","status":"publish","type":"product","link":"https:\/\/lucacastelli.com\/fr\/produit\/milwaukee-gilet-haute-visibilite-entrepreneur-orange\/","title":{"rendered":"Milwaukee Gilet haute visibilit\u00e9 Entrepreneur orange"},"content":{"rendered":"<p>GILET CONTRACTOR ALT VIS ORANGE 2XL\/3XL<br \/>\n1 porte-badge d&#8217;identification transparent pour faciliter l&#8217;identification sur le lieu de travail;Languette pour un rangement pratique : torches, stylos, etc.;1 poche int\u00e9rieure pour ranger les documents, stylos, etc.;Boucle de suspension pour accrocher facilement le gilet apr\u00e8s utilisation;Zip robuste pour l&#8217;ouverture\/la fermeture;Lavable en machine;Certification europ\u00e9enne en tant que v\u00eatement de haute visibilit\u00e9 de classe 2 conform\u00e9ment \u00e0 la norme EN ISO 20471:2013\/A1:2016<\/p>\n<p>4932498000<br \/>\n4058546511609.<\/p>\n","protected":false},"excerpt":{"rendered":"<p>GILET CONTRACTOR ALT VIS ORANGE 2XL\/3XL 1 porte-badge d&#8217;identification transparent pour faciliter l&#8217;identification sur le lieu de travail;Languette pour un<\/p>\n","protected":false},"featured_media":564959,"template":"","meta":{"_seopress_robots_primary_cat":"","_seopress_titles_title":"","_seopress_titles_desc":"","_seopress_robots_index":""},"product_brand":[3658],"product_cat":[81,1381],"product_tag":[],"class_list":{"0":"post-603765","1":"product","2":"type-product","3":"status-publish","4":"has-post-thumbnail","6":"product_brand-milwaukee-fr","7":"product_cat-vetements","8":"product_cat-vetements-de-travail","9":"sws-gruppo-abb-libero-fr","10":"sws-conto-ricavi-merci-rivendita-abbigliamento-fr","11":"sws-gruppo-iva-iva81-fr","13":"first","14":"instock","15":"shipping-taxable","16":"purchasable","17":"product-type-variable","18":"has-default-attributes"},"_links":{"self":[{"href":"https:\/\/lucacastelli.com\/fr\/wp-json\/wp\/v2\/product\/603765","targetHints":{"allow":["GET"]}}],"collection":[{"href":"https:\/\/lucacastelli.com\/fr\/wp-json\/wp\/v2\/product"}],"about":[{"href":"https:\/\/lucacastelli.com\/fr\/wp-json\/wp\/v2\/types\/product"}],"wp:featuredmedia":[{"embeddable":true,"href":"https:\/\/lucacastelli.com\/fr\/wp-json\/wp\/v2\/media\/564959"}],"wp:attachment":[{"href":"https:\/\/lucacastelli.com\/fr\/wp-json\/wp\/v2\/media?parent=603765"}],"wp:term":[{"taxonomy":"product_brand","embeddable":true,"href":"https:\/\/lucacastelli.com\/fr\/wp-json\/wp\/v2\/product_brand?post=603765"},{"taxonomy":"product_cat","embeddable":true,"href":"https:\/\/lucacastelli.com\/fr\/wp-json\/wp\/v2\/product_cat?post=603765"},{"taxonomy":"product_tag","embeddable":true,"href":"https:\/\/lucacastelli.com\/fr\/wp-json\/wp\/v2\/product_tag?post=603765"}],"curies":[{"name":"wp","href":"https:\/\/api.w.org\/{rel}","templated":true}]}}