{"id":603731,"date":"2025-08-11T13:06:22","date_gmt":"2025-08-11T11:06:22","guid":{"rendered":"https:\/\/lucacastelli.com\/prodotto\/milwaukee-freeflex-veste-de-travail-noir\/"},"modified":"2025-08-11T13:06:22","modified_gmt":"2025-08-11T11:06:22","slug":"milwaukee-freeflex-veste-de-travail-noir","status":"publish","type":"product","link":"https:\/\/lucacastelli.com\/fr\/produit\/milwaukee-freeflex-veste-de-travail-noir\/","title":{"rendered":"Milwaukee FREEFLEX\u2122 Veste de travail Noir"},"content":{"rendered":"<p>Veste de travail Freeflex Blk L<br \/>\nFREEFLEX\u2122 d\u00e9velopp\u00e9, pour que tu puisses bouger librement pendant que tu travailles : conception du dos sur mesure et mobilit\u00e9 totale des bras.;Rembourrage int\u00e9rieur matelass\u00e9 isol\u00e9 Fournit la chaleur n\u00e9cessaire pour travailler tout l&#8217;hiver sans t&#8217;alourdir ;Long\u00e9vit\u00e9 sur le chantier : les coudes et les \u00e9paules renforc\u00e9s en Ripstop te prot\u00e8gent pendant que tu travailles ;Conception \u00e0 6 poches renforc\u00e9es et doublement cousues Permet de ranger des outils suppl\u00e9mentaires et d&#8217;augmenter la fonctionnalit\u00e9 ;Fermetures \u00e0 glissi\u00e8re pour le chantier La fermeture \u00e0 glissi\u00e8re avant blind\u00e9e r\u00e9siste \u00e0 la salet\u00e9 sur le chantier ;Poignets r\u00e9glables avec boutons-pression : permettent un ajustement parfait et confortable avec des gants de travail.<\/p>\n<p>4932498282<br \/>\n4058546521516<\/p>\n","protected":false},"excerpt":{"rendered":"<p>Veste de travail Freeflex Blk L FREEFLEX\u2122 d\u00e9velopp\u00e9, pour que tu puisses bouger librement pendant que tu travailles : conception<\/p>\n","protected":false},"featured_media":601478,"template":"","meta":{"_seopress_robots_primary_cat":"","_seopress_titles_title":"","_seopress_titles_desc":"","_seopress_robots_index":""},"product_brand":[3658],"product_cat":[81,1381],"product_tag":[],"class_list":{"0":"post-603731","1":"product","2":"type-product","3":"status-publish","4":"has-post-thumbnail","6":"product_brand-milwaukee-fr","7":"product_cat-vetements","8":"product_cat-vetements-de-travail","9":"sws-gruppo-abb-libero-fr","10":"sws-conto-ricavi-merci-rivendita-abbigliamento-fr","11":"sws-gruppo-iva-iva81-fr","13":"first","14":"instock","15":"shipping-taxable","16":"purchasable","17":"product-type-variable","18":"has-default-attributes"},"_links":{"self":[{"href":"https:\/\/lucacastelli.com\/fr\/wp-json\/wp\/v2\/product\/603731","targetHints":{"allow":["GET"]}}],"collection":[{"href":"https:\/\/lucacastelli.com\/fr\/wp-json\/wp\/v2\/product"}],"about":[{"href":"https:\/\/lucacastelli.com\/fr\/wp-json\/wp\/v2\/types\/product"}],"wp:featuredmedia":[{"embeddable":true,"href":"https:\/\/lucacastelli.com\/fr\/wp-json\/wp\/v2\/media\/601478"}],"wp:attachment":[{"href":"https:\/\/lucacastelli.com\/fr\/wp-json\/wp\/v2\/media?parent=603731"}],"wp:term":[{"taxonomy":"product_brand","embeddable":true,"href":"https:\/\/lucacastelli.com\/fr\/wp-json\/wp\/v2\/product_brand?post=603731"},{"taxonomy":"product_cat","embeddable":true,"href":"https:\/\/lucacastelli.com\/fr\/wp-json\/wp\/v2\/product_cat?post=603731"},{"taxonomy":"product_tag","embeddable":true,"href":"https:\/\/lucacastelli.com\/fr\/wp-json\/wp\/v2\/product_tag?post=603731"}],"curies":[{"name":"wp","href":"https:\/\/api.w.org\/{rel}","templated":true}]}}