{"id":603714,"date":"2025-08-11T11:51:01","date_gmt":"2025-08-11T09:51:01","guid":{"rendered":"https:\/\/lucacastelli.com\/prodotto\/milwaukee-gants-haute-visibilite-enduits-de-polyurethane-cat-coupe-b-2\/"},"modified":"2025-08-11T11:51:01","modified_gmt":"2025-08-11T09:51:01","slug":"milwaukee-gants-haute-visibilite-enduits-de-polyurethane-cat-coupe-b-2","status":"publish","type":"product","link":"https:\/\/lucacastelli.com\/fr\/produit\/milwaukee-gants-haute-visibilite-enduits-de-polyurethane-cat-coupe-b-2\/","title":{"rendered":"Milwaukee Gants haute visibilit\u00e9 enduits de polyur\u00e9thane Cat. coupe B"},"content":{"rendered":"<p>HI-VIS CUT LEVEL 1\/A GLOVES 1PC<br \/>\nLa mati\u00e8re fluorescente offre une grande visibilit\u00e9 dans les environnements \u00e0 faible luminosit\u00e9;Gants l\u00e9gers et fins avec paume enduite de polyur\u00e9thane;Con\u00e7us pour offrir un confort accru tout au long de la journ\u00e9e, id\u00e9aux pour les applications de manutention, de menuiserie, de plomberie et de r\u00e9novation;La paume et le bout des doigts SMARTSWIPE\u2122 permettent d&#8217;utiliser des appareils \u00e0 \u00e9cran tactile sans retirer les gants;Certification europ\u00e9enne pour la protection m\u00e9canique : EN ISO 21420, EN388:2016 (3121A).<\/p>\n<p>&nbsp;<\/p>\n","protected":false},"excerpt":{"rendered":"<p>HI-VIS CUT LEVEL 1\/A GLOVES 1PC La mati\u00e8re fluorescente offre une grande visibilit\u00e9 dans les environnements \u00e0 faible luminosit\u00e9;Gants l\u00e9gers<\/p>\n","protected":false},"featured_media":601421,"template":"","meta":{"_seopress_robots_primary_cat":"none","_seopress_titles_title":"","_seopress_titles_desc":"","_seopress_robots_index":""},"product_brand":[3407],"product_cat":[21,284],"product_tag":[3270],"class_list":{"0":"post-603714","1":"product","2":"type-product","3":"status-publish","4":"has-post-thumbnail","6":"product_brand-milwaukee","7":"product_cat-abbigliamento","8":"product_cat-abbigliamento-da-lavoro","9":"product_tag-import-milwau","10":"sws-gruppo-abb-libero-fr","11":"sws-conto-ricavi-merci-rivendita-abbigliamento-fr","12":"sws-gruppo-iva-iva81-fr","14":"first","15":"instock","16":"shipping-taxable","17":"purchasable","18":"product-type-variable"},"_links":{"self":[{"href":"https:\/\/lucacastelli.com\/fr\/wp-json\/wp\/v2\/product\/603714","targetHints":{"allow":["GET"]}}],"collection":[{"href":"https:\/\/lucacastelli.com\/fr\/wp-json\/wp\/v2\/product"}],"about":[{"href":"https:\/\/lucacastelli.com\/fr\/wp-json\/wp\/v2\/types\/product"}],"wp:featuredmedia":[{"embeddable":true,"href":"https:\/\/lucacastelli.com\/fr\/wp-json\/wp\/v2\/media\/601421"}],"wp:attachment":[{"href":"https:\/\/lucacastelli.com\/fr\/wp-json\/wp\/v2\/media?parent=603714"}],"wp:term":[{"taxonomy":"product_brand","embeddable":true,"href":"https:\/\/lucacastelli.com\/fr\/wp-json\/wp\/v2\/product_brand?post=603714"},{"taxonomy":"product_cat","embeddable":true,"href":"https:\/\/lucacastelli.com\/fr\/wp-json\/wp\/v2\/product_cat?post=603714"},{"taxonomy":"product_tag","embeddable":true,"href":"https:\/\/lucacastelli.com\/fr\/wp-json\/wp\/v2\/product_tag?post=603714"}],"curies":[{"name":"wp","href":"https:\/\/api.w.org\/{rel}","templated":true}]}}