{"id":603697,"date":"2025-08-11T12:23:33","date_gmt":"2025-08-11T10:23:33","guid":{"rendered":"https:\/\/lucacastelli.com\/prodotto\/milwaukee-gants-impact-pro-cat-coupe-c\/"},"modified":"2025-08-11T12:23:33","modified_gmt":"2025-08-11T10:23:33","slug":"milwaukee-gants-impact-pro-cat-coupe-c","status":"publish","type":"product","link":"https:\/\/lucacastelli.com\/fr\/produit\/milwaukee-gants-impact-pro-cat-coupe-c\/","title":{"rendered":"Milwaukee Gants Impact Pro Cat. coupe C"},"content":{"rendered":"<p>GANTS IMPACT PRO CAT.3\/C-11\/XXL &#8211; 1 paire<br \/>\nMat\u00e9riau durable sur le dos de la main et les doigts qui r\u00e9duit et absorbe les impacts;Enduction nitrile renforc\u00e9e avec protection suppl\u00e9mentaire entre le pouce et l&#8217;index;Excellente performance de pr\u00e9hension : l&#8217;enduction nitrile est plus performante que les autres mat\u00e9riaux dans les temp\u00e9ratures extr\u00eames et sur les surfaces huileuses;SMARTSWIPE\u2122 sur la paume et le bout des doigts. permet d&#8217;utiliser des appareils \u00e0 \u00e9cran tactile sans retirer les gants;Certification europ\u00e9enne pour la protection contre les coupures, y compris les tests d&#8217;impact et de protection contre la chaleur : EN ISO 21420, EN388:2016 (4343CP), EN 407 (X1XXX)<\/p>\n<p>4932498533<br \/>\n4058546524029.<\/p>\n","protected":false},"excerpt":{"rendered":"<p>GANTS IMPACT PRO CAT.3\/C-11\/XXL &#8211; 1 paire Mat\u00e9riau durable sur le dos de la main et les doigts qui r\u00e9duit<\/p>\n","protected":false},"featured_media":567510,"template":"","meta":{"_seopress_robots_primary_cat":"","_seopress_titles_title":"","_seopress_titles_desc":"","_seopress_robots_index":""},"product_brand":[3407],"product_cat":[21,284],"product_tag":[],"class_list":{"0":"post-603697","1":"product","2":"type-product","3":"status-publish","4":"has-post-thumbnail","6":"product_brand-milwaukee","7":"product_cat-abbigliamento","8":"product_cat-abbigliamento-da-lavoro","9":"sws-gruppo-abb-libero-fr","10":"sws-conto-ricavi-merci-rivendita-abbigliamento-fr","11":"sws-gruppo-iva-iva81-fr","13":"first","14":"instock","15":"shipping-taxable","16":"purchasable","17":"product-type-variable"},"_links":{"self":[{"href":"https:\/\/lucacastelli.com\/fr\/wp-json\/wp\/v2\/product\/603697","targetHints":{"allow":["GET"]}}],"collection":[{"href":"https:\/\/lucacastelli.com\/fr\/wp-json\/wp\/v2\/product"}],"about":[{"href":"https:\/\/lucacastelli.com\/fr\/wp-json\/wp\/v2\/types\/product"}],"wp:featuredmedia":[{"embeddable":true,"href":"https:\/\/lucacastelli.com\/fr\/wp-json\/wp\/v2\/media\/567510"}],"wp:attachment":[{"href":"https:\/\/lucacastelli.com\/fr\/wp-json\/wp\/v2\/media?parent=603697"}],"wp:term":[{"taxonomy":"product_brand","embeddable":true,"href":"https:\/\/lucacastelli.com\/fr\/wp-json\/wp\/v2\/product_brand?post=603697"},{"taxonomy":"product_cat","embeddable":true,"href":"https:\/\/lucacastelli.com\/fr\/wp-json\/wp\/v2\/product_cat?post=603697"},{"taxonomy":"product_tag","embeddable":true,"href":"https:\/\/lucacastelli.com\/fr\/wp-json\/wp\/v2\/product_tag?post=603697"}],"curies":[{"name":"wp","href":"https:\/\/api.w.org\/{rel}","templated":true}]}}