{"id":603685,"date":"2025-08-11T11:48:48","date_gmt":"2025-08-11T09:48:48","guid":{"rendered":"https:\/\/lucacastelli.com\/prodotto\/milwaukee-gants-haute-visibilite-enduits-de-polyurethane-coupe-cat-c\/"},"modified":"2025-08-11T11:48:48","modified_gmt":"2025-08-11T09:48:48","slug":"milwaukee-gants-haute-visibilite-enduits-de-polyurethane-coupe-cat-c","status":"publish","type":"product","link":"https:\/\/lucacastelli.com\/fr\/produit\/milwaukee-gants-haute-visibilite-enduits-de-polyurethane-coupe-cat-c\/","title":{"rendered":"Milwaukee Gants haute visibilit\u00e9 enduits de polyur\u00e9thane Coupe cat. C"},"content":{"rendered":"<p>GANTS ANTI-BRILLANCE CAT.3 ALTAVIS-1pcs<br \/>\nMat\u00e9riau de doublure fluorescent haute visibilit\u00e9, pour \u00eatre plus visible m\u00eame dans des situations peu \u00e9clair\u00e9es ;R\u00e9sistance aux coupures id\u00e9ale pour le filetage de tuyaux, le d\u00e9nudage de c\u00e2bles, etc.;Enduction polyur\u00e9thane avec renfort nitrile dans la zone d&#8217;usure entre le pouce et les doigts ;L\u00e9ger et respirant garantit un maximum de confort et de dext\u00e9rit\u00e9 \u00e0 l&#8217;utilisateur ;Smartswipe\u2122 &#8211; tissu conducteur sur le bout des doigts permet d&#8217;utiliser des appareils \u00e0 \u00e9cran tactile sans retirer le gant ;Certification europ\u00e9enne pour la protection m\u00e9canique : EN ISO 21420, EN388:2016 (4X42C). <\/p>\n<p>&nbsp;<\/p>\n","protected":false},"excerpt":{"rendered":"<p>GANTS ANTI-BRILLANCE CAT.3 ALTAVIS-1pcs Mat\u00e9riau de doublure fluorescent haute visibilit\u00e9, pour \u00eatre plus visible m\u00eame dans des situations peu \u00e9clair\u00e9es<\/p>\n","protected":false},"featured_media":601417,"template":"","meta":{"_seopress_robots_primary_cat":"none","_seopress_titles_title":"","_seopress_titles_desc":"","_seopress_robots_index":""},"product_brand":[3407],"product_cat":[21,284],"product_tag":[3270],"class_list":{"0":"post-603685","1":"product","2":"type-product","3":"status-publish","4":"has-post-thumbnail","6":"product_brand-milwaukee","7":"product_cat-abbigliamento","8":"product_cat-abbigliamento-da-lavoro","9":"product_tag-import-milwau","10":"sws-gruppo-abb-libero-fr","11":"sws-conto-ricavi-merci-rivendita-abbigliamento-fr","12":"sws-gruppo-iva-iva81-fr","14":"first","15":"instock","16":"shipping-taxable","17":"purchasable","18":"product-type-variable"},"_links":{"self":[{"href":"https:\/\/lucacastelli.com\/fr\/wp-json\/wp\/v2\/product\/603685","targetHints":{"allow":["GET"]}}],"collection":[{"href":"https:\/\/lucacastelli.com\/fr\/wp-json\/wp\/v2\/product"}],"about":[{"href":"https:\/\/lucacastelli.com\/fr\/wp-json\/wp\/v2\/types\/product"}],"wp:featuredmedia":[{"embeddable":true,"href":"https:\/\/lucacastelli.com\/fr\/wp-json\/wp\/v2\/media\/601417"}],"wp:attachment":[{"href":"https:\/\/lucacastelli.com\/fr\/wp-json\/wp\/v2\/media?parent=603685"}],"wp:term":[{"taxonomy":"product_brand","embeddable":true,"href":"https:\/\/lucacastelli.com\/fr\/wp-json\/wp\/v2\/product_brand?post=603685"},{"taxonomy":"product_cat","embeddable":true,"href":"https:\/\/lucacastelli.com\/fr\/wp-json\/wp\/v2\/product_cat?post=603685"},{"taxonomy":"product_tag","embeddable":true,"href":"https:\/\/lucacastelli.com\/fr\/wp-json\/wp\/v2\/product_tag?post=603685"}],"curies":[{"name":"wp","href":"https:\/\/api.w.org\/{rel}","templated":true}]}}