{"id":603650,"date":"2025-08-11T11:29:19","date_gmt":"2025-08-11T09:29:19","guid":{"rendered":"https:\/\/lucacastelli.com\/prodotto\/milwaukee-gants-impact-pro-cat-coupe-e\/"},"modified":"2025-08-11T11:29:19","modified_gmt":"2025-08-11T09:29:19","slug":"milwaukee-gants-impact-pro-cat-coupe-e","status":"publish","type":"product","link":"https:\/\/lucacastelli.com\/fr\/produit\/milwaukee-gants-impact-pro-cat-coupe-e\/","title":{"rendered":"Milwaukee Gants Impact Pro Cat. coupe E"},"content":{"rendered":"<p>GANTS IMPACT PRO CAT.5\/E-11\/XXL &#8211; 1 paire<br \/>\nLe mat\u00e9riau d&#8217;impact sur le dos de la main et les doigts r\u00e9duit et absorbe les chocs;Enduction nitrile renforc\u00e9e avec protection suppl\u00e9mentaire entre le pouce et les doigts;Excellente performance de pr\u00e9hension : le mat\u00e9riau nitrile offre de meilleures performances que les autres mat\u00e9riaux dans des temp\u00e9ratures extr\u00eames et sur des surfaces huileuses;SMARTSWIPE\u2122 sur la paume et le bout des doigts. permet d&#8217;utiliser des appareils \u00e0 \u00e9cran tactile sans avoir \u00e0 retirer les gants;Certification europ\u00e9enne pour la protection contre les coupures, y compris les tests d&#8217;impact et de protection contre la chaleur : EN ISO 21420, EN388:2016 (4343EP), EN 407 (X1XXX)<\/p>\n<p>4932498538<br \/>\n4058546524074.<\/p>\n","protected":false},"excerpt":{"rendered":"<p>GANTS IMPACT PRO CAT.5\/E-11\/XXL &#8211; 1 paire Le mat\u00e9riau d&#8217;impact sur le dos de la main et les doigts r\u00e9duit<\/p>\n","protected":false},"featured_media":567555,"template":"","meta":{"_seopress_robots_primary_cat":"","_seopress_titles_title":"","_seopress_titles_desc":"","_seopress_robots_index":""},"product_brand":[3658],"product_cat":[81,1381],"product_tag":[3273],"class_list":{"0":"post-603650","1":"product","2":"type-product","3":"status-publish","4":"has-post-thumbnail","6":"product_brand-milwaukee-fr","7":"product_cat-vetements","8":"product_cat-vetements-de-travail","9":"product_tag-import-milwau-fr","10":"sws-gruppo-abb-libero-fr","11":"sws-conto-ricavi-merci-rivendita-abbigliamento-fr","12":"sws-gruppo-iva-iva81-fr","14":"first","15":"instock","16":"shipping-taxable","17":"purchasable","18":"product-type-variable"},"_links":{"self":[{"href":"https:\/\/lucacastelli.com\/fr\/wp-json\/wp\/v2\/product\/603650","targetHints":{"allow":["GET"]}}],"collection":[{"href":"https:\/\/lucacastelli.com\/fr\/wp-json\/wp\/v2\/product"}],"about":[{"href":"https:\/\/lucacastelli.com\/fr\/wp-json\/wp\/v2\/types\/product"}],"wp:featuredmedia":[{"embeddable":true,"href":"https:\/\/lucacastelli.com\/fr\/wp-json\/wp\/v2\/media\/567555"}],"wp:attachment":[{"href":"https:\/\/lucacastelli.com\/fr\/wp-json\/wp\/v2\/media?parent=603650"}],"wp:term":[{"taxonomy":"product_brand","embeddable":true,"href":"https:\/\/lucacastelli.com\/fr\/wp-json\/wp\/v2\/product_brand?post=603650"},{"taxonomy":"product_cat","embeddable":true,"href":"https:\/\/lucacastelli.com\/fr\/wp-json\/wp\/v2\/product_cat?post=603650"},{"taxonomy":"product_tag","embeddable":true,"href":"https:\/\/lucacastelli.com\/fr\/wp-json\/wp\/v2\/product_tag?post=603650"}],"curies":[{"name":"wp","href":"https:\/\/api.w.org\/{rel}","templated":true}]}}