{"id":603615,"date":"2025-08-11T11:09:28","date_gmt":"2025-08-11T09:09:28","guid":{"rendered":"https:\/\/lucacastelli.com\/prodotto\/gants-entierement-enduits-milwaukee-cat-coupe-a\/"},"modified":"2025-08-11T11:09:28","modified_gmt":"2025-08-11T09:09:28","slug":"gants-entierement-enduits-milwaukee-cat-coupe-a","status":"publish","type":"product","link":"https:\/\/lucacastelli.com\/fr\/produit\/gants-entierement-enduits-milwaukee-cat-coupe-a\/","title":{"rendered":"Gants enti\u00e8rement enduits Milwaukee Cat. coupe A"},"content":{"rendered":"<p>gants enti\u00e8rement nitr\u00e9s CAT.A-12paia<br \/>\nDouble couche de nitrile sur l&#8217;ensemble du gant pour emp\u00eacher l&#8217;absorption d&#8217;eau ou d&#8217;huile. Premi\u00e8re couche avec du nitrile lisse sur toute la main et deuxi\u00e8me couche avec une mousse microfine sur la paume;Excellente performance de pr\u00e9hension avec la finition en mousse de nitrile lisse sur la paume;Le mat\u00e9riau nitrile est plus performant que les autres \u00e0 des temp\u00e9ratures plus chaudes et sur les surfaces huileuses;Id\u00e9al pour les travaux secs, humides, mouill\u00e9s : fabrication, plomberie, sylviculture, automobile, transport et gestion d&#8217;installations, etc..;SMARTSWIPE\u2122 : permet d&#8217;utiliser des appareils \u00e0 \u00e9cran tactile sans enlever les gants;Certification europ\u00e9enne pour la protection m\u00e9canique et thermique : EN ISO 21420, EN388:2016 (4221A), EN 407 (X1XXX).<\/p>\n<p>&nbsp;<\/p>\n","protected":false},"excerpt":{"rendered":"<p>gants enti\u00e8rement nitr\u00e9s CAT.A-12paia Double couche de nitrile sur l&#8217;ensemble du gant pour emp\u00eacher l&#8217;absorption d&#8217;eau ou d&#8217;huile. Premi\u00e8re couche<\/p>\n","protected":false},"featured_media":561619,"template":"","meta":{"_seopress_robots_primary_cat":"none","_seopress_titles_title":"","_seopress_titles_desc":"","_seopress_robots_index":""},"product_brand":[3658],"product_cat":[81,1381],"product_tag":[3273],"class_list":{"0":"post-603615","1":"product","2":"type-product","3":"status-publish","4":"has-post-thumbnail","6":"product_brand-milwaukee-fr","7":"product_cat-vetements","8":"product_cat-vetements-de-travail","9":"product_tag-import-milwau-fr","10":"sws-gruppo-abb-libero-fr","11":"sws-conto-ricavi-merci-rivendita-abbigliamento-fr","12":"sws-gruppo-iva-iva81-fr","14":"first","15":"instock","16":"shipping-taxable","17":"purchasable","18":"product-type-variable"},"_links":{"self":[{"href":"https:\/\/lucacastelli.com\/fr\/wp-json\/wp\/v2\/product\/603615","targetHints":{"allow":["GET"]}}],"collection":[{"href":"https:\/\/lucacastelli.com\/fr\/wp-json\/wp\/v2\/product"}],"about":[{"href":"https:\/\/lucacastelli.com\/fr\/wp-json\/wp\/v2\/types\/product"}],"wp:featuredmedia":[{"embeddable":true,"href":"https:\/\/lucacastelli.com\/fr\/wp-json\/wp\/v2\/media\/561619"}],"wp:attachment":[{"href":"https:\/\/lucacastelli.com\/fr\/wp-json\/wp\/v2\/media?parent=603615"}],"wp:term":[{"taxonomy":"product_brand","embeddable":true,"href":"https:\/\/lucacastelli.com\/fr\/wp-json\/wp\/v2\/product_brand?post=603615"},{"taxonomy":"product_cat","embeddable":true,"href":"https:\/\/lucacastelli.com\/fr\/wp-json\/wp\/v2\/product_cat?post=603615"},{"taxonomy":"product_tag","embeddable":true,"href":"https:\/\/lucacastelli.com\/fr\/wp-json\/wp\/v2\/product_tag?post=603615"}],"curies":[{"name":"wp","href":"https:\/\/api.w.org\/{rel}","templated":true}]}}