{"id":603597,"date":"2025-08-11T10:59:51","date_gmt":"2025-08-11T08:59:51","guid":{"rendered":"https:\/\/lucacastelli.com\/prodotto\/milwaukee-gants-generaux-en-pu\/"},"modified":"2025-08-11T10:59:51","modified_gmt":"2025-08-11T08:59:51","slug":"milwaukee-gants-generaux-en-pu","status":"publish","type":"product","link":"https:\/\/lucacastelli.com\/fr\/produit\/milwaukee-gants-generaux-en-pu\/","title":{"rendered":"Milwaukee Gants g\u00e9n\u00e9raux en PU"},"content":{"rendered":"<p>GANTS GENERIQUES EN PU NOIR -12pcs<br \/>\nGants l\u00e9gers et fins avec paume enduite de polyur\u00e9thane.&lt;Br&gt;  d\u00e9velopp\u00e9 pour offrir un confort et une plus grande mobilit\u00e9 des doigts&lt;Br&gt;  Id\u00e9al pour les travaux de construction et l&#8217;utilisation g\u00e9n\u00e9rale, l&#8217;assemblage g\u00e9n\u00e9ral, le transport de mat\u00e9riaux, la menuiserie, les travaux de r\u00e9novation.&lt;Br&gt;  certifi\u00e9 selon la norme europ\u00e9enne pour la protection m\u00e9canique : EN ISO 21420, EN388:2016 (3121A), UKCA.<\/p>\n<p>&nbsp;<\/p>\n","protected":false},"excerpt":{"rendered":"<p>GANTS GENERIQUES EN PU NOIR -12pcs Gants l\u00e9gers et fins avec paume enduite de polyur\u00e9thane.&lt;Br&gt; d\u00e9velopp\u00e9 pour offrir un confort<\/p>\n","protected":false},"featured_media":601174,"template":"","meta":{"_seopress_robots_primary_cat":"","_seopress_titles_title":"","_seopress_titles_desc":"","_seopress_robots_index":""},"product_brand":[3658],"product_cat":[81,1381],"product_tag":[3273],"class_list":{"0":"post-603597","1":"product","2":"type-product","3":"status-publish","4":"has-post-thumbnail","6":"product_brand-milwaukee-fr","7":"product_cat-vetements","8":"product_cat-vetements-de-travail","9":"product_tag-import-milwau-fr","10":"sws-gruppo-abb-libero-fr","11":"sws-conto-ricavi-merci-rivendita-abbigliamento-fr","12":"sws-gruppo-iva-iva81-fr","14":"first","15":"instock","16":"shipping-taxable","17":"purchasable","18":"product-type-variable"},"_links":{"self":[{"href":"https:\/\/lucacastelli.com\/fr\/wp-json\/wp\/v2\/product\/603597","targetHints":{"allow":["GET"]}}],"collection":[{"href":"https:\/\/lucacastelli.com\/fr\/wp-json\/wp\/v2\/product"}],"about":[{"href":"https:\/\/lucacastelli.com\/fr\/wp-json\/wp\/v2\/types\/product"}],"wp:featuredmedia":[{"embeddable":true,"href":"https:\/\/lucacastelli.com\/fr\/wp-json\/wp\/v2\/media\/601174"}],"wp:attachment":[{"href":"https:\/\/lucacastelli.com\/fr\/wp-json\/wp\/v2\/media?parent=603597"}],"wp:term":[{"taxonomy":"product_brand","embeddable":true,"href":"https:\/\/lucacastelli.com\/fr\/wp-json\/wp\/v2\/product_brand?post=603597"},{"taxonomy":"product_cat","embeddable":true,"href":"https:\/\/lucacastelli.com\/fr\/wp-json\/wp\/v2\/product_cat?post=603597"},{"taxonomy":"product_tag","embeddable":true,"href":"https:\/\/lucacastelli.com\/fr\/wp-json\/wp\/v2\/product_tag?post=603597"}],"curies":[{"name":"wp","href":"https:\/\/api.w.org\/{rel}","templated":true}]}}