{"id":603596,"date":"2025-08-11T10:54:02","date_gmt":"2025-08-11T08:54:02","guid":{"rendered":"https:\/\/lucacastelli.com\/prodotto\/gants-de-travail-milwaukee-demox\/"},"modified":"2025-08-11T10:54:02","modified_gmt":"2025-08-11T08:54:02","slug":"gants-de-travail-milwaukee-demox","status":"publish","type":"product","link":"https:\/\/lucacastelli.com\/fr\/produit\/gants-de-travail-milwaukee-demox\/","title":{"rendered":"Gants de travail Milwaukee DemoX"},"content":{"rendered":"<p>DEMOX WORK GLOVES &#8211; 1 paire<br \/>\nGants polyvalents et confortables;Paume et bouts des doigts renforc\u00e9s avec ARMORTEX\u2122 : durabilit\u00e9 et protection des mains accrues;SMARTSWIPE\u2122 : permet d&#8217;utiliser des appareils \u00e0 \u00e9cran tactile sans enlever les gants;Protection des articulations : Le rembourrage en TPR offre une protection sur les articulations;Doublure tri-cot respirante : offre un maximum de confort et de respirabilit\u00e9;Pouce \u00e9ponge : pour essuyer la sueur sur le front;Fermeture velcro pour un ajustement s\u00fbr;Certification europ\u00e9enne pour la protection m\u00e9canique : EN ISO 21420, EN388:2016 (2121A).<\/p>\n<p>&nbsp;<\/p>\n","protected":false},"excerpt":{"rendered":"<p>DEMOX WORK GLOVES &#8211; 1 paire Gants polyvalents et confortables;Paume et bouts des doigts renforc\u00e9s avec ARMORTEX\u2122 : durabilit\u00e9 et<\/p>\n","protected":false},"featured_media":567404,"template":"","meta":{"_seopress_robots_primary_cat":"none","_seopress_titles_title":"","_seopress_titles_desc":"","_seopress_robots_index":""},"product_brand":[3658],"product_cat":[81,1381],"product_tag":[3273],"class_list":{"0":"post-603596","1":"product","2":"type-product","3":"status-publish","4":"has-post-thumbnail","6":"product_brand-milwaukee-fr","7":"product_cat-vetements","8":"product_cat-vetements-de-travail","9":"product_tag-import-milwau-fr","10":"sws-gruppo-abb-libero-fr","11":"sws-conto-ricavi-merci-rivendita-abbigliamento-fr","12":"sws-gruppo-iva-iva81-fr","14":"first","15":"instock","16":"shipping-taxable","17":"purchasable","18":"product-type-variable"},"_links":{"self":[{"href":"https:\/\/lucacastelli.com\/fr\/wp-json\/wp\/v2\/product\/603596","targetHints":{"allow":["GET"]}}],"collection":[{"href":"https:\/\/lucacastelli.com\/fr\/wp-json\/wp\/v2\/product"}],"about":[{"href":"https:\/\/lucacastelli.com\/fr\/wp-json\/wp\/v2\/types\/product"}],"wp:featuredmedia":[{"embeddable":true,"href":"https:\/\/lucacastelli.com\/fr\/wp-json\/wp\/v2\/media\/567404"}],"wp:attachment":[{"href":"https:\/\/lucacastelli.com\/fr\/wp-json\/wp\/v2\/media?parent=603596"}],"wp:term":[{"taxonomy":"product_brand","embeddable":true,"href":"https:\/\/lucacastelli.com\/fr\/wp-json\/wp\/v2\/product_brand?post=603596"},{"taxonomy":"product_cat","embeddable":true,"href":"https:\/\/lucacastelli.com\/fr\/wp-json\/wp\/v2\/product_cat?post=603596"},{"taxonomy":"product_tag","embeddable":true,"href":"https:\/\/lucacastelli.com\/fr\/wp-json\/wp\/v2\/product_tag?post=603596"}],"curies":[{"name":"wp","href":"https:\/\/api.w.org\/{rel}","templated":true}]}}