{"id":603568,"date":"2025-08-11T10:56:01","date_gmt":"2025-08-11T08:56:01","guid":{"rendered":"https:\/\/lucacastelli.com\/prodotto\/milwaukee-gants-pour-tronconneuses-electriques-tronconneuses-a-moteur\/"},"modified":"2025-08-11T10:56:01","modified_gmt":"2025-08-11T08:56:01","slug":"milwaukee-gants-pour-tronconneuses-electriques-tronconneuses-a-moteur","status":"publish","type":"product","link":"https:\/\/lucacastelli.com\/fr\/produit\/milwaukee-gants-pour-tronconneuses-electriques-tronconneuses-a-moteur\/","title":{"rendered":"Milwaukee Gants pour Tron\u00e7onneuses \u00e9lectriques\/Tron\u00e7onneuses \u00e0 moteur"},"content":{"rendered":"<p>Gants pour tron\u00e7onneuses &#8211; 1pc<br \/>\nProtection robuste contre les coupures de scie dans le gant gauche et droit pour le travail en for\u00eat;Le cuir de ch\u00e8vre de haute qualit\u00e9 garantit la durabilit\u00e9 et l&#8217;imperm\u00e9abilit\u00e9 en cas de travail en milieu humide;Surface renforc\u00e9e, entre le pouce et l&#8217;index et le bout des doigts avec motif de points TPU pour une adh\u00e9rence et une r\u00e9sistance accrues;Smartswipe\u2122 &#8211; Permet l&#8217;utilisation d&#8217;appareils \u00e0 \u00e9cran tactile sans avoir \u00e0 retirer les gants de l&#8217;articulation de l&#8217;index;Protection contre les tron\u00e7onneuses EN ISO 11393 classe 1 (20 m\/s) et protection m\u00e9canique EN388 :2016 (2122A) et EN ISO 21420.<\/p>\n<p>&nbsp;<\/p>\n","protected":false},"excerpt":{"rendered":"<p>Gants pour tron\u00e7onneuses &#8211; 1pc Protection robuste contre les coupures de scie dans le gant gauche et droit pour le<\/p>\n","protected":false},"featured_media":562662,"template":"","meta":{"_seopress_robots_primary_cat":"","_seopress_titles_title":"","_seopress_titles_desc":"","_seopress_robots_index":""},"product_brand":[3658],"product_cat":[81,1381],"product_tag":[3273],"class_list":{"0":"post-603568","1":"product","2":"type-product","3":"status-publish","4":"has-post-thumbnail","6":"product_brand-milwaukee-fr","7":"product_cat-vetements","8":"product_cat-vetements-de-travail","9":"product_tag-import-milwau-fr","10":"sws-gruppo-abb-libero-fr","11":"sws-conto-ricavi-merci-rivendita-abbigliamento-fr","12":"sws-gruppo-iva-iva81-fr","14":"first","15":"instock","16":"shipping-taxable","17":"purchasable","18":"product-type-variable"},"_links":{"self":[{"href":"https:\/\/lucacastelli.com\/fr\/wp-json\/wp\/v2\/product\/603568","targetHints":{"allow":["GET"]}}],"collection":[{"href":"https:\/\/lucacastelli.com\/fr\/wp-json\/wp\/v2\/product"}],"about":[{"href":"https:\/\/lucacastelli.com\/fr\/wp-json\/wp\/v2\/types\/product"}],"wp:featuredmedia":[{"embeddable":true,"href":"https:\/\/lucacastelli.com\/fr\/wp-json\/wp\/v2\/media\/562662"}],"wp:attachment":[{"href":"https:\/\/lucacastelli.com\/fr\/wp-json\/wp\/v2\/media?parent=603568"}],"wp:term":[{"taxonomy":"product_brand","embeddable":true,"href":"https:\/\/lucacastelli.com\/fr\/wp-json\/wp\/v2\/product_brand?post=603568"},{"taxonomy":"product_cat","embeddable":true,"href":"https:\/\/lucacastelli.com\/fr\/wp-json\/wp\/v2\/product_cat?post=603568"},{"taxonomy":"product_tag","embeddable":true,"href":"https:\/\/lucacastelli.com\/fr\/wp-json\/wp\/v2\/product_tag?post=603568"}],"curies":[{"name":"wp","href":"https:\/\/api.w.org\/{rel}","templated":true}]}}