{"id":603558,"date":"2025-08-11T10:51:51","date_gmt":"2025-08-11T08:51:51","guid":{"rendered":"https:\/\/lucacastelli.com\/prodotto\/gants-de-travail-milwaukee-performance\/"},"modified":"2025-08-11T10:51:51","modified_gmt":"2025-08-11T08:51:51","slug":"gants-de-travail-milwaukee-performance","status":"publish","type":"product","link":"https:\/\/lucacastelli.com\/fr\/produit\/gants-de-travail-milwaukee-performance\/","title":{"rendered":"Gants de travail Milwaukee Performance"},"content":{"rendered":"<p>GANTS DE TRAVAIL PERFORMANTS &#8211; 1 paire<br \/>\nGants de travail con\u00e7us pour apporter confort et dext\u00e9rit\u00e9 dans les activit\u00e9s quotidiennes;SMARTSWIPE\u2122 : permet d&#8217;utiliser des appareils \u00e0 \u00e9cran tactile sans retirer les gants;Doublure tri-coton respirante : offre un maximum de confort et de respirabilit\u00e9;Pouce \u00e9ponge : permet d&#8217;essuyer la sueur sur le front;Fermeture velcro pour un ajustement s\u00fbr;Certification europ\u00e9enne pour la protection m\u00e9canique : EN ISO 21420, EN388:2016 (2121A).<\/p>\n<p>&nbsp;<\/p>\n","protected":false},"excerpt":{"rendered":"<p>GANTS DE TRAVAIL PERFORMANTS &#8211; 1 paire Gants de travail con\u00e7us pour apporter confort et dext\u00e9rit\u00e9 dans les activit\u00e9s quotidiennes;SMARTSWIPE\u2122<\/p>\n","protected":false},"featured_media":567449,"template":"","meta":{"_seopress_robots_primary_cat":"","_seopress_titles_title":"","_seopress_titles_desc":"","_seopress_robots_index":""},"product_brand":[3407],"product_cat":[21,284],"product_tag":[3270],"class_list":{"0":"post-603558","1":"product","2":"type-product","3":"status-publish","4":"has-post-thumbnail","6":"product_brand-milwaukee","7":"product_cat-abbigliamento","8":"product_cat-abbigliamento-da-lavoro","9":"product_tag-import-milwau","10":"sws-gruppo-abb-libero-fr","11":"sws-conto-ricavi-merci-rivendita-abbigliamento-fr","12":"sws-gruppo-iva-iva81-fr","14":"first","15":"instock","16":"shipping-taxable","17":"purchasable","18":"product-type-variable"},"_links":{"self":[{"href":"https:\/\/lucacastelli.com\/fr\/wp-json\/wp\/v2\/product\/603558","targetHints":{"allow":["GET"]}}],"collection":[{"href":"https:\/\/lucacastelli.com\/fr\/wp-json\/wp\/v2\/product"}],"about":[{"href":"https:\/\/lucacastelli.com\/fr\/wp-json\/wp\/v2\/types\/product"}],"wp:featuredmedia":[{"embeddable":true,"href":"https:\/\/lucacastelli.com\/fr\/wp-json\/wp\/v2\/media\/567449"}],"wp:attachment":[{"href":"https:\/\/lucacastelli.com\/fr\/wp-json\/wp\/v2\/media?parent=603558"}],"wp:term":[{"taxonomy":"product_brand","embeddable":true,"href":"https:\/\/lucacastelli.com\/fr\/wp-json\/wp\/v2\/product_brand?post=603558"},{"taxonomy":"product_cat","embeddable":true,"href":"https:\/\/lucacastelli.com\/fr\/wp-json\/wp\/v2\/product_cat?post=603558"},{"taxonomy":"product_tag","embeddable":true,"href":"https:\/\/lucacastelli.com\/fr\/wp-json\/wp\/v2\/product_tag?post=603558"}],"curies":[{"name":"wp","href":"https:\/\/api.w.org\/{rel}","templated":true}]}}