{"id":603551,"date":"2025-08-11T09:55:43","date_gmt":"2025-08-11T07:55:43","guid":{"rendered":"https:\/\/lucacastelli.com\/prodotto\/gants-de-haute-dexterite-milwaukee-cat-cut-b-2\/"},"modified":"2025-08-11T09:55:43","modified_gmt":"2025-08-11T07:55:43","slug":"gants-de-haute-dexterite-milwaukee-cat-cut-b-2","status":"publish","type":"product","link":"https:\/\/lucacastelli.com\/fr\/produit\/gants-de-haute-dexterite-milwaukee-cat-cut-b-2\/","title":{"rendered":"Gants de haute dext\u00e9rit\u00e9 Milwaukee cat. cut B"},"content":{"rendered":"<p>GANTS HAUTE DEXT\u00c9RIT\u00c9 CAT. B-12pcs<br \/>\nFinesse du fil 18 aiguilles, pour une plus grande dext\u00e9rit\u00e9 et une mobilit\u00e9 totale dans les travaux de pr\u00e9cision;Gants l\u00e9gers et fins avec paume enduite de polyur\u00e9thane;Excellente respirabilit\u00e9 et confort tout au long de la journ\u00e9e;Renforcement en nitrile entre le pouce et l&#8217;index pour plus de durabilit\u00e9;SMARTSWIPE\u2122 sur le bout des doigts, permet d&#8217;utiliser les appareils \u00e0 \u00e9cran tactile sans enlever les gants;Lavable x5 fois, permettant une dur\u00e9e de vie plus longue, et une r\u00e9duction des co\u00fbts et des d\u00e9chets;Certification europ\u00e9enne pour la protection m\u00e9canique : EN ISO 21420, EN388:2016 (3242B). <\/p>\n<p>&nbsp;<\/p>\n","protected":false},"excerpt":{"rendered":"<p>GANTS HAUTE DEXT\u00c9RIT\u00c9 CAT. B-12pcs Finesse du fil 18 aiguilles, pour une plus grande dext\u00e9rit\u00e9 et une mobilit\u00e9 totale dans<\/p>\n","protected":false},"featured_media":548856,"template":"","meta":{"_seopress_robots_primary_cat":"none","_seopress_titles_title":"","_seopress_titles_desc":"","_seopress_robots_index":""},"product_brand":[3658],"product_cat":[81,1381],"product_tag":[3273],"class_list":{"0":"post-603551","1":"product","2":"type-product","3":"status-publish","4":"has-post-thumbnail","6":"product_brand-milwaukee-fr","7":"product_cat-vetements","8":"product_cat-vetements-de-travail","9":"product_tag-import-milwau-fr","10":"sws-gruppo-abb-libero-fr","11":"sws-categoria-sito-fr","12":"sws-conto-ricavi-merci-rivendita-abbigliamento-fr","13":"sws-gruppo-iva-iva81-fr","15":"first","16":"instock","17":"shipping-taxable","18":"purchasable","19":"product-type-variable"},"_links":{"self":[{"href":"https:\/\/lucacastelli.com\/fr\/wp-json\/wp\/v2\/product\/603551","targetHints":{"allow":["GET"]}}],"collection":[{"href":"https:\/\/lucacastelli.com\/fr\/wp-json\/wp\/v2\/product"}],"about":[{"href":"https:\/\/lucacastelli.com\/fr\/wp-json\/wp\/v2\/types\/product"}],"wp:featuredmedia":[{"embeddable":true,"href":"https:\/\/lucacastelli.com\/fr\/wp-json\/wp\/v2\/media\/548856"}],"wp:attachment":[{"href":"https:\/\/lucacastelli.com\/fr\/wp-json\/wp\/v2\/media?parent=603551"}],"wp:term":[{"taxonomy":"product_brand","embeddable":true,"href":"https:\/\/lucacastelli.com\/fr\/wp-json\/wp\/v2\/product_brand?post=603551"},{"taxonomy":"product_cat","embeddable":true,"href":"https:\/\/lucacastelli.com\/fr\/wp-json\/wp\/v2\/product_cat?post=603551"},{"taxonomy":"product_tag","embeddable":true,"href":"https:\/\/lucacastelli.com\/fr\/wp-json\/wp\/v2\/product_tag?post=603551"}],"curies":[{"name":"wp","href":"https:\/\/api.w.org\/{rel}","templated":true}]}}