{"id":603512,"date":"2025-08-12T18:08:08","date_gmt":"2025-08-12T16:08:08","guid":{"rendered":"https:\/\/lucacastelli.com\/?post_type=product&#038;p=603512"},"modified":"2025-08-13T12:02:15","modified_gmt":"2025-08-13T10:02:15","slug":"milwaukee-workskin-pantalon-de-sous-vetements-techniquesmilwaukee-workskin-pantalon-de-sous-vetements-techniques","status":"publish","type":"product","link":"https:\/\/lucacastelli.com\/fr\/produit\/milwaukee-workskin-pantalon-de-sous-vetements-techniquesmilwaukee-workskin-pantalon-de-sous-vetements-techniques\/","title":{"rendered":"Milwaukee WORKSKIN pantalon de sous-v\u00eatements techniquesMilwaukee WORKSKIN pantalon de sous-v\u00eatements techniques."},"content":{"rendered":"<p>WORKSKIN CWB Layer Pants Blk XL<br \/>\nMat\u00e9riau respirant sp\u00e9cial : \u00e9vaporation rapide de la sueur pendant le travail;Doublure en polaire bross\u00e9e : pour une chaleur suppl\u00e9mentaire et un ajustement confortable et pr\u00e8s du corps pendant les longues journ\u00e9es froides;Taill\u00e9 : la conception pr\u00e8s du corps et les coutures plates \u00e9vitent les frottements et peuvent \u00eatre enfil\u00e9es facilement;Extensible dans les 4 sens : permet une libert\u00e9 de mouvement maximale<\/p>\n<p>4932498292<br \/>\n4058546521615.<\/p>\n","protected":false},"excerpt":{"rendered":"<p>WORKSKIN CWB Layer Pants Blk XL Mat\u00e9riau respirant sp\u00e9cial : \u00e9vaporation rapide de la sueur pendant le travail;Doublure en polaire<\/p>\n","protected":false},"featured_media":600989,"template":"","meta":{"_seopress_robots_primary_cat":"","_seopress_titles_title":"","_seopress_titles_desc":"","_seopress_robots_index":""},"product_brand":[3658],"product_cat":[81,1381],"product_tag":[3273],"class_list":{"0":"post-603512","1":"product","2":"type-product","3":"status-publish","4":"has-post-thumbnail","6":"product_brand-milwaukee-fr","7":"product_cat-vetements","8":"product_cat-vetements-de-travail","9":"product_tag-import-milwau-fr","10":"sws-gruppo-abb-libero-fr","11":"sws-conto-ricavi-merci-rivendita-abbigliamento-fr","12":"sws-gruppo-iva-iva81-fr","14":"first","15":"instock","16":"shipping-taxable","17":"purchasable","18":"product-type-variable"},"_links":{"self":[{"href":"https:\/\/lucacastelli.com\/fr\/wp-json\/wp\/v2\/product\/603512","targetHints":{"allow":["GET"]}}],"collection":[{"href":"https:\/\/lucacastelli.com\/fr\/wp-json\/wp\/v2\/product"}],"about":[{"href":"https:\/\/lucacastelli.com\/fr\/wp-json\/wp\/v2\/types\/product"}],"wp:featuredmedia":[{"embeddable":true,"href":"https:\/\/lucacastelli.com\/fr\/wp-json\/wp\/v2\/media\/600989"}],"wp:attachment":[{"href":"https:\/\/lucacastelli.com\/fr\/wp-json\/wp\/v2\/media?parent=603512"}],"wp:term":[{"taxonomy":"product_brand","embeddable":true,"href":"https:\/\/lucacastelli.com\/fr\/wp-json\/wp\/v2\/product_brand?post=603512"},{"taxonomy":"product_cat","embeddable":true,"href":"https:\/\/lucacastelli.com\/fr\/wp-json\/wp\/v2\/product_cat?post=603512"},{"taxonomy":"product_tag","embeddable":true,"href":"https:\/\/lucacastelli.com\/fr\/wp-json\/wp\/v2\/product_tag?post=603512"}],"curies":[{"name":"wp","href":"https:\/\/api.w.org\/{rel}","templated":true}]}}