{"id":603505,"date":"2025-08-11T07:31:14","date_gmt":"2025-08-11T05:31:14","guid":{"rendered":"https:\/\/lucacastelli.com\/prodotto\/milwaukee-toughshell-gilet-thermique-gris\/"},"modified":"2025-08-11T07:31:14","modified_gmt":"2025-08-11T05:31:14","slug":"milwaukee-toughshell-gilet-thermique-gris","status":"publish","type":"product","link":"https:\/\/lucacastelli.com\/fr\/produit\/milwaukee-toughshell-gilet-thermique-gris\/","title":{"rendered":"Milwaukee Toughshell\u2122 Gilet thermique &#8211; Gris"},"content":{"rendered":"<p>M12 HVGREY1-03XLGILETTERM.TOUGHSHELL GRI<br \/>\nLe gilet thermique TOUGHSHELL\u2122 aliment\u00e9 par une batterie M12\u2122 avec des \u00e9l\u00e9ments chauffants en fibre de carbone cr\u00e9e et distribue de la chaleur au niveau de la poitrine et du dos;Autonomie sup\u00e9rieure &#8211; jusqu&#8217;\u00e0 11 heures de chaleur sur une seule charge de batterie \u00e0 partir d&#8217;un pack de batteries M12\u2122 12V REDLITHIUM\u2122 3 Ah;Mati\u00e8re TOUGHSHELL\u2122 stretch 90 % polyester et 10 % spandex pour r\u00e9sister \u00e0 des conditions de travail difficiles.Poche \u00e0 batterie dissimul\u00e9e optimis\u00e9e pour placer la batterie M12\u2122 \u00e0 l&#8217;avant ou \u00e0 l&#8217;arri\u00e8re pour plus de confort;Zones de chauffage multiples &#8211; 3 zones de chauffage en fibre de carbone cousues r\u00e9partissent la chaleur sur les zones centrales du corps;Contr\u00f4leur de chaleur facile \u00e0 une touche &#8211; 3 r\u00e9glages de chaleur : \u00e9lev\u00e9e, moyenne, basse;Lavable en machine et s\u00e9chable par culbutage;Support de batterie inclus;Syst\u00e8me de batterie polyvalent : fonctionne avec toutes les batteries Milwaukee\u00aeM12\u2122.<\/p>\n<p>4932480105<br \/>\n4058546403904<\/p>\n","protected":false},"excerpt":{"rendered":"<p>M12 HVGREY1-03XLGILETTERM.TOUGHSHELL GRI Le gilet thermique TOUGHSHELL\u2122 aliment\u00e9 par une batterie M12\u2122 avec des \u00e9l\u00e9ments chauffants en fibre de carbone<\/p>\n","protected":false},"featured_media":546737,"template":"","meta":{"_seopress_robots_primary_cat":"none","_seopress_titles_title":"","_seopress_titles_desc":"","_seopress_robots_index":""},"product_brand":[3407],"product_cat":[21,284],"product_tag":[],"class_list":{"0":"post-603505","1":"product","2":"type-product","3":"status-publish","4":"has-post-thumbnail","6":"product_brand-milwaukee","7":"product_cat-abbigliamento","8":"product_cat-abbigliamento-da-lavoro","9":"sws-gruppo-abb-libero-fr","10":"sws-conto-ricavi-merci-rivendita-abbigliamento-fr","11":"sws-gruppo-iva-iva81-fr","13":"first","14":"instock","15":"shipping-taxable","16":"purchasable","17":"product-type-variable","18":"has-default-attributes"},"_links":{"self":[{"href":"https:\/\/lucacastelli.com\/fr\/wp-json\/wp\/v2\/product\/603505","targetHints":{"allow":["GET"]}}],"collection":[{"href":"https:\/\/lucacastelli.com\/fr\/wp-json\/wp\/v2\/product"}],"about":[{"href":"https:\/\/lucacastelli.com\/fr\/wp-json\/wp\/v2\/types\/product"}],"wp:featuredmedia":[{"embeddable":true,"href":"https:\/\/lucacastelli.com\/fr\/wp-json\/wp\/v2\/media\/546737"}],"wp:attachment":[{"href":"https:\/\/lucacastelli.com\/fr\/wp-json\/wp\/v2\/media?parent=603505"}],"wp:term":[{"taxonomy":"product_brand","embeddable":true,"href":"https:\/\/lucacastelli.com\/fr\/wp-json\/wp\/v2\/product_brand?post=603505"},{"taxonomy":"product_cat","embeddable":true,"href":"https:\/\/lucacastelli.com\/fr\/wp-json\/wp\/v2\/product_cat?post=603505"},{"taxonomy":"product_tag","embeddable":true,"href":"https:\/\/lucacastelli.com\/fr\/wp-json\/wp\/v2\/product_tag?post=603505"}],"curies":[{"name":"wp","href":"https:\/\/api.w.org\/{rel}","templated":true}]}}