{"id":603460,"date":"2025-08-11T07:04:59","date_gmt":"2025-08-11T05:04:59","guid":{"rendered":"https:\/\/lucacastelli.com\/prodotto\/pantalon-de-travail-milwaukee-freeflex\/"},"modified":"2025-08-11T07:04:59","modified_gmt":"2025-08-11T05:04:59","slug":"pantalon-de-travail-milwaukee-freeflex","status":"publish","type":"product","link":"https:\/\/lucacastelli.com\/fr\/produit\/pantalon-de-travail-milwaukee-freeflex\/","title":{"rendered":"Pantalon de travail Milwaukee FREEFLEX\u2122"},"content":{"rendered":"<p>PANTALON DE TRAVAIL FREEFLEX NOIR TG 64<br \/>\nFREEFLEX\u2122 Mobility : La mati\u00e8re extensible dans les 4 sens dans les zones de mouvement cl\u00e9s offre une libert\u00e9 de mouvement maximale, m\u00eame lorsque l&#8217;utilisateur est charg\u00e9 d&#8217;\u00e9quipement. ;Mati\u00e8re durable de poids moyen avec 245 g\/m\u00b2 (65 % polyester recycl\u00e9 \/ 35 % coton), id\u00e9ale pour les applications int\u00e9rieures et ext\u00e9rieures. ;Poches d&#8217;\u00e9tui renforc\u00e9es et amovibles avec boucles pour une flexibilit\u00e9 de rangement (zipp\u00e9es et boutonn\u00e9es). ;Poche lat\u00e9rale ouverte en diagonale pour ranger les outils plus longs (m\u00e8tre ruban, pinces, cl\u00e9s) avec un espace suppl\u00e9mentaire pour les outils de plus petite taille.;2x poches lat\u00e9rales verrouillables avec boucles, 2x poches avant et 2x poches arri\u00e8re verrouillables ;Poches genouill\u00e8res renforc\u00e9es en Cordura\u00ae avec rabats pour une protection contre la poussi\u00e8re et la salet\u00e9 ;Porte-outils pour un travail en hauteur en toute s\u00e9curit\u00e9 ;Boucle de marteau pour un acc\u00e8s rapide aux marteaux ;La longueur du Pantalon peut \u00eatre rallong\u00e9e de 5 cm en bas pour permettre un ajustement maximal.<\/p>\n<p>4932498200<br \/>\n4058546520694<\/p>\n","protected":false},"excerpt":{"rendered":"<p>PANTALON DE TRAVAIL FREEFLEX NOIR TG 64 FREEFLEX\u2122 Mobility : La mati\u00e8re extensible dans les 4 sens dans les zones<\/p>\n","protected":false},"featured_media":601190,"template":"","meta":{"_seopress_robots_primary_cat":"","_seopress_titles_title":"","_seopress_titles_desc":"","_seopress_robots_index":""},"product_brand":[3658],"product_cat":[81,1381],"product_tag":[],"class_list":{"0":"post-603460","1":"product","2":"type-product","3":"status-publish","4":"has-post-thumbnail","6":"product_brand-milwaukee-fr","7":"product_cat-vetements","8":"product_cat-vetements-de-travail","9":"sws-gruppo-abb-libero-fr","10":"sws-conto-ricavi-merci-rivendita-abbigliamento-fr","11":"sws-gruppo-iva-iva81-fr","13":"first","14":"instock","15":"shipping-taxable","16":"purchasable","17":"product-type-variable"},"_links":{"self":[{"href":"https:\/\/lucacastelli.com\/fr\/wp-json\/wp\/v2\/product\/603460","targetHints":{"allow":["GET"]}}],"collection":[{"href":"https:\/\/lucacastelli.com\/fr\/wp-json\/wp\/v2\/product"}],"about":[{"href":"https:\/\/lucacastelli.com\/fr\/wp-json\/wp\/v2\/types\/product"}],"wp:featuredmedia":[{"embeddable":true,"href":"https:\/\/lucacastelli.com\/fr\/wp-json\/wp\/v2\/media\/601190"}],"wp:attachment":[{"href":"https:\/\/lucacastelli.com\/fr\/wp-json\/wp\/v2\/media?parent=603460"}],"wp:term":[{"taxonomy":"product_brand","embeddable":true,"href":"https:\/\/lucacastelli.com\/fr\/wp-json\/wp\/v2\/product_brand?post=603460"},{"taxonomy":"product_cat","embeddable":true,"href":"https:\/\/lucacastelli.com\/fr\/wp-json\/wp\/v2\/product_cat?post=603460"},{"taxonomy":"product_tag","embeddable":true,"href":"https:\/\/lucacastelli.com\/fr\/wp-json\/wp\/v2\/product_tag?post=603460"}],"curies":[{"name":"wp","href":"https:\/\/api.w.org\/{rel}","templated":true}]}}