{"id":603428,"date":"2025-08-11T06:33:06","date_gmt":"2025-08-11T04:33:06","guid":{"rendered":"https:\/\/lucacastelli.com\/prodotto\/milwaukee-m12-veste-thermique-noir\/"},"modified":"2025-08-11T06:33:06","modified_gmt":"2025-08-11T04:33:06","slug":"milwaukee-m12-veste-thermique-noir","status":"publish","type":"product","link":"https:\/\/lucacastelli.com\/fr\/produit\/milwaukee-m12-veste-thermique-noir\/","title":{"rendered":"Milwaukee M12\u2122 Veste thermique &#8211; Noir"},"content":{"rendered":"<p>M12HJBL5-0(L) CARTER MOTEUR<br \/>\nZones en fibre de carbone, chaleur uniform\u00e9ment r\u00e9partie sur la poitrine, le dos et dans les poches avant;Grande autonomie : jusqu&#8217;\u00e0 8 heures de chaleur avec une seule batterie (en mode faible avec 2.0 Ah);Contr\u00f4le du niveau de chaleur par simple pression, 3 modes : temp\u00e9rature \u00e9lev\u00e9e, moyenne, basse;Mati\u00e8re TOUGHSHELL\u2122 : 90 % de polyester extensible et 10 % de spandex pour faire face aux conditions les plus exigeantes et \u00eatre jusqu&#8217;\u00e0 5 fois plus durable;Mobilit\u00e9 FREE FLEX\u2122 : mati\u00e8re suppl\u00e9mentaire sous les bras pour faciliter les mouvements;Nouvelle conception du support de batterie : positionn\u00e9 dans les poches avant ou arri\u00e8re pour plus de confort;Conception am\u00e9lior\u00e9e avec dos allong\u00e9 pour \u00e9viter la perte de chaleur;Support de batterie M12\u2122 avec entr\u00e9e USB pour charger ton t\u00e9l\u00e9phone portable;R\u00e9sistant \u00e0 l&#8217;eau et au vent : offre confort et durabilit\u00e9 m\u00eame dans les conditions les plus extr\u00eames;Grandes poches et poche poitrine suppl\u00e9mentaire, id\u00e9ales pour ranger ton t\u00e9l\u00e9phone portable;Fonctionne avec toutes les batteries MILWAUKEEE\u00ae M12\u2122;Disponible dans les tailles S-M-L-XL-2XL-3XL;Lavable en machine et s\u00e9chable \u00e0 l&#8217;air libre.<\/p>\n<p>4933479362<br \/>\n4058546371562<\/p>\n","protected":false},"excerpt":{"rendered":"<p>M12HJBL5-0(L) CARTER MOTEUR Zones en fibre de carbone, chaleur uniform\u00e9ment r\u00e9partie sur la poitrine, le dos et dans les poches<\/p>\n","protected":false},"featured_media":601120,"template":"","meta":{"_seopress_robots_primary_cat":"none","_seopress_titles_title":"","_seopress_titles_desc":"","_seopress_robots_index":""},"product_brand":[3407],"product_cat":[21,284,189,190],"product_tag":[],"class_list":{"0":"post-603428","1":"product","2":"type-product","3":"status-publish","4":"has-post-thumbnail","6":"product_brand-milwaukee","7":"product_cat-abbigliamento","8":"product_cat-abbigliamento-da-lavoro","9":"product_cat-abbigliamento-per-il-tempo-libero","10":"product_cat-abbigliamento-da-uomo","11":"sws-gruppo-abb-libero-fr","12":"sws-conto-ricavi-merci-rivendita-abbigliamento-fr","13":"sws-gruppo-iva-iva81-fr","15":"first","16":"instock","17":"shipping-taxable","18":"purchasable","19":"product-type-variable","20":"has-default-attributes"},"_links":{"self":[{"href":"https:\/\/lucacastelli.com\/fr\/wp-json\/wp\/v2\/product\/603428","targetHints":{"allow":["GET"]}}],"collection":[{"href":"https:\/\/lucacastelli.com\/fr\/wp-json\/wp\/v2\/product"}],"about":[{"href":"https:\/\/lucacastelli.com\/fr\/wp-json\/wp\/v2\/types\/product"}],"wp:featuredmedia":[{"embeddable":true,"href":"https:\/\/lucacastelli.com\/fr\/wp-json\/wp\/v2\/media\/601120"}],"wp:attachment":[{"href":"https:\/\/lucacastelli.com\/fr\/wp-json\/wp\/v2\/media?parent=603428"}],"wp:term":[{"taxonomy":"product_brand","embeddable":true,"href":"https:\/\/lucacastelli.com\/fr\/wp-json\/wp\/v2\/product_brand?post=603428"},{"taxonomy":"product_cat","embeddable":true,"href":"https:\/\/lucacastelli.com\/fr\/wp-json\/wp\/v2\/product_cat?post=603428"},{"taxonomy":"product_tag","embeddable":true,"href":"https:\/\/lucacastelli.com\/fr\/wp-json\/wp\/v2\/product_tag?post=603428"}],"curies":[{"name":"wp","href":"https:\/\/api.w.org\/{rel}","templated":true}]}}