{"id":603404,"date":"2025-08-10T18:55:34","date_gmt":"2025-08-10T16:55:34","guid":{"rendered":"https:\/\/lucacastelli.com\/prodotto\/milwaukee-kit-pour-cloisons-seches\/"},"modified":"2025-08-10T18:55:34","modified_gmt":"2025-08-10T16:55:34","slug":"milwaukee-kit-pour-cloisons-seches","status":"publish","type":"product","link":"https:\/\/lucacastelli.com\/fr\/produit\/milwaukee-kit-pour-cloisons-seches\/","title":{"rendered":"Milwaukee Kit pour cloisons s\u00e8ches"},"content":{"rendered":"<p>Kit pour cloisons s\u00e8ches<br \/>\n4932479783:Lame pour plaques de pl\u00e2tre de 150 mm : tr\u00e8s r\u00e9sistante et fine, permet une insertion facile dans le mur en plaques de pl\u00e2tre;caoutchout\u00e9e : augmente le confort d&#8217;utilisation;permet d&#8217;agrandir rapidement le trou et de chanfreiner les angles rugueux;48224530 :Cisaille pour coupes droites et obliques;Extra tranchant, pour un glissement facile de la lame sur le mat\u00e9riau sans bavures;Lame dent\u00e9e emp\u00eache de glisser lors de la coupe;Conception de l&#8217;outil \u00e0 levier pour r\u00e9duire la fatigue de la main lors de l&#8217;application, m\u00eame sur les mat\u00e9riaux \u00e9pais ;Le ressort \u00e0 l&#8217;int\u00e9rieur de l&#8217;outil facilite l&#8217;ouverture de la pince pour acc\u00e9l\u00e9rer l&#8217;action de coupe et r\u00e9duire la fatigue de l&#8217;utilisateur;Acier tremp\u00e9 pour plus de robustesse;Lames en m\u00e9tal extra r\u00e9sistant 65 HRC;M\u00e9canisme de d\u00e9verrouillage \u00e0 une main;Conception compacte;Identification \u00e0 3 couleurs.<\/p>\n<p>4932479784<br \/>\n4058546375782<\/p>\n","protected":false},"excerpt":{"rendered":"<p>Kit pour cloisons s\u00e8ches<\/p>\n","protected":false},"featured_media":544715,"template":"","meta":{"_seopress_robots_primary_cat":"","_seopress_titles_title":"","_seopress_titles_desc":"","_seopress_robots_index":""},"product_brand":[3407],"product_cat":[5416,33],"product_tag":[3270],"class_list":{"0":"post-603404","1":"product","2":"type-product","3":"status-publish","4":"has-post-thumbnail","6":"product_brand-milwaukee","7":"product_cat-utensili-per-officina","8":"product_cat-attrezzature","9":"product_tag-import-milwau","10":"sws-conto-ricavi-merci-rivendita-macchinari-fr","11":"sws-gruppo-iva-iva81-fr","13":"first","14":"onbackorder","15":"shipping-taxable","16":"purchasable","17":"product-type-simple"},"_links":{"self":[{"href":"https:\/\/lucacastelli.com\/fr\/wp-json\/wp\/v2\/product\/603404","targetHints":{"allow":["GET"]}}],"collection":[{"href":"https:\/\/lucacastelli.com\/fr\/wp-json\/wp\/v2\/product"}],"about":[{"href":"https:\/\/lucacastelli.com\/fr\/wp-json\/wp\/v2\/types\/product"}],"wp:featuredmedia":[{"embeddable":true,"href":"https:\/\/lucacastelli.com\/fr\/wp-json\/wp\/v2\/media\/544715"}],"wp:attachment":[{"href":"https:\/\/lucacastelli.com\/fr\/wp-json\/wp\/v2\/media?parent=603404"}],"wp:term":[{"taxonomy":"product_brand","embeddable":true,"href":"https:\/\/lucacastelli.com\/fr\/wp-json\/wp\/v2\/product_brand?post=603404"},{"taxonomy":"product_cat","embeddable":true,"href":"https:\/\/lucacastelli.com\/fr\/wp-json\/wp\/v2\/product_cat?post=603404"},{"taxonomy":"product_tag","embeddable":true,"href":"https:\/\/lucacastelli.com\/fr\/wp-json\/wp\/v2\/product_tag?post=603404"}],"curies":[{"name":"wp","href":"https:\/\/api.w.org\/{rel}","templated":true}]}}