{"id":603403,"date":"2025-08-10T18:54:13","date_gmt":"2025-08-10T16:54:13","guid":{"rendered":"https:\/\/lucacastelli.com\/prodotto\/milwaukee-longe-de-securite-retractable\/"},"modified":"2025-08-10T18:54:13","modified_gmt":"2025-08-10T16:54:13","slug":"milwaukee-longe-de-securite-retractable","status":"publish","type":"product","link":"https:\/\/lucacastelli.com\/fr\/produit\/milwaukee-longe-de-securite-retractable\/","title":{"rendered":"Milwaukee &#8211; Longe de s\u00e9curit\u00e9 r\u00e9tractable"},"content":{"rendered":"<p>2.2 kg Connect Retrac.Tool Lanyard -1pc<br \/>\nSe r\u00e9tracte automatiquement, 127 cm \u00e0 partir de l&#8217;extension;Mousqueton \u00e0 double verrouillage pour une prise s\u00fbre;Prise ferme et contr\u00f4le maximal pendant l&#8217;utilisation;Mousqueton \u00e0 d\u00e9gagement rapide avec \u0153illet pivotant \u00e0 360\u00b0 emp\u00eache l&#8217;enchev\u00eatrement et am\u00e9liore la mobilit\u00e9 de l&#8217;op\u00e9rateur;Diff\u00e9rentes couleurs identifient la capacit\u00e9 de r\u00e9tention de la longe;Grande polyvalence. Gr\u00e2ce aux accessoires, les outils peuvent \u00eatre connect\u00e9s \u00e0 la longe de maintien<\/p>\n<p>4932472106<br \/>\n4058546325022<\/p>\n","protected":false},"excerpt":{"rendered":"<p>2.2 kg Connect Retrac.Tool Lanyard -1pc<\/p>\n","protected":false},"featured_media":538978,"template":"","meta":{"_seopress_robots_primary_cat":"","_seopress_titles_title":"","_seopress_titles_desc":"","_seopress_robots_index":""},"product_brand":[3407],"product_cat":[5416,33],"product_tag":[3270],"class_list":{"0":"post-603403","1":"product","2":"type-product","3":"status-publish","4":"has-post-thumbnail","6":"product_brand-milwaukee","7":"product_cat-utensili-per-officina","8":"product_cat-attrezzature","9":"product_tag-import-milwau","10":"sws-conto-ricavi-merci-rivendita-macchinari-fr","11":"sws-gruppo-iva-iva81-fr","13":"first","14":"onbackorder","15":"shipping-taxable","16":"purchasable","17":"product-type-simple"},"_links":{"self":[{"href":"https:\/\/lucacastelli.com\/fr\/wp-json\/wp\/v2\/product\/603403","targetHints":{"allow":["GET"]}}],"collection":[{"href":"https:\/\/lucacastelli.com\/fr\/wp-json\/wp\/v2\/product"}],"about":[{"href":"https:\/\/lucacastelli.com\/fr\/wp-json\/wp\/v2\/types\/product"}],"wp:featuredmedia":[{"embeddable":true,"href":"https:\/\/lucacastelli.com\/fr\/wp-json\/wp\/v2\/media\/538978"}],"wp:attachment":[{"href":"https:\/\/lucacastelli.com\/fr\/wp-json\/wp\/v2\/media?parent=603403"}],"wp:term":[{"taxonomy":"product_brand","embeddable":true,"href":"https:\/\/lucacastelli.com\/fr\/wp-json\/wp\/v2\/product_brand?post=603403"},{"taxonomy":"product_cat","embeddable":true,"href":"https:\/\/lucacastelli.com\/fr\/wp-json\/wp\/v2\/product_cat?post=603403"},{"taxonomy":"product_tag","embeddable":true,"href":"https:\/\/lucacastelli.com\/fr\/wp-json\/wp\/v2\/product_tag?post=603403"}],"curies":[{"name":"wp","href":"https:\/\/api.w.org\/{rel}","templated":true}]}}