{"id":603395,"date":"2025-08-10T18:50:57","date_gmt":"2025-08-10T16:50:57","guid":{"rendered":"https:\/\/lucacastelli.com\/prodotto\/milwaukee-m12-fuel-compact-drill-driver-perceuse-visseuse\/"},"modified":"2025-08-10T18:50:57","modified_gmt":"2025-08-10T16:50:57","slug":"milwaukee-m12-fuel-compact-drill-driver-perceuse-visseuse","status":"publish","type":"product","link":"https:\/\/lucacastelli.com\/fr\/produit\/milwaukee-m12-fuel-compact-drill-driver-perceuse-visseuse\/","title":{"rendered":"Milwaukee M12 FUEL\u2122 Compact Drill Driver (perceuse-visseuse)"},"content":{"rendered":"<p>M12 FDD2-402X\/TRAPANI<br \/>\nConception extr\u00eamement compacte (151 mm) pour un acc\u00e8s dans les espaces restreints;Couple de 45 Nm &#8211; Excellent rapport couple\/taille;Mandrin m\u00e9tallique robuste de 13 mm qui maintient les embouts ou les m\u00e8ches en toute s\u00e9curit\u00e9, ce qui facilite le remplacement;Embrayage m\u00e9canique avec 13 r\u00e9glages, s\u00e9lecteur marteau\/tampon;Clip de ceinture et lumi\u00e8re LED;Notre plateforme FUEL\u2122 DNA red\u00e9finit la technologie sans fil. Le moteur sans balai POWERSTATE\u2122, les batteries REDLITHIUM\u2122 et l&#8217;\u00e9lectronique intelligente REDLINK PLUS\u2122 offrent une puissance, une autonomie et une durabilit\u00e9 in\u00e9gal\u00e9es;Compatible avec toutes les batteries de la plateforme M12\u2122. <\/p>\n<p>4933479874<br \/>\n4058546376680<\/p>\n","protected":false},"excerpt":{"rendered":"<p>M12 FDD2-402X\/PERCEUSES<\/p>\n","protected":false},"featured_media":581909,"template":"","meta":{"_seopress_robots_primary_cat":"","_seopress_titles_title":"","_seopress_titles_desc":"","_seopress_robots_index":""},"product_brand":[3407],"product_cat":[29,514,549],"product_tag":[3270],"class_list":{"0":"post-603395","1":"product","2":"type-product","3":"status-publish","4":"has-post-thumbnail","6":"product_brand-milwaukee","7":"product_cat-macchinari","8":"product_cat-altri-dispositivi","9":"product_cat-trapani-e-avvitatori","10":"product_tag-import-milwau","11":"sws-conto-ricavi-merci-rivendita-macchinari-fr","12":"sws-gruppo-iva-iva81-fr","14":"first","15":"onbackorder","16":"shipping-taxable","17":"purchasable","18":"product-type-simple"},"_links":{"self":[{"href":"https:\/\/lucacastelli.com\/fr\/wp-json\/wp\/v2\/product\/603395","targetHints":{"allow":["GET"]}}],"collection":[{"href":"https:\/\/lucacastelli.com\/fr\/wp-json\/wp\/v2\/product"}],"about":[{"href":"https:\/\/lucacastelli.com\/fr\/wp-json\/wp\/v2\/types\/product"}],"wp:featuredmedia":[{"embeddable":true,"href":"https:\/\/lucacastelli.com\/fr\/wp-json\/wp\/v2\/media\/581909"}],"wp:attachment":[{"href":"https:\/\/lucacastelli.com\/fr\/wp-json\/wp\/v2\/media?parent=603395"}],"wp:term":[{"taxonomy":"product_brand","embeddable":true,"href":"https:\/\/lucacastelli.com\/fr\/wp-json\/wp\/v2\/product_brand?post=603395"},{"taxonomy":"product_cat","embeddable":true,"href":"https:\/\/lucacastelli.com\/fr\/wp-json\/wp\/v2\/product_cat?post=603395"},{"taxonomy":"product_tag","embeddable":true,"href":"https:\/\/lucacastelli.com\/fr\/wp-json\/wp\/v2\/product_tag?post=603395"}],"curies":[{"name":"wp","href":"https:\/\/api.w.org\/{rel}","templated":true}]}}