{"id":603389,"date":"2025-08-10T18:49:31","date_gmt":"2025-08-10T16:49:31","guid":{"rendered":"https:\/\/lucacastelli.com\/prodotto\/milwaukee-lampe-de-controle-des-couleurs-1-000l-m12\/"},"modified":"2025-08-10T18:49:31","modified_gmt":"2025-08-10T16:49:31","slug":"milwaukee-lampe-de-controle-des-couleurs-1-000l-m12","status":"publish","type":"product","link":"https:\/\/lucacastelli.com\/fr\/produit\/milwaukee-lampe-de-controle-des-couleurs-1-000l-m12\/","title":{"rendered":"Milwaukee Lampe de contr\u00f4le des couleurs 1 000L M12\u2122"},"content":{"rendered":"<p>Lampe de contr\u00f4le des couleurs 1 000L M12\u2122<br \/>\nM12CML-0 BATTERY LAMP<br \/>\nTRUEVIEW\u2122 \u00e9clairage haute d\u00e9finition : 1 000 lumens;Indice de rendu des couleurs 98+, pour un contr\u00f4le pr\u00e9cis et fiable des couleurs;5 modes de temp\u00e9rature diff\u00e9rents (2 700K &#8211; 3 500K &#8211; 4.500K &#8211; 5,500K &#8211; 6,500K), pour reproduire le rendement de la lumi\u00e8re du soleil;Jusqu&#8217;\u00e0 12 heures d&#8217;autonomie de la batterie (4,0 Ah);Indice de protection IP54, r\u00e9sistant aux chutes de 2 m\u00e8tres;\u00c9quip\u00e9 d&#8217;aimants;Fonctionne avec toutes les batteries M12\u2122 Milwaukee<\/p>\n<p>4933478867<br \/>\n4058546361495.<\/p>\n","protected":false},"excerpt":{"rendered":"<p>M12CML-0 LAMPE \u00c0 PILE<\/p>\n","protected":false},"featured_media":592818,"template":"","meta":{"_seopress_robots_primary_cat":"","_seopress_titles_title":"","_seopress_titles_desc":"","_seopress_robots_index":""},"product_brand":[3407],"product_cat":[5531,29],"product_tag":[3270],"class_list":{"0":"post-603389","1":"product","2":"type-product","3":"status-publish","4":"has-post-thumbnail","6":"product_brand-milwaukee","7":"product_cat-vari-macchinari-milwaukee","8":"product_cat-macchinari","9":"product_tag-import-milwau","10":"sws-conto-ricavi-merci-rivendita-macchinari-fr","11":"sws-gruppo-iva-iva81-fr","13":"first","14":"onbackorder","15":"shipping-taxable","16":"purchasable","17":"product-type-simple"},"_links":{"self":[{"href":"https:\/\/lucacastelli.com\/fr\/wp-json\/wp\/v2\/product\/603389","targetHints":{"allow":["GET"]}}],"collection":[{"href":"https:\/\/lucacastelli.com\/fr\/wp-json\/wp\/v2\/product"}],"about":[{"href":"https:\/\/lucacastelli.com\/fr\/wp-json\/wp\/v2\/types\/product"}],"wp:featuredmedia":[{"embeddable":true,"href":"https:\/\/lucacastelli.com\/fr\/wp-json\/wp\/v2\/media\/592818"}],"wp:attachment":[{"href":"https:\/\/lucacastelli.com\/fr\/wp-json\/wp\/v2\/media?parent=603389"}],"wp:term":[{"taxonomy":"product_brand","embeddable":true,"href":"https:\/\/lucacastelli.com\/fr\/wp-json\/wp\/v2\/product_brand?post=603389"},{"taxonomy":"product_cat","embeddable":true,"href":"https:\/\/lucacastelli.com\/fr\/wp-json\/wp\/v2\/product_cat?post=603389"},{"taxonomy":"product_tag","embeddable":true,"href":"https:\/\/lucacastelli.com\/fr\/wp-json\/wp\/v2\/product_tag?post=603389"}],"curies":[{"name":"wp","href":"https:\/\/api.w.org\/{rel}","templated":true}]}}