{"id":603386,"date":"2025-08-10T18:49:09","date_gmt":"2025-08-10T16:49:09","guid":{"rendered":"https:\/\/lucacastelli.com\/prodotto\/milwaukee-ponceuse-a-bande-100mm\/"},"modified":"2025-08-10T18:49:09","modified_gmt":"2025-08-10T16:49:09","slug":"milwaukee-ponceuse-a-bande-100mm","status":"publish","type":"product","link":"https:\/\/lucacastelli.com\/fr\/produit\/milwaukee-ponceuse-a-bande-100mm\/","title":{"rendered":"Milwaukee Ponceuse \u00e0 bande 100mm"},"content":{"rendered":"<p>BS 100 LE \/ PONCEUSE<br \/>\nConception compacte id\u00e9ale pour une utilisation dans les espaces restreints;Grande surface de pon\u00e7age 100 x 160 mm pour un travail plus rapide et plus efficace;R\u00e9glage de la vitesse;Guide pour un alignement pr\u00e9cis de la bande;Syst\u00e8me d&#8217;aspiration int\u00e9gr\u00e9 avec turbine et sac de r\u00e9cup\u00e9ration pour un travail propre et pr\u00e9cis;Remplacement facile de la bande abrasive;Possibilit\u00e9 d&#8217;utilisation stationnaire<\/p>\n<p>4933385150<\/p>\n","protected":false},"excerpt":{"rendered":"<p>BS 100 LE\/SANDERS<\/p>\n","protected":false},"featured_media":568479,"template":"","meta":{"_seopress_robots_primary_cat":"","_seopress_titles_title":"","_seopress_titles_desc":"","_seopress_robots_index":""},"product_brand":[3658],"product_cat":[5532,167],"product_tag":[3273],"class_list":{"0":"post-603386","1":"product","2":"type-product","3":"status-publish","4":"has-post-thumbnail","6":"product_brand-milwaukee-fr","7":"product_cat-diverses-machines-milwaukee","8":"product_cat-machines","9":"product_tag-import-milwau-fr","10":"sws-conto-ricavi-merci-rivendita-macchinari-fr","11":"sws-gruppo-iva-iva81-fr","13":"first","14":"onbackorder","15":"shipping-taxable","16":"purchasable","17":"product-type-simple"},"_links":{"self":[{"href":"https:\/\/lucacastelli.com\/fr\/wp-json\/wp\/v2\/product\/603386","targetHints":{"allow":["GET"]}}],"collection":[{"href":"https:\/\/lucacastelli.com\/fr\/wp-json\/wp\/v2\/product"}],"about":[{"href":"https:\/\/lucacastelli.com\/fr\/wp-json\/wp\/v2\/types\/product"}],"wp:featuredmedia":[{"embeddable":true,"href":"https:\/\/lucacastelli.com\/fr\/wp-json\/wp\/v2\/media\/568479"}],"wp:attachment":[{"href":"https:\/\/lucacastelli.com\/fr\/wp-json\/wp\/v2\/media?parent=603386"}],"wp:term":[{"taxonomy":"product_brand","embeddable":true,"href":"https:\/\/lucacastelli.com\/fr\/wp-json\/wp\/v2\/product_brand?post=603386"},{"taxonomy":"product_cat","embeddable":true,"href":"https:\/\/lucacastelli.com\/fr\/wp-json\/wp\/v2\/product_cat?post=603386"},{"taxonomy":"product_tag","embeddable":true,"href":"https:\/\/lucacastelli.com\/fr\/wp-json\/wp\/v2\/product_tag?post=603386"}],"curies":[{"name":"wp","href":"https:\/\/api.w.org\/{rel}","templated":true}]}}